{"id":2042,"date":"2022-06-17T09:33:01","date_gmt":"2022-06-17T09:33:01","guid":{"rendered":"https:\/\/lunarcablepark.com\/services\/"},"modified":"2022-09-16T09:39:54","modified_gmt":"2022-09-16T09:39:54","slug":"services","status":"publish","type":"page","link":"https:\/\/lunarcablepark.com\/fr\/services\/","title":{"rendered":"SERVICES"},"content":{"rendered":"\n\t<section class=\"section\" id=\"section_1791809473\">\n\t\t<div class=\"bg section-bg fill bg-fill  \" >\n\n\t\t\t\n\t\t\t<div class=\"section-bg-overlay absolute fill\"><\/div>\n\t\t\t\n\n\t\t<\/div>\n\n\t\t\n\n\t\t<div class=\"section-content relative\">\n\t\t\t\n\n<div class=\"row row-collapse\" style=\"max-width:1300px\" id=\"row-852491339\">\n\n\n\t<div id=\"col-1174905298\" class=\"col medium-7 small-12 large-7\"  >\n\t\t\t\t<div class=\"col-inner\"  >\n\t\t\t\n\t\t\t\n\n\t<div id=\"gap-832624631\" class=\"gap-element clearfix\" style=\"display:block; height:auto;\">\n\t\t\n<style>\n#gap-832624631 {\n  padding-top: 20px;\n}\n<\/style>\n\t<\/div>\n\t\n\n\t<div id=\"text-282149443\" class=\"text\">\n\t\t\n\n<h6 class=\"uppercase\"><strong>ACTIVIT\u00c9S EN LUNAR<\/strong><\/h3>\n\t\t\n<style>\n#text-282149443 {\n  color: rgb(255,255,255);\n}\n#text-282149443 > * {\n  color: rgb(255,255,255);\n}\n<\/style>\n\t<\/div>\n\t\n\t<div id=\"gap-1886464088\" class=\"gap-element clearfix\" style=\"display:block; height:auto;\">\n\t\t\n<style>\n#gap-1886464088 {\n  padding-top: 5px;\n}\n<\/style>\n\t<\/div>\n\t\n\n\t<div id=\"text-992921642\" class=\"text\">\n\t\t\n\n<h2 style=\"font-weight:300;\">Ax\u00e9 sur notre passion pour les sports nautiques et la communaut\u00e9!<\/h2>\n\t\t\n<style>\n#text-992921642 {\n  font-size: 1.2rem;\n  color: rgb(255,255,255);\n}\n#text-992921642 > * {\n  color: rgb(255,255,255);\n}\n<\/style>\n\t<\/div>\n\t\n\t<div id=\"gap-960189389\" class=\"gap-element clearfix\" style=\"display:block; height:auto;\">\n\t\t\n<style>\n#gap-960189389 {\n  padding-top: 5px;\n}\n<\/style>\n\t<\/div>\n\t\n\n\t<div id=\"text-1961665629\" class=\"text\">\n\t\t\n\n<p>Nous nous effor\u00e7ons d&rsquo;offrir des activit\u00e9s qui r\u00e9pondent aux besoins de ceux qui aiment un style de vie actif, des sportifs et athl\u00e8tes ax\u00e9s sur la performance, aux familles qui cherchent \u00e0 profiter du climat chaud de la M\u00e9diterran\u00e9e.<\/p>\n\t\t\n<style>\n#text-1961665629 {\n  font-size: 1.1rem;\n  color: rgb(255,255,255);\n}\n#text-1961665629 > * {\n  color: rgb(255,255,255);\n}\n<\/style>\n\t<\/div>\n\t\n\n\t\t<\/div>\n\t\t\t\t\t<\/div>\n\n\t\n\n<\/div>\n\n\t\t<\/div>\n\n\t\t\n<style>\n#section_1791809473 {\n  padding-top: 0px;\n  padding-bottom: 0px;\n  min-height: 500px;\n}\n#section_1791809473 .section-bg-overlay {\n  background-color: rgba(0, 0, 0, 0.25);\n}\n#section_1791809473 .section-bg.bg-loaded {\n  background-image: url(https:\/\/lunarcablepark.com\/wp-content\/uploads\/2022\/06\/lunar-cable-noche.jpg);\n}\n<\/style>\n\t<\/section>\n\t\n\t<section class=\"section\" id=\"section_1822706603\">\n\t\t<div class=\"bg section-bg fill bg-fill  bg-loaded\" >\n\n\t\t\t\n\t\t\t\n\t\t\t\n\n\t\t<\/div>\n\n\t\t\n\n\t\t<div class=\"section-content relative\">\n\t\t\t\n\n\t<div id=\"gap-490501157\" class=\"gap-element clearfix\" style=\"display:block; height:auto;\">\n\t\t\n<style>\n#gap-490501157 {\n  padding-top: 30px;\n}\n<\/style>\n\t<\/div>\n\t\n\n<div class=\"row align-middle\" style=\"max-width:1300px\" id=\"row-866106831\">\n\n\n\t<div id=\"col-1769827320\" class=\"col medium-5 small-12 large-5\"  data-animate=\"fadeInUp\">\n\t\t\t\t<div class=\"col-inner\"  >\n\t\t\t\n\t\t\t\n\n\t<div class=\"img has-hover x md-x lg-x y md-y lg-y\" id=\"image_1355348998\">\n\t\t\t\t\t\t\t\t<div class=\"img-inner dark\" >\n\t\t\t<img width=\"750\" height=\"500\" src=\"https:\/\/lunarcablepark.com\/wp-content\/uploads\/2022\/06\/AGOverview.jpg\" class=\"attachment-original size-original\" alt=\"\" decoding=\"async\" loading=\"lazy\" srcset=\"https:\/\/lunarcablepark.com\/wp-content\/uploads\/2022\/06\/AGOverview.jpg 750w, https:\/\/lunarcablepark.com\/wp-content\/uploads\/2022\/06\/AGOverview-600x400.jpg 600w\" sizes=\"(max-width: 750px) 100vw, 750px\" \/>\t\t\t\t\t\t\n\t\t\t\t\t<\/div>\n\t\t\t\t\t\t\t\t\n<style>\n#image_1355348998 {\n  width: 100%;\n}\n<\/style>\n\t<\/div>\n\t\n\n\n\t\t<\/div>\n\t\t\t\t\t<\/div>\n\n\t\n\n\t<div id=\"col-1666668377\" class=\"col medium-7 small-12 large-7\"  data-animate=\"fadeInDown\">\n\t\t\t\t<div class=\"col-inner\"  >\n\t\t\t\n\t\t\t\n\n<h2 style=\"font-weight: 300;\"><u>AQUA GLIDE<\/u><\/h2>\n<p>Rafra\u00eechissez-vous par une chaude journ\u00e9e et mettez-vous au d\u00e9fi en naviguant sur notre parcours d&rsquo;obstacles flottants. Ouvert \u00e0 tous \u00e0 partir de 5 ans et d&rsquo;une capacit\u00e9 de 90 personnes, notre Aqua Glide est une aventure aquatique unique \u00e0 faire individuellement, en famille ou en groupe. <\/p>\n<p>Avant de commencer, le personnel Lunar vous \u00e9quipera d&rsquo;un gilet de sauvetage et des directives pour rester en s\u00e9curit\u00e9 et \u00e0 l&rsquo;aise dans l&rsquo;eau. <\/p>\n<p>\u00c9crivez-nous pour organiser un \u00e9v\u00e9nement, une f\u00eate ou un d\u00e9fi Aqua Glide pour votre groupe!<\/p>\n\n<a href=\"https:\/\/lunarcablepark.com\/fr\/aqua-slide\/\" target=\"_self\" class=\"button primary is-underline\"  >\n    <span>voir plus<\/span>\n  <\/a>\n\n\n\n\t\t<\/div>\n\t\t\t\t\t<\/div>\n\n\t\n\n<\/div>\n\t<div id=\"gap-1610950189\" class=\"gap-element clearfix\" style=\"display:block; height:auto;\">\n\t\t\n<style>\n#gap-1610950189 {\n  padding-top: 70px;\n}\n<\/style>\n\t<\/div>\n\t\n\n<div class=\"row align-middle\" style=\"max-width:1300px\" id=\"row-1432131020\">\n\n\n\t<div id=\"col-1842320478\" class=\"col medium-7 small-12 large-7\"  data-animate=\"fadeInLeft\">\n\t\t\t\t<div class=\"col-inner\"  >\n\t\t\t\n\t\t\t\n\n<h2 style=\"font-weight: 300;\"><u>KAYAK<\/u><\/h2>\n<p>Montez \u00e0 bord de l&rsquo;un de nos kayaks pour une s\u00e9ance de pagayage exaltante ou une promenade relaxante sur l&rsquo;eau au soleil. Nous avons marqu\u00e9 et d\u00e9sign\u00e9 des zones d&#8217;embarquement et de d\u00e9barquement pour vous aider \u00e0 naviguer facilement sur l&rsquo;eau. <\/p>\n<p>Si vous souhaitez travailler vos comp\u00e9tences et votre technique, demandez de l&rsquo;aide \u00e0 l&rsquo;un de nos membres du personnel ou entra\u00eeneurs &#8211; nous sommes toujours heureux de vous aider! Et rappelez-vous, vous pouvez r\u00e9server une session de formation avec nous pour tirer le meilleur parti de votre exp\u00e9rience.<\/p>\n<a href=\"https:\/\/lunarcablepark.com\/fr\/kayak\/\" target=\"_self\" class=\"button primary is-underline\"  >\n    <span>voir plus<\/span>\n  <\/a>\n\n\n\n\t\t<\/div>\n\t\t\t\t\t<\/div>\n\n\t\n\n\t<div id=\"col-120265035\" class=\"col medium-5 small-12 large-5\"  data-animate=\"fadeInRight\">\n\t\t\t\t<div class=\"col-inner\"  >\n\t\t\t\n\t\t\t\n\n\t<div class=\"img has-hover x md-x lg-x y md-y lg-y\" id=\"image_212790619\">\n\t\t\t\t\t\t\t\t<div class=\"img-inner dark\" >\n\t\t\t<img width=\"750\" height=\"500\" src=\"https:\/\/lunarcablepark.com\/wp-content\/uploads\/2022\/06\/Kayak-doublekids.jpg\" class=\"attachment-original size-original\" alt=\"\" decoding=\"async\" loading=\"lazy\" srcset=\"https:\/\/lunarcablepark.com\/wp-content\/uploads\/2022\/06\/Kayak-doublekids.jpg 750w, https:\/\/lunarcablepark.com\/wp-content\/uploads\/2022\/06\/Kayak-doublekids-600x400.jpg 600w\" sizes=\"(max-width: 750px) 100vw, 750px\" \/>\t\t\t\t\t\t\n\t\t\t\t\t<\/div>\n\t\t\t\t\t\t\t\t\n<style>\n#image_212790619 {\n  width: 100%;\n}\n<\/style>\n\t<\/div>\n\t\n\n\n\t\t<\/div>\n\t\t\t\t\t<\/div>\n\n\t\n\n<\/div>\n\t<div id=\"gap-1923792308\" class=\"gap-element clearfix\" style=\"display:block; height:auto;\">\n\t\t\n<style>\n#gap-1923792308 {\n  padding-top: 70px;\n}\n<\/style>\n\t<\/div>\n\t\n\n<div class=\"row align-middle\" style=\"max-width:1300px\" id=\"row-2016799826\">\n\n\n\t<div id=\"col-202093965\" class=\"col medium-5 small-12 large-5\"  data-animate=\"fadeInUp\">\n\t\t\t\t<div class=\"col-inner\"  >\n\t\t\t\n\t\t\t\n\n\t<div class=\"img has-hover x md-x lg-x y md-y lg-y\" id=\"image_700453862\">\n\t\t\t\t\t\t\t\t<div class=\"img-inner dark\" >\n\t\t\t<img width=\"750\" height=\"500\" src=\"https:\/\/lunarcablepark.com\/wp-content\/uploads\/2022\/06\/SUPfeet.jpg\" class=\"attachment-original size-original\" alt=\"\" decoding=\"async\" loading=\"lazy\" srcset=\"https:\/\/lunarcablepark.com\/wp-content\/uploads\/2022\/06\/SUPfeet.jpg 750w, https:\/\/lunarcablepark.com\/wp-content\/uploads\/2022\/06\/SUPfeet-600x400.jpg 600w\" sizes=\"(max-width: 750px) 100vw, 750px\" \/>\t\t\t\t\t\t\n\t\t\t\t\t<\/div>\n\t\t\t\t\t\t\t\t\n<style>\n#image_700453862 {\n  width: 100%;\n}\n<\/style>\n\t<\/div>\n\t\n\n\n\t\t<\/div>\n\t\t\t\t\t<\/div>\n\n\t\n\n\t<div id=\"col-2060631327\" class=\"col medium-7 small-12 large-7\"  data-animate=\"fadeInDown\">\n\t\t\t\t<div class=\"col-inner\"  >\n\t\t\t\n\t\t\t\n\n<h2 style=\"font-weight: 300;\"><u>SUP<\/u><\/h2>\n<p>Votre v\u00e9hicule est une planche de paddle surf, votre place est le monde et tous les \u00e9l\u00e9ments se sont invit\u00e9s. Trouvez la tranquillit\u00e9 et l&rsquo;\u00e9quilibre pour atteindre l&rsquo;harmonie avec les mouvements de votre planche.<\/p>\n<p>Nos planches de SUP sont fournies par Jobe, ce qui signifie qu&rsquo;elles sont flottantes, l\u00e9g\u00e8res et qu&rsquo;elles ont des \u00e9l\u00e9ments pour vous maintenir attach\u00e9 \u00e0 votre planche.<\/p>\n<p>Restez \u00e0 l&rsquo;\u00e9coute de nos r\u00e9seaux sociaux o\u00f9 vous aurez l&rsquo;opportunit\u00e9 de rejoindre l&rsquo;un de nos cours de SUP yoga!<\/p>\n<a href=\"https:\/\/lunarcablepark.com\/fr\/paddle-surf\/\" target=\"_self\" class=\"button primary is-underline\"  >\n    <span>voir plus<\/span>\n  <\/a>\n\n\n\n\t\t<\/div>\n\t\t\t\t\t<\/div>\n\n\t\n\n<\/div>\n\t<div id=\"gap-1141262356\" class=\"gap-element clearfix\" style=\"display:block; height:auto;\">\n\t\t\n<style>\n#gap-1141262356 {\n  padding-top: 70px;\n}\n<\/style>\n\t<\/div>\n\t\n\n<div class=\"row align-middle\" style=\"max-width:1300px\" id=\"row-844241890\">\n\n\n\t<div id=\"col-801041381\" class=\"col medium-7 small-12 large-7\"  data-animate=\"fadeInLeft\">\n\t\t\t\t<div class=\"col-inner\"  >\n\t\t\t\n\t\t\t\n\n<h2 style=\"font-weight: 300;\"><u>PARC NINJA<\/u><\/h2>\n<p>Notre soi-disant \u00ab\u00a0Ninja Park\u00a0\u00bb est une zone d&rsquo;entra\u00eenement en plein air qui offre une gamme passionnante d&rsquo;activit\u00e9s pour tester votre endurance, votre force et votre ing\u00e9niosit\u00e9 dans la planification d&rsquo;un circuit d&rsquo;entra\u00eenement exigeant. <\/p>\n<p>Le parc est particuli\u00e8rement bon pour l&rsquo;entra\u00eenement de gymnastique su\u00e9doise. d&rsquo;entra\u00eenement complet du corps (1) favorise la conscience de soi et la stabilit\u00e9 du corps, (2) engage et renforce chaque groupe musculaire, (3) et \u00e9largit la polyvalence des comp\u00e9tences que vous pourriez utiliser pour augmenter vos performances dans d&rsquo;autres sports.<\/p>\n<a href=\"https:\/\/lunarcablepark.com\/fr\/parque-ninja\/\" target=\"_self\" class=\"button primary is-underline\"  >\n    <span>voir plus<\/span>\n  <\/a>\n\n\n\n\t\t<\/div>\n\t\t\t\t\t<\/div>\n\n\t\n\n\t<div id=\"col-894615005\" class=\"col medium-5 small-12 large-5\"  data-animate=\"fadeInRight\">\n\t\t\t\t<div class=\"col-inner\"  >\n\t\t\t\n\t\t\t\n\n\t<div class=\"img has-hover x md-x lg-x y md-y lg-y\" id=\"image_903086078\">\n\t\t\t\t\t\t\t\t<div class=\"img-inner dark\" >\n\t\t\t<img width=\"750\" height=\"500\" src=\"https:\/\/lunarcablepark.com\/wp-content\/uploads\/2022\/06\/Ninja1.jpg\" class=\"attachment-original size-original\" alt=\"\" decoding=\"async\" loading=\"lazy\" srcset=\"https:\/\/lunarcablepark.com\/wp-content\/uploads\/2022\/06\/Ninja1.jpg 750w, https:\/\/lunarcablepark.com\/wp-content\/uploads\/2022\/06\/Ninja1-600x400.jpg 600w\" sizes=\"(max-width: 750px) 100vw, 750px\" \/>\t\t\t\t\t\t\n\t\t\t\t\t<\/div>\n\t\t\t\t\t\t\t\t\n<style>\n#image_903086078 {\n  width: 100%;\n}\n<\/style>\n\t<\/div>\n\t\n\n\n\t\t<\/div>\n\t\t\t\t\t<\/div>\n\n\t\n\n<\/div>\n\t<div id=\"gap-673745952\" class=\"gap-element clearfix\" style=\"display:block; height:auto;\">\n\t\t\n<style>\n#gap-673745952 {\n  padding-top: 70px;\n}\n<\/style>\n\t<\/div>\n\t\n\n<div class=\"row align-middle\" style=\"max-width:1300px\" id=\"row-229703839\">\n\n\n\t<div id=\"col-2050398179\" class=\"col medium-5 small-12 large-5\"  data-animate=\"fadeInUp\">\n\t\t\t\t<div class=\"col-inner\"  >\n\t\t\t\n\t\t\t\n\n<div class=\"slider-wrapper relative\" id=\"slider-167225660\" >\n    <div class=\"slider slider-nav-circle slider-nav-large slider-nav-light slider-style-normal slider-show-nav\"\n        data-flickity-options='{\n            \"cellAlign\": \"center\",\n            \"imagesLoaded\": true,\n            \"lazyLoad\": 1,\n            \"freeScroll\": false,\n            \"wrapAround\": true,\n            \"autoPlay\": 6000,\n            \"pauseAutoPlayOnHover\" : true,\n            \"prevNextButtons\": true,\n            \"contain\" : true,\n            \"adaptiveHeight\" : true,\n            \"dragThreshold\" : 10,\n            \"percentPosition\": true,\n            \"pageDots\": false,\n            \"rightToLeft\": false,\n            \"draggable\": true,\n            \"selectedAttraction\": 0.1,\n            \"parallax\" : 0,\n            \"friction\": 0.6        }'\n        >\n        \n\n\t<div class=\"img has-hover x md-x lg-x y md-y lg-y\" id=\"image_1235943772\">\n\t\t\t\t\t\t\t\t<div class=\"img-inner dark\" >\n\t\t\t<img width=\"750\" height=\"500\" src=\"https:\/\/lunarcablepark.com\/wp-content\/uploads\/2022\/06\/BYOA-yogawinstructor-1.jpg\" class=\"attachment-original size-original\" alt=\"\" decoding=\"async\" loading=\"lazy\" srcset=\"https:\/\/lunarcablepark.com\/wp-content\/uploads\/2022\/06\/BYOA-yogawinstructor-1.jpg 750w, https:\/\/lunarcablepark.com\/wp-content\/uploads\/2022\/06\/BYOA-yogawinstructor-1-600x400.jpg 600w\" sizes=\"(max-width: 750px) 100vw, 750px\" \/>\t\t\t\t\t\t\n\t\t\t\t\t<\/div>\n\t\t\t\t\t\t\t\t\n<style>\n#image_1235943772 {\n  width: 100%;\n}\n<\/style>\n\t<\/div>\n\t\n\n\t<div class=\"img has-hover x md-x lg-x y md-y lg-y\" id=\"image_2098109244\">\n\t\t\t\t\t\t\t\t<div class=\"img-inner dark\" >\n\t\t\t<img width=\"750\" height=\"500\" src=\"https:\/\/lunarcablepark.com\/wp-content\/uploads\/2022\/06\/BYOA-Boxing.jpg\" class=\"attachment-original size-original\" alt=\"\" decoding=\"async\" loading=\"lazy\" srcset=\"https:\/\/lunarcablepark.com\/wp-content\/uploads\/2022\/06\/BYOA-Boxing.jpg 750w, https:\/\/lunarcablepark.com\/wp-content\/uploads\/2022\/06\/BYOA-Boxing-600x400.jpg 600w\" sizes=\"(max-width: 750px) 100vw, 750px\" \/>\t\t\t\t\t\t\n\t\t\t\t\t<\/div>\n\t\t\t\t\t\t\t\t\n<style>\n#image_2098109244 {\n  width: 100%;\n}\n<\/style>\n\t<\/div>\n\t\n\n\t<div class=\"img has-hover x md-x lg-x y md-y lg-y\" id=\"image_619856599\">\n\t\t\t\t\t\t\t\t<div class=\"img-inner dark\" >\n\t\t\t<img width=\"750\" height=\"500\" src=\"https:\/\/lunarcablepark.com\/wp-content\/uploads\/2022\/06\/BYOA-TugofWar.jpg\" class=\"attachment-original size-original\" alt=\"\" decoding=\"async\" loading=\"lazy\" srcset=\"https:\/\/lunarcablepark.com\/wp-content\/uploads\/2022\/06\/BYOA-TugofWar.jpg 750w, https:\/\/lunarcablepark.com\/wp-content\/uploads\/2022\/06\/BYOA-TugofWar-600x400.jpg 600w\" sizes=\"(max-width: 750px) 100vw, 750px\" \/>\t\t\t\t\t\t\n\t\t\t\t\t<\/div>\n\t\t\t\t\t\t\t\t\n<style>\n#image_619856599 {\n  width: 100%;\n}\n<\/style>\n\t<\/div>\n\t\n\n\t<div class=\"img has-hover x md-x lg-x y md-y lg-y\" id=\"image_794085947\">\n\t\t\t\t\t\t\t\t<div class=\"img-inner dark\" >\n\t\t\t<img width=\"750\" height=\"500\" src=\"https:\/\/lunarcablepark.com\/wp-content\/uploads\/2022\/06\/BYOA-BJJ.jpg\" class=\"attachment-original size-original\" alt=\"\" decoding=\"async\" loading=\"lazy\" srcset=\"https:\/\/lunarcablepark.com\/wp-content\/uploads\/2022\/06\/BYOA-BJJ.jpg 750w, https:\/\/lunarcablepark.com\/wp-content\/uploads\/2022\/06\/BYOA-BJJ-600x400.jpg 600w\" sizes=\"(max-width: 750px) 100vw, 750px\" \/>\t\t\t\t\t\t\n\t\t\t\t\t<\/div>\n\t\t\t\t\t\t\t\t\n<style>\n#image_794085947 {\n  width: 100%;\n}\n<\/style>\n\t<\/div>\n\t\n\n\n     <\/div>\n\n     <div class=\"loading-spin dark large centered\"><\/div>\n\n\t<\/div>\n\n\n\n\t\t<\/div>\n\t\t\t\t\t<\/div>\n\n\t\n\n\t<div id=\"col-629880089\" class=\"col medium-7 small-12 large-7\"  data-animate=\"fadeInDown\">\n\t\t\t\t<div class=\"col-inner\"  >\n\t\t\t\n\t\t\t\n\n<h2 style=\"font-weight: 300;\"><u>B.Y.O.A<\/u><\/h2>\n<p>Apportez votre propre activit\u00e9 &#8211; vous apportez l&rsquo;\u00e9quipement et votre groupe, et nous fournissons l&rsquo;espace et l&rsquo;ambiance. Lunar a servi de gymnase, de salle de sport, de dojo et de tatami \u00e0 travers des activit\u00e9s telles que des cours de yoga et de danse, des comp\u00e9titions d&rsquo;arts martiaux et des entra\u00eenements de triathlon. <\/p>\n<p>Contactez-nous pour plus d&rsquo;informations sur la r\u00e9servation, les tarifs et la cr\u00e9ation d&rsquo;un espace adapt\u00e9 \u00e0 votre groupe!<\/p>\n<a href=\"https:\/\/lunarcablepark.com\/fr\/b-y-o-a\/\" target=\"_self\" class=\"button primary is-underline\"  >\n    <span>voir plus<\/span>\n  <\/a>\n\n\n\n\t\t<\/div>\n\t\t\t\t\t<\/div>\n\n\t\n\n<\/div>\n\t<div id=\"gap-1337238015\" class=\"gap-element clearfix\" style=\"display:block; height:auto;\">\n\t\t\n<style>\n#gap-1337238015 {\n  padding-top: 70px;\n}\n<\/style>\n\t<\/div>\n\t\n\n<div class=\"row align-middle\" style=\"max-width:1300px\" id=\"row-561108759\">\n\n\n\t<div id=\"col-1018975710\" class=\"col medium-7 small-12 large-7\"  data-animate=\"fadeInLeft\">\n\t\t\t\t<div class=\"col-inner\"  >\n\t\t\t\n\t\t\t\n\n<h2 style=\"font-weight: 300;\"><u>EXPLORER<\/u><\/h2>\n<p>Le paysage naturel et culturel qui entoure Lunar a un grand potentiel d&rsquo;exploration. Empruntez certains des sentiers du parc \u00e0 pied, en planche ou \u00e0 v\u00e9lo. Avez-vous le temps pour une excursion d&rsquo;une journ\u00e9e? Dirigez-vous vers la plage ou vers les points d&rsquo;int\u00e9r\u00eat locaux. Et lorsque vous avez envie de vous reposer et de recharger vos batteries, s\u00e9journez dans l&rsquo;un de nos h\u00f4tels affili\u00e9s. <\/p>\n\n\t\t<\/div>\n\t\t\t\t\t<\/div>\n\n\t\n\n\t<div id=\"col-2036544122\" class=\"col medium-5 small-12 large-5\"  data-animate=\"fadeInRight\">\n\t\t\t\t<div class=\"col-inner\"  >\n\t\t\t\n\t\t\t\n\n\t<div class=\"img has-hover x md-x lg-x y md-y lg-y\" id=\"image_297875765\">\n\t\t\t\t\t\t\t\t<div class=\"img-inner dark\" >\n\t\t\t<img width=\"500\" height=\"333\" src=\"https:\/\/lunarcablepark.com\/wp-content\/uploads\/2022\/06\/Explore.jpg\" class=\"attachment-original size-original\" alt=\"\" decoding=\"async\" loading=\"lazy\" \/>\t\t\t\t\t\t\n\t\t\t\t\t<\/div>\n\t\t\t\t\t\t\t\t\n<style>\n#image_297875765 {\n  width: 100%;\n}\n<\/style>\n\t<\/div>\n\t\n\n\n\t\t<\/div>\n\t\t\t\t\t<\/div>\n\n\t\n\n\t<div id=\"col-455753465\" class=\"col medium-7 small-12 large-7\"  >\n\t\t\t\t<div class=\"col-inner\"  >\n\t\t\t\n\t\t\t\n\n\n\n<div class=\"sqs-block spacer-block sqs-block-spacer sized vsize-1\" data-block-type=\"21\" id=\"block-yui_3_17_2_1_1590323153094_9849\"><div class=\"sqs-block-content\">&nbsp;<\/div><\/div><div class=\"sqs-block code-block sqs-block-code\" data-block-type=\"23\" id=\"block-yui_3_17_2_1_1572955892290_4703\"><div class=\"sqs-block-content\"><div style=\"position: relative; width: 100%; height: 0; padding-top: 141.4286%;\n padding-bottom: 48px; box-shadow: 0 2px 8px 0 rgba(63,69,81,0.16); margin-top: 1.6em; margin-bottom: 0.9em; overflow: hidden;\n border-radius: 8px; will-change: transform;\">\n  <iframe style=\"position: absolute; width: 100%; height: 100%; top: 0; left: 0; border: none; padding: 0;margin: 0;\" src=\"https:&#x2F;&#x2F;www.canva.com&#x2F;design&#x2F;DAEdJDu3-Sc&#x2F;view?embed\">\n  <\/iframe>\n<\/div>\n<a href=\"https:&#x2F;&#x2F;www.canva.com&#x2F;design&#x2F;DAEdJDu3-Sc&#x2F;view?utm_content=DAEdJDu3-Sc&amp;utm_campaign=designshare&amp;utm_medium=embeds&amp;utm_source=link\" target=\"_blank\" rel=\"noopener\"><\/a><\/div><\/div><\/div><div class=\"col sqs-col-3 span-3\"><div class=\"sqs-block spacer-block sqs-block-spacer sized vsize-1\" data-block-type=\"21\" id=\"block-yui_3_17_2_1_1583241558811_5104\"><div class=\"sqs-block-content\">&nbsp;<\/div><\/div><\/div><\/div><div class=\"sqs-block spacer-block sqs-block-spacer\" data-aspect-ratio=\"7.461594732991953\" data-block-type=\"21\" id=\"block-yui_3_17_2_1_1583241558811_7155\"><div class=\"sqs-block-content\">&nbsp;<\/div><\/div><\/div><\/div><\/div>\n              <\/section>\n            \n          <\/main>\n\n        <\/div>\n      <\/div>\n\n\n\t\t<\/div>\n\t\t\t\t\t<\/div>\n\n\t\n\n<\/div>\n\t<div id=\"gap-595182701\" class=\"gap-element clearfix\" style=\"display:block; height:auto;\">\n\t\t\n<style>\n#gap-595182701 {\n  padding-top: 40px;\n}\n<\/style>\n\t<\/div>\n\t\n\n\n\t\t<\/div>\n\n\t\t\n<style>\n#section_1822706603 {\n  padding-top: 90px;\n  padding-bottom: 90px;\n}\n<\/style>\n\t<\/section>\n\t\n\n","protected":false},"excerpt":{"rendered":"","protected":false},"author":1,"featured_media":0,"parent":0,"menu_order":0,"comment_status":"closed","ping_status":"closed","template":"page-blank.php","meta":[],"yoast_head":"<!-- This site is optimized with the Yoast SEO plugin v21.7 - https:\/\/yoast.com\/wordpress\/plugins\/seo\/ -->\n<title>SERVICES - Lunar Cable Park<\/title>\n<meta name=\"robots\" content=\"index, follow, max-snippet:-1, max-image-preview:large, max-video-preview:-1\" \/>\n<link rel=\"canonical\" href=\"https:\/\/lunarcablepark.com\/en\/services\/\" \/>\n<meta property=\"og:locale\" content=\"fr_FR\" \/>\n<meta property=\"og:type\" content=\"article\" \/>\n<meta property=\"og:title\" content=\"SERVICES - Lunar Cable Park\" \/>\n<meta property=\"og:url\" content=\"https:\/\/lunarcablepark.com\/en\/services\/\" \/>\n<meta property=\"og:site_name\" content=\"Lunar Cable Park\" \/>\n<meta property=\"article:modified_time\" content=\"2022-09-16T09:39:54+00:00\" \/>\n<meta name=\"twitter:card\" content=\"summary_large_image\" \/>\n<meta name=\"twitter:label1\" content=\"Dur\u00e9e de lecture estim\u00e9e\" \/>\n\t<meta name=\"twitter:data1\" content=\"5 minutes\" \/>\n<script type=\"application\/ld+json\" class=\"yoast-schema-graph\">{\"@context\":\"https:\/\/schema.org\",\"@graph\":[{\"@type\":\"WebPage\",\"@id\":\"https:\/\/lunarcablepark.com\/en\/services\/\",\"url\":\"https:\/\/lunarcablepark.com\/en\/services\/\",\"name\":\"SERVICES - Lunar Cable Park\",\"isPartOf\":{\"@id\":\"https:\/\/lunarcablepark.com\/#website\"},\"datePublished\":\"2022-06-17T09:33:01+00:00\",\"dateModified\":\"2022-09-16T09:39:54+00:00\",\"breadcrumb\":{\"@id\":\"https:\/\/lunarcablepark.com\/en\/services\/#breadcrumb\"},\"inLanguage\":\"fr-FR\",\"potentialAction\":[{\"@type\":\"ReadAction\",\"target\":[\"https:\/\/lunarcablepark.com\/en\/services\/\"]}]},{\"@type\":\"BreadcrumbList\",\"@id\":\"https:\/\/lunarcablepark.com\/en\/services\/#breadcrumb\",\"itemListElement\":[{\"@type\":\"ListItem\",\"position\":1,\"name\":\"Portada\",\"item\":\"https:\/\/lunarcablepark.com\/\"},{\"@type\":\"ListItem\",\"position\":2,\"name\":\"SERVICES\"}]},{\"@type\":\"WebSite\",\"@id\":\"https:\/\/lunarcablepark.com\/#website\",\"url\":\"https:\/\/lunarcablepark.com\/\",\"name\":\"Lunar Cable Park\",\"description\":\"Disfruta de las mejores instalaciones de Wakeboard en Espa\u00f1a\",\"potentialAction\":[{\"@type\":\"SearchAction\",\"target\":{\"@type\":\"EntryPoint\",\"urlTemplate\":\"https:\/\/lunarcablepark.com\/?s={search_term_string}\"},\"query-input\":\"required name=search_term_string\"}],\"inLanguage\":\"fr-FR\"}]}<\/script>\n<!-- \/ Yoast SEO plugin. -->","yoast_head_json":{"title":"SERVICES - Lunar Cable Park","robots":{"index":"index","follow":"follow","max-snippet":"max-snippet:-1","max-image-preview":"max-image-preview:large","max-video-preview":"max-video-preview:-1"},"canonical":"https:\/\/lunarcablepark.com\/en\/services\/","og_locale":"fr_FR","og_type":"article","og_title":"SERVICES - Lunar Cable Park","og_url":"https:\/\/lunarcablepark.com\/en\/services\/","og_site_name":"Lunar Cable Park","article_modified_time":"2022-09-16T09:39:54+00:00","twitter_card":"summary_large_image","twitter_misc":{"Dur\u00e9e de lecture estim\u00e9e":"5 minutes"},"schema":{"@context":"https:\/\/schema.org","@graph":[{"@type":"WebPage","@id":"https:\/\/lunarcablepark.com\/en\/services\/","url":"https:\/\/lunarcablepark.com\/en\/services\/","name":"SERVICES - Lunar Cable Park","isPartOf":{"@id":"https:\/\/lunarcablepark.com\/#website"},"datePublished":"2022-06-17T09:33:01+00:00","dateModified":"2022-09-16T09:39:54+00:00","breadcrumb":{"@id":"https:\/\/lunarcablepark.com\/en\/services\/#breadcrumb"},"inLanguage":"fr-FR","potentialAction":[{"@type":"ReadAction","target":["https:\/\/lunarcablepark.com\/en\/services\/"]}]},{"@type":"BreadcrumbList","@id":"https:\/\/lunarcablepark.com\/en\/services\/#breadcrumb","itemListElement":[{"@type":"ListItem","position":1,"name":"Portada","item":"https:\/\/lunarcablepark.com\/"},{"@type":"ListItem","position":2,"name":"SERVICES"}]},{"@type":"WebSite","@id":"https:\/\/lunarcablepark.com\/#website","url":"https:\/\/lunarcablepark.com\/","name":"Lunar Cable Park","description":"Disfruta de las mejores instalaciones de Wakeboard en Espa\u00f1a","potentialAction":[{"@type":"SearchAction","target":{"@type":"EntryPoint","urlTemplate":"https:\/\/lunarcablepark.com\/?s={search_term_string}"},"query-input":"required name=search_term_string"}],"inLanguage":"fr-FR"}]}},"_links":{"self":[{"href":"https:\/\/lunarcablepark.com\/fr\/wp-json\/wp\/v2\/pages\/2042"}],"collection":[{"href":"https:\/\/lunarcablepark.com\/fr\/wp-json\/wp\/v2\/pages"}],"about":[{"href":"https:\/\/lunarcablepark.com\/fr\/wp-json\/wp\/v2\/types\/page"}],"author":[{"embeddable":true,"href":"https:\/\/lunarcablepark.com\/fr\/wp-json\/wp\/v2\/users\/1"}],"replies":[{"embeddable":true,"href":"https:\/\/lunarcablepark.com\/fr\/wp-json\/wp\/v2\/comments?post=2042"}],"version-history":[{"count":7,"href":"https:\/\/lunarcablepark.com\/fr\/wp-json\/wp\/v2\/pages\/2042\/revisions"}],"predecessor-version":[{"id":2314,"href":"https:\/\/lunarcablepark.com\/fr\/wp-json\/wp\/v2\/pages\/2042\/revisions\/2314"}],"wp:attachment":[{"href":"https:\/\/lunarcablepark.com\/fr\/wp-json\/wp\/v2\/media?parent=2042"}],"curies":[{"name":"wp","href":"https:\/\/api.w.org\/{rel}","templated":true}]}}