{"id":2040,"date":"2022-07-05T16:23:49","date_gmt":"2022-07-05T16:23:49","guid":{"rendered":"https:\/\/lunarcablepark.com\/b-y-o-a\/"},"modified":"2022-09-16T09:57:50","modified_gmt":"2022-09-16T09:57:50","slug":"b-y-o-a","status":"publish","type":"page","link":"https:\/\/lunarcablepark.com\/fr\/b-y-o-a\/","title":{"rendered":"B.Y.O.A"},"content":{"rendered":"\n<div class=\"row row-collapse row-full-width\"  id=\"row-51887144\">\n\n\n\t<div id=\"col-347879501\" class=\"col small-12 large-12\"  >\n\t\t\t\t<div class=\"col-inner\" style=\"background-color:rgb(0,0,0);\" >\n\t\t\t\n\t\t\t\n\n<div class=\"row row-collapse row-full-width align-middle\"  id=\"row-1811317247\">\n\n\n\t<div id=\"col-615522515\" class=\"col medium-7 small-12 large-6\"  >\n\t\t\t\t<div class=\"col-inner dark\"  >\n\t\t\t\n\t\t\t\n\n\t<div id=\"text-3989760359\" class=\"text\">\n\t\t\n\n<h6>ACTIVIT\u00c9S<\/h6>\n\t\t\n<style>\n#text-3989760359 {\n  font-size: 1.85rem;\n}\n@media (min-width:550px) {\n  #text-3989760359 {\n    font-size: 1rem;\n  }\n}\n<\/style>\n\t<\/div>\n\t\n\t<div id=\"text-3393692862\" class=\"text\">\n\t\t\n\n<h2 style=\"font-weight:300\">B.Y.O.A<\/h2>\n\t\t\n<style>\n#text-3393692862 {\n  font-size: 1.85rem;\n}\n@media (min-width:550px) {\n  #text-3393692862 {\n    font-size: 1.65rem;\n  }\n}\n<\/style>\n\t<\/div>\n\t\n<p style=\"text-align: justify;\">Apportez votre propre activit\u00e9 &#8211; vous apportez l&rsquo;\u00e9quipement et votre groupe, et nous fournissons l&rsquo;espace et l&rsquo;ambiance. <\/p>\n\t<div id=\"gap-2016367766\" class=\"gap-element clearfix hide-for-small\" style=\"display:block; height:auto;\">\n\t\t\n<style>\n#gap-2016367766 {\n  padding-top: 50px;\n}\n@media (min-width:550px) {\n  #gap-2016367766 {\n    padding-top: 10px;\n  }\n}\n<\/style>\n\t<\/div>\n\t\n\n\t<div id=\"stack-1683265373\" class=\"stack stack-row justify-start items-stretch\">\n\t\t\n\n<a href=\"https:\/\/api.whatsapp.com\/send\/?phone=34665512873\" target=\"_self\" class=\"button white is-outline\"  >\n    <span>\u00c9crivez-nous<\/span>\n  <\/a>\n\n\n\n\t\t\n<style>\n#stack-1683265373 > * {\n  --stack-gap: 0rem;\n}\n<\/style>\n\t<\/div>\n\t\n\t<div id=\"gap-2067605640\" class=\"gap-element clearfix hide-for-small\" style=\"display:block; height:auto;\">\n\t\t\n<style>\n#gap-2067605640 {\n  padding-top: 50px;\n}\n@media (min-width:550px) {\n  #gap-2067605640 {\n    padding-top: 150px;\n  }\n}\n<\/style>\n\t<\/div>\n\t\n\n\n\t\t<\/div>\n\t\t\t\t\n<style>\n#col-615522515 > .col-inner {\n  padding: 20% 0px 20% 3%;\n}\n@media (min-width:550px) {\n  #col-615522515 > .col-inner {\n    padding: 0px 0px 0px 3%;\n  }\n}\n@media (min-width:850px) {\n  #col-615522515 > .col-inner {\n    padding: 0px 20% 0px 20%;\n  }\n}\n<\/style>\n\t<\/div>\n\n\t\n\n\t<div id=\"col-2091860464\" class=\"col medium-5 small-12 large-6\"  >\n\t\t\t\t<div class=\"col-inner\"  >\n\t\t\t\n\t\t\t\n\n\n  <div class=\"banner has-hover\" id=\"banner-1171512024\">\n          <div class=\"banner-inner fill\">\n        <div class=\"banner-bg fill\" >\n            <div class=\"bg fill bg-fill \"><\/div>\n                                    \n                    <\/div>\n\t\t\n        <div class=\"banner-layers container\">\n            <div class=\"fill banner-link\"><\/div>            \n\n\n        <\/div>\n      <\/div>\n\n            \n<style>\n#banner-1171512024 {\n  padding-top: 350px;\n  background-color: rgba(255, 255, 255, 0);\n}\n#banner-1171512024 .bg.bg-loaded {\n  background-image: url(https:\/\/lunarcablepark.com\/wp-content\/uploads\/2022\/06\/20200220-H73A0360-min-scaled.jpg);\n}\n#banner-1171512024 .bg {\n  background-position: 47% 47%;\n}\n@media (min-width:550px) {\n  #banner-1171512024 {\n    padding-top: 650px;\n  }\n}\n@media (min-width:850px) {\n  #banner-1171512024 {\n    padding-top: 700px;\n  }\n}\n<\/style>\n  <\/div>\n\n\n\n\t\t<\/div>\n\t\t\t\t\t<\/div>\n\n\t\n\n<\/div>\n\n\t\t<\/div>\n\t\t\t\t\t<\/div>\n\n\t\n\n<\/div>\n<div class=\"row\"  id=\"row-893399348\">\n\n\n\t<div id=\"col-2044242387\" class=\"col small-12 large-12\"  >\n\t\t\t\t<div class=\"col-inner\" style=\"background-color:rgba(255, 255, 255, 0.75);\" >\n\t\t\t\n\t\t\t\n\n<div class=\"row align-center\"  id=\"row-892377613\">\n\n\n\t<div id=\"col-722106314\" class=\"col medium-3 small-6 large-3\"  >\n\t\t\t\t<div class=\"col-inner text-center\"  >\n\t\t\t\n\t\t\t\n\n\t<div id=\"text-418324970\" class=\"text\">\n\t\t\n\n<h2><span>+<span class=\"count-up\">+20<\/span><\/span><\/h2>\n\t\t\n<style>\n#text-418324970 {\n  font-size: 1.75rem;\n  line-height: 0.75;\n}\n<\/style>\n\t<\/div>\n\t\n\t<div id=\"text-738833927\" class=\"text\">\n\t\t\n\n<h6>ACTIVIT\u00c9S<\/h6>\n\t\t\n<style>\n#text-738833927 {\n  font-size: 0.9rem;\n  line-height: 0.75;\n}\n<\/style>\n\t<\/div>\n\t\n\n\t\t<\/div>\n\t\t\t\t\t<\/div>\n\n\t\n\n\t<div id=\"col-476010503\" class=\"col medium-3 small-6 large-3\"  >\n\t\t\t\t<div class=\"col-inner text-center\"  >\n\t\t\t\n\t\t\t\n\n\t<div id=\"text-2491439606\" class=\"text\">\n\t\t\n\n<h2><span><span class=\"count-up\">100%<\/span>%<\/span><\/h2>\n\t\t\n<style>\n#text-2491439606 {\n  font-size: 1.75rem;\n  line-height: 0.75;\n}\n<\/style>\n\t<\/div>\n\t\n\t<div id=\"text-1137669613\" class=\"text\">\n\t\t\n\n<h6>Plaisir garanti<\/h6>\n\t\t\n<style>\n#text-1137669613 {\n  font-size: 0.9rem;\n  line-height: 0.75;\n}\n<\/style>\n\t<\/div>\n\t\n\n\t\t<\/div>\n\t\t\t\t\t<\/div>\n\n\t\n\n\t<div id=\"col-1468691765\" class=\"col medium-3 small-6 large-3\"  >\n\t\t\t\t<div class=\"col-inner text-center\"  >\n\t\t\t\n\t\t\t\n\n\t<div id=\"text-1955777707\" class=\"text\">\n\t\t\n\n<h2><span>+<span class=\"count-up\">+30<\/span><\/span><\/h2>\n\t\t\n<style>\n#text-1955777707 {\n  font-size: 1.75rem;\n  line-height: 0.75;\n}\n<\/style>\n\t<\/div>\n\t\n\t<div id=\"text-320309012\" class=\"text\">\n\t\t\n\n<h6>capacit\u00e9 des personnes<\/h6>\n\t\t\n<style>\n#text-320309012 {\n  font-size: 0.9rem;\n  line-height: 0.75;\n}\n<\/style>\n\t<\/div>\n\t\n\n\t\t<\/div>\n\t\t\t\t\t<\/div>\n\n\t\n\n<\/div>\n\n\t\t<\/div>\n\t\t\t\t\n<style>\n#col-2044242387 > .col-inner {\n  padding: 12% 5% 10px 5%;\n  margin: -300px 0px 0px 0px;\n}\n@media (min-width:550px) {\n  #col-2044242387 > .col-inner {\n    padding: 4% 3% 0px 3%;\n    margin: -220px 0px 0px 0px;\n  }\n}\n<\/style>\n\t<\/div>\n\n\t\n\n<\/div>\n\t<section class=\"section\" id=\"section_277737299\">\n\t\t<div class=\"bg section-bg fill bg-fill  bg-loaded\" >\n\n\t\t\t\n\t\t\t\n\t\t\t\n\n\t\t<\/div>\n\n\t\t\n\n\t\t<div class=\"section-content relative\">\n\t\t\t\n\n<div class=\"row\" style=\"max-width:1300px\" id=\"row-818184109\">\n\n\n\t<div id=\"col-216577452\" class=\"col small-12 large-12\"  >\n\t\t\t\t<div class=\"col-inner\"  >\n\t\t\t\n\t\t\t\n\n\t<div id=\"text-3940043779\" class=\"text\">\n\t\t\n\n<h2 style=\"font-weight:300\">APPORTEZ VOTRE PROPRE ACTIVIT\u00c9<\/h2>\n\t\t\n<style>\n#text-3940043779 {\n  font-size: 1.85rem;\n}\n<\/style>\n\t<\/div>\n\t\n<p>Lunar a servi de salle de sport, de centre sportif, de dojo et de tatami \u00e0 travers des activit\u00e9s telles que des cours de yoga et de danse, des comp\u00e9titions d&rsquo;arts martiaux, des entra\u00eenements de triathlon et des camps militaires. <\/p>\n<p>Notre espace a \u00e9galement accueilli des rencontres cr\u00e9atives avec des performances musicales en direct, des \u00e9v\u00e9nements culinaires en plein air et diff\u00e9rentes activit\u00e9s th\u00e9matiques. <\/p>\n<p>Dites-nous quelle activit\u00e9 vous avez en main et nous vous faciliterons la t\u00e2che!<\/p>\n<p>Voici quelques exemples d&rsquo;activit\u00e9s d\u00e9j\u00e0 pratiqu\u00e9es au Lunar Cable Park:<\/p>\n\t<div id=\"gap-1049891521\" class=\"gap-element clearfix\" style=\"display:block; height:auto;\">\n\t\t\n<style>\n#gap-1049891521 {\n  padding-top: 30px;\n}\n<\/style>\n\t<\/div>\n\t\n\n\n\t\t<\/div>\n\t\t\t\t\t<\/div>\n\n\t\n\n\t<div id=\"col-500810162\" class=\"col medium-4 small-12 large-4\"  data-animate=\"bounceInLeft\">\n\t\t\t\t<div class=\"col-inner\"  >\n\t\t\t\n\t\t\t\n\n\t<div class=\"box has-hover   has-hover box-default box-text-bottom\" >\n\n\t\t<div class=\"box-image\" >\n\t\t\t\t\t\t<div class=\"\" >\n\t\t\t\t<img width=\"750\" height=\"500\" src=\"https:\/\/lunarcablepark.com\/wp-content\/uploads\/2022\/06\/BYOA-Boxing.jpg\" class=\"attachment- size-\" alt=\"\" decoding=\"async\" loading=\"lazy\" srcset=\"https:\/\/lunarcablepark.com\/wp-content\/uploads\/2022\/06\/BYOA-Boxing.jpg 750w, https:\/\/lunarcablepark.com\/wp-content\/uploads\/2022\/06\/BYOA-Boxing-600x400.jpg 600w\" sizes=\"(max-width: 750px) 100vw, 750px\" \/>\t\t\t\t\t\t\t\t\t\t\t<\/div>\n\t\t\t\t\t<\/div>\n\n\t\t<div class=\"box-text text-center\" >\n\t\t\t<div class=\"box-text-inner\">\n\t\t\t\t\n\n<h2 style=\"font-weight:300\">BOXE<\/h2>\n\n\t\t\t<\/div>\n\t\t<\/div>\n\t<\/div>\n\t\n\n\t\t<\/div>\n\t\t\t\t\t<\/div>\n\n\t\n\n\t<div id=\"col-837428251\" class=\"col medium-4 small-12 large-4\"  data-animate=\"bounceInLeft\">\n\t\t\t\t<div class=\"col-inner\"  >\n\t\t\t\n\t\t\t\n\n\t<div class=\"box has-hover   has-hover box-default box-text-bottom\" >\n\n\t\t<div class=\"box-image\" >\n\t\t\t\t\t\t<div class=\"\" >\n\t\t\t\t<img width=\"750\" height=\"500\" src=\"https:\/\/lunarcablepark.com\/wp-content\/uploads\/2022\/07\/Hysteria.jpg\" class=\"attachment- size-\" alt=\"\" decoding=\"async\" loading=\"lazy\" srcset=\"https:\/\/lunarcablepark.com\/wp-content\/uploads\/2022\/07\/Hysteria.jpg 750w, https:\/\/lunarcablepark.com\/wp-content\/uploads\/2022\/07\/Hysteria-600x400.jpg 600w\" sizes=\"(max-width: 750px) 100vw, 750px\" \/>\t\t\t\t\t\t\t\t\t\t\t<\/div>\n\t\t\t\t\t<\/div>\n\n\t\t<div class=\"box-text text-center\" >\n\t\t\t<div class=\"box-text-inner\">\n\t\t\t\t\n\n<h2 style=\"font-weight:300\">SPECTACLES EN DIRECT<\/h2>\n\n\t\t\t<\/div>\n\t\t<\/div>\n\t<\/div>\n\t\n\n\t\t<\/div>\n\t\t\t\t\t<\/div>\n\n\t\n\n\t<div id=\"col-1670439499\" class=\"col medium-4 small-12 large-4\"  data-animate=\"bounceInLeft\">\n\t\t\t\t<div class=\"col-inner\"  >\n\t\t\t\n\t\t\t\n\n\t<div class=\"box has-hover   has-hover box-default box-text-bottom\" >\n\n\t\t<div class=\"box-image\" >\n\t\t\t\t\t\t<div class=\"\" >\n\t\t\t\t<img width=\"750\" height=\"500\" src=\"https:\/\/lunarcablepark.com\/wp-content\/uploads\/2022\/06\/BYOA-TugofWar.jpg\" class=\"attachment- size-\" alt=\"\" decoding=\"async\" loading=\"lazy\" srcset=\"https:\/\/lunarcablepark.com\/wp-content\/uploads\/2022\/06\/BYOA-TugofWar.jpg 750w, https:\/\/lunarcablepark.com\/wp-content\/uploads\/2022\/06\/BYOA-TugofWar-600x400.jpg 600w\" sizes=\"(max-width: 750px) 100vw, 750px\" \/>\t\t\t\t\t\t\t\t\t\t\t<\/div>\n\t\t\t\t\t<\/div>\n\n\t\t<div class=\"box-text text-center\" >\n\t\t\t<div class=\"box-text-inner\">\n\t\t\t\t\n\n<h2 style=\"font-weight:300\">D\u00c9FIS D&rsquo;\u00c9QUIPE<\/h2>\n\n\t\t\t<\/div>\n\t\t<\/div>\n\t<\/div>\n\t\n\n\t\t<\/div>\n\t\t\t\t\t<\/div>\n\n\t\n\n\t<div id=\"col-735168509\" class=\"col medium-4 small-12 large-4\"  data-animate=\"bounceInLeft\">\n\t\t\t\t<div class=\"col-inner\"  >\n\t\t\t\n\t\t\t\n\n\t<div class=\"box has-hover   has-hover box-default box-text-bottom\" >\n\n\t\t<div class=\"box-image\" >\n\t\t\t\t\t\t<div class=\"\" >\n\t\t\t\t<img width=\"750\" height=\"500\" src=\"https:\/\/lunarcablepark.com\/wp-content\/uploads\/2022\/06\/BYOA-BJJ.jpg\" class=\"attachment- size-\" alt=\"\" decoding=\"async\" loading=\"lazy\" srcset=\"https:\/\/lunarcablepark.com\/wp-content\/uploads\/2022\/06\/BYOA-BJJ.jpg 750w, https:\/\/lunarcablepark.com\/wp-content\/uploads\/2022\/06\/BYOA-BJJ-600x400.jpg 600w\" sizes=\"(max-width: 750px) 100vw, 750px\" \/>\t\t\t\t\t\t\t\t\t\t\t<\/div>\n\t\t\t\t\t<\/div>\n\n\t\t<div class=\"box-text text-center\" >\n\t\t\t<div class=\"box-text-inner\">\n\t\t\t\t\n\n<h2 style=\"font-weight:300\">BJJ<\/h2>\n\n\t\t\t<\/div>\n\t\t<\/div>\n\t<\/div>\n\t\n\n\t\t<\/div>\n\t\t\t\t\t<\/div>\n\n\t\n\n\t<div id=\"col-673770596\" class=\"col medium-4 small-12 large-4\"  data-animate=\"bounceInLeft\">\n\t\t\t\t<div class=\"col-inner\"  >\n\t\t\t\n\t\t\t\n\n\t<div class=\"box has-hover   has-hover box-default box-text-bottom\" >\n\n\t\t<div class=\"box-image\" >\n\t\t\t\t\t\t<div class=\"\" >\n\t\t\t\t<img width=\"750\" height=\"500\" src=\"https:\/\/lunarcablepark.com\/wp-content\/uploads\/2022\/06\/BYOA-yogawinstructor-1.jpg\" class=\"attachment- size-\" alt=\"\" decoding=\"async\" loading=\"lazy\" srcset=\"https:\/\/lunarcablepark.com\/wp-content\/uploads\/2022\/06\/BYOA-yogawinstructor-1.jpg 750w, https:\/\/lunarcablepark.com\/wp-content\/uploads\/2022\/06\/BYOA-yogawinstructor-1-600x400.jpg 600w\" sizes=\"(max-width: 750px) 100vw, 750px\" \/>\t\t\t\t\t\t\t\t\t\t\t<\/div>\n\t\t\t\t\t<\/div>\n\n\t\t<div class=\"box-text text-center\" >\n\t\t\t<div class=\"box-text-inner\">\n\t\t\t\t\n\n<h2 style=\"font-weight:300\">YOGA<\/h2>\n\n\t\t\t<\/div>\n\t\t<\/div>\n\t<\/div>\n\t\n\n\t\t<\/div>\n\t\t\t\t\t<\/div>\n\n\t\n\n\t<div id=\"col-1229248988\" class=\"col medium-4 small-12 large-4\"  data-animate=\"bounceInLeft\">\n\t\t\t\t<div class=\"col-inner\"  >\n\t\t\t\n\t\t\t\n\n\t<div class=\"box has-hover   has-hover box-default box-text-bottom\" >\n\n\t\t<div class=\"box-image\" >\n\t\t\t\t\t\t<div class=\"\" >\n\t\t\t\t<img width=\"750\" height=\"499\" src=\"https:\/\/lunarcablepark.com\/wp-content\/uploads\/2022\/07\/SalsaNight.jpg\" class=\"attachment- size-\" alt=\"\" decoding=\"async\" loading=\"lazy\" srcset=\"https:\/\/lunarcablepark.com\/wp-content\/uploads\/2022\/07\/SalsaNight.jpg 750w, https:\/\/lunarcablepark.com\/wp-content\/uploads\/2022\/07\/SalsaNight-601x400.jpg 601w\" sizes=\"(max-width: 750px) 100vw, 750px\" \/>\t\t\t\t\t\t\t\t\t\t\t<\/div>\n\t\t\t\t\t<\/div>\n\n\t\t<div class=\"box-text text-center\" >\n\t\t\t<div class=\"box-text-inner\">\n\t\t\t\t\n\n<h2 style=\"font-weight:300\">\u00c9V\u00c9NEMENTS DE DANSE<\/h2>\n\n\t\t\t<\/div>\n\t\t<\/div>\n\t<\/div>\n\t\n\n\t\t<\/div>\n\t\t\t\t\t<\/div>\n\n\t\n\n<\/div>\n\n\t\t<\/div>\n\n\t\t\n<style>\n#section_277737299 {\n  padding-top: 50px;\n  padding-bottom: 50px;\n}\n<\/style>\n\t<\/section>\n\t\n\n  <div class=\"banner has-hover\" id=\"banner-58407598\">\n          <div class=\"banner-inner fill\">\n        <div class=\"banner-bg fill\" >\n            <div class=\"bg fill bg-fill \"><\/div>\n                                    \n                    <\/div>\n\t\t\n        <div class=\"banner-layers container\">\n            <div class=\"fill banner-link\"><\/div>            \n\n   <div id=\"text-box-577905900\" class=\"text-box banner-layer x50 md-x50 lg-x50 y50 md-y50 lg-y50 res-text\">\n                                <div class=\"text-box-content text dark\">\n              \n              <div class=\"text-inner text-center\">\n                  \n\n<h3 class=\"uppercase\"><strong>AVEZ-VOUS D\u00c9J\u00c0 ORGANIS\u00c9 VOTRE ACTIVIT\u00c9?<\/strong><\/h3>\n<p>Faites-le nous savoir et nous nous mettrons au travail!<\/p>\n<a href=\"https:\/\/lunarcablepark.com\/fr\/contact\/\" target=\"_self\" class=\"button white is-outline\"  >\n    <span>Nous contacter!<\/span>\n  <\/a>\n\n\n\n              <\/div>\n           <\/div>\n                            \n<style>\n#text-box-577905900 {\n  width: 60%;\n}\n#text-box-577905900 .text-box-content {\n  font-size: 100%;\n}\n<\/style>\n    <\/div>\n \n\n        <\/div>\n      <\/div>\n\n            \n<style>\n#banner-58407598 {\n  padding-top: 500px;\n}\n#banner-58407598 .bg.bg-loaded {\n  background-image: url(https:\/\/lunarcablepark.com\/wp-content\/uploads\/2022\/09\/N4A8203.jpg);\n}\n<\/style>\n  <\/div>\n\n\n\n","protected":false},"excerpt":{"rendered":"","protected":false},"author":1,"featured_media":0,"parent":0,"menu_order":0,"comment_status":"closed","ping_status":"closed","template":"page-blank.php","meta":[],"yoast_head":"<!-- This site is optimized with the Yoast SEO plugin v21.7 - https:\/\/yoast.com\/wordpress\/plugins\/seo\/ -->\n<title>B.Y.O.A - Lunar Cable Park<\/title>\n<meta name=\"robots\" content=\"index, follow, max-snippet:-1, max-image-preview:large, max-video-preview:-1\" \/>\n<link rel=\"canonical\" href=\"https:\/\/lunarcablepark.com\/fr\/b-y-o-a\/\" \/>\n<meta property=\"og:locale\" content=\"fr_FR\" \/>\n<meta property=\"og:type\" content=\"article\" \/>\n<meta property=\"og:title\" content=\"B.Y.O.A - Lunar Cable Park\" \/>\n<meta property=\"og:url\" content=\"https:\/\/lunarcablepark.com\/fr\/b-y-o-a\/\" \/>\n<meta property=\"og:site_name\" content=\"Lunar Cable Park\" \/>\n<meta property=\"article:modified_time\" content=\"2022-09-16T09:57:50+00:00\" \/>\n<meta name=\"twitter:card\" content=\"summary_large_image\" \/>\n<meta name=\"twitter:label1\" content=\"Dur\u00e9e de lecture estim\u00e9e\" \/>\n\t<meta name=\"twitter:data1\" content=\"3 minutes\" \/>\n<script type=\"application\/ld+json\" class=\"yoast-schema-graph\">{\"@context\":\"https:\/\/schema.org\",\"@graph\":[{\"@type\":\"WebPage\",\"@id\":\"https:\/\/lunarcablepark.com\/fr\/b-y-o-a\/\",\"url\":\"https:\/\/lunarcablepark.com\/fr\/b-y-o-a\/\",\"name\":\"B.Y.O.A - Lunar Cable Park\",\"isPartOf\":{\"@id\":\"https:\/\/lunarcablepark.com\/#website\"},\"datePublished\":\"2022-07-05T16:23:49+00:00\",\"dateModified\":\"2022-09-16T09:57:50+00:00\",\"breadcrumb\":{\"@id\":\"https:\/\/lunarcablepark.com\/fr\/b-y-o-a\/#breadcrumb\"},\"inLanguage\":\"fr-FR\",\"potentialAction\":[{\"@type\":\"ReadAction\",\"target\":[\"https:\/\/lunarcablepark.com\/fr\/b-y-o-a\/\"]}]},{\"@type\":\"BreadcrumbList\",\"@id\":\"https:\/\/lunarcablepark.com\/fr\/b-y-o-a\/#breadcrumb\",\"itemListElement\":[{\"@type\":\"ListItem\",\"position\":1,\"name\":\"Portada\",\"item\":\"https:\/\/lunarcablepark.com\/\"},{\"@type\":\"ListItem\",\"position\":2,\"name\":\"B.Y.O.A\"}]},{\"@type\":\"WebSite\",\"@id\":\"https:\/\/lunarcablepark.com\/#website\",\"url\":\"https:\/\/lunarcablepark.com\/\",\"name\":\"Lunar Cable Park\",\"description\":\"Disfruta de las mejores instalaciones de Wakeboard en Espa\u00f1a\",\"potentialAction\":[{\"@type\":\"SearchAction\",\"target\":{\"@type\":\"EntryPoint\",\"urlTemplate\":\"https:\/\/lunarcablepark.com\/?s={search_term_string}\"},\"query-input\":\"required name=search_term_string\"}],\"inLanguage\":\"fr-FR\"}]}<\/script>\n<!-- \/ Yoast SEO plugin. -->","yoast_head_json":{"title":"B.Y.O.A - Lunar Cable Park","robots":{"index":"index","follow":"follow","max-snippet":"max-snippet:-1","max-image-preview":"max-image-preview:large","max-video-preview":"max-video-preview:-1"},"canonical":"https:\/\/lunarcablepark.com\/fr\/b-y-o-a\/","og_locale":"fr_FR","og_type":"article","og_title":"B.Y.O.A - Lunar Cable Park","og_url":"https:\/\/lunarcablepark.com\/fr\/b-y-o-a\/","og_site_name":"Lunar Cable Park","article_modified_time":"2022-09-16T09:57:50+00:00","twitter_card":"summary_large_image","twitter_misc":{"Dur\u00e9e de lecture estim\u00e9e":"3 minutes"},"schema":{"@context":"https:\/\/schema.org","@graph":[{"@type":"WebPage","@id":"https:\/\/lunarcablepark.com\/fr\/b-y-o-a\/","url":"https:\/\/lunarcablepark.com\/fr\/b-y-o-a\/","name":"B.Y.O.A - Lunar Cable Park","isPartOf":{"@id":"https:\/\/lunarcablepark.com\/#website"},"datePublished":"2022-07-05T16:23:49+00:00","dateModified":"2022-09-16T09:57:50+00:00","breadcrumb":{"@id":"https:\/\/lunarcablepark.com\/fr\/b-y-o-a\/#breadcrumb"},"inLanguage":"fr-FR","potentialAction":[{"@type":"ReadAction","target":["https:\/\/lunarcablepark.com\/fr\/b-y-o-a\/"]}]},{"@type":"BreadcrumbList","@id":"https:\/\/lunarcablepark.com\/fr\/b-y-o-a\/#breadcrumb","itemListElement":[{"@type":"ListItem","position":1,"name":"Portada","item":"https:\/\/lunarcablepark.com\/"},{"@type":"ListItem","position":2,"name":"B.Y.O.A"}]},{"@type":"WebSite","@id":"https:\/\/lunarcablepark.com\/#website","url":"https:\/\/lunarcablepark.com\/","name":"Lunar Cable Park","description":"Disfruta de las mejores instalaciones de Wakeboard en Espa\u00f1a","potentialAction":[{"@type":"SearchAction","target":{"@type":"EntryPoint","urlTemplate":"https:\/\/lunarcablepark.com\/?s={search_term_string}"},"query-input":"required name=search_term_string"}],"inLanguage":"fr-FR"}]}},"_links":{"self":[{"href":"https:\/\/lunarcablepark.com\/fr\/wp-json\/wp\/v2\/pages\/2040"}],"collection":[{"href":"https:\/\/lunarcablepark.com\/fr\/wp-json\/wp\/v2\/pages"}],"about":[{"href":"https:\/\/lunarcablepark.com\/fr\/wp-json\/wp\/v2\/types\/page"}],"author":[{"embeddable":true,"href":"https:\/\/lunarcablepark.com\/fr\/wp-json\/wp\/v2\/users\/1"}],"replies":[{"embeddable":true,"href":"https:\/\/lunarcablepark.com\/fr\/wp-json\/wp\/v2\/comments?post=2040"}],"version-history":[{"count":4,"href":"https:\/\/lunarcablepark.com\/fr\/wp-json\/wp\/v2\/pages\/2040\/revisions"}],"predecessor-version":[{"id":2322,"href":"https:\/\/lunarcablepark.com\/fr\/wp-json\/wp\/v2\/pages\/2040\/revisions\/2322"}],"wp:attachment":[{"href":"https:\/\/lunarcablepark.com\/fr\/wp-json\/wp\/v2\/media?parent=2040"}],"curies":[{"name":"wp","href":"https:\/\/api.w.org\/{rel}","templated":true}]}}