{"id":2038,"date":"2022-07-05T16:21:22","date_gmt":"2022-07-05T16:21:22","guid":{"rendered":"https:\/\/lunarcablepark.com\/parque-ninja\/"},"modified":"2022-09-16T09:55:24","modified_gmt":"2022-09-16T09:55:24","slug":"parque-ninja","status":"publish","type":"page","link":"https:\/\/lunarcablepark.com\/fr\/parque-ninja\/","title":{"rendered":"Parque Ninja"},"content":{"rendered":"\n\n  <div class=\"banner has-hover\" id=\"banner-1678959048\">\n          <div class=\"banner-inner fill\">\n        <div class=\"banner-bg fill\" >\n            <div class=\"bg fill bg-fill \"><\/div>\n                        <div class=\"overlay\"><\/div>            \n                    <\/div>\n\t\t\n        <div class=\"banner-layers container\">\n            <div class=\"fill banner-link\"><\/div>            \n\n   <div id=\"text-box-700138011\" class=\"text-box banner-layer x0 md-x0 lg-x0 y50 md-y50 lg-y50 res-text\">\n                                <div class=\"text-box-content text dark\">\n              \n              <div class=\"text-inner text-left\">\n                  \n\n<div class=\"container section-title-container\" ><h4 class=\"section-title section-title-normal\"><b><\/b><span class=\"section-title-main\" style=\"font-size:80%;color:rgba(255, 255, 255, 0.7);\">lunar cable park<\/span><b><\/b><\/h4><\/div>\n\n\t<div id=\"text-3447650984\" class=\"text\">\n\t\t\n\n<h1><span style=\"font-size: 100%; font-weight:300;\">Effectuez votre entra\u00eenement dans notre Ninja Park<\/span><\/h1>\n\t\t\n<style>\n#text-3447650984 {\n  text-align: left;\n}\n<\/style>\n\t<\/div>\n\t\n\n              <\/div>\n           <\/div>\n                            \n<style>\n#text-box-700138011 {\n  width: 72%;\n}\n#text-box-700138011 .text-box-content {\n  font-size: 100%;\n}\n<\/style>\n    <\/div>\n \n\n        <\/div>\n      <\/div>\n\n            \n<style>\n#banner-1678959048 {\n  padding-top: 300px;\n}\n#banner-1678959048 .bg.bg-loaded {\n  background-image: url(https:\/\/lunarcablepark.com\/wp-content\/uploads\/2022\/07\/IMG_9300-1.jpg);\n}\n#banner-1678959048 .overlay {\n  background-color: rgba(0, 0, 0, 0.5);\n}\n#banner-1678959048 .bg {\n  background-position: 0% 64%;\n}\n@media (min-width:550px) {\n  #banner-1678959048 {\n    padding-top: 500px;\n  }\n}\n@media (min-width:850px) {\n  #banner-1678959048 {\n    padding-top: 700px;\n  }\n}\n<\/style>\n  <\/div>\n\n\n\t<section class=\"section dark\" id=\"section_1993882763\">\n\t\t<div class=\"bg section-bg fill bg-fill  bg-loaded\" >\n\n\t\t\t\n\t\t\t\n\t\t\t\n\n\t\t<\/div>\n\n\t\t\n\n\t\t<div class=\"section-content relative\">\n\t\t\t\n\n<div class=\"row row-collapse align-middle\" style=\"max-width:1300px\" id=\"row-2038604142\">\n\n\n\t<div id=\"col-1528843732\" class=\"col medium-12 small-12 large-6\"  >\n\t\t\t\t<div class=\"col-inner\"  >\n\t\t\t\n\t\t\t\n\n\t<div class=\"img has-hover x md-x lg-x y md-y lg-y\" id=\"image_183969133\">\n\t\t\t\t\t\t\t\t<div class=\"img-inner dark\" >\n\t\t\t<img width=\"2040\" height=\"1148\" src=\"https:\/\/lunarcablepark.com\/wp-content\/uploads\/2022\/07\/aCopy-of-IMG_4395.jpg\" class=\"attachment-original size-original\" alt=\"calistenia_almeria\" decoding=\"async\" loading=\"lazy\" srcset=\"https:\/\/lunarcablepark.com\/wp-content\/uploads\/2022\/07\/aCopy-of-IMG_4395.jpg 2040w, https:\/\/lunarcablepark.com\/wp-content\/uploads\/2022\/07\/aCopy-of-IMG_4395-711x400.jpg 711w, https:\/\/lunarcablepark.com\/wp-content\/uploads\/2022\/07\/aCopy-of-IMG_4395-1400x788.jpg 1400w, https:\/\/lunarcablepark.com\/wp-content\/uploads\/2022\/07\/aCopy-of-IMG_4395-768x432.jpg 768w, https:\/\/lunarcablepark.com\/wp-content\/uploads\/2022\/07\/aCopy-of-IMG_4395-1536x864.jpg 1536w\" sizes=\"(max-width: 2040px) 100vw, 2040px\" \/>\t\t\t\t\t\t\n\t\t\t\t\t<\/div>\n\t\t\t\t\t\t\t\t\n<style>\n#image_183969133 {\n  width: 100%;\n}\n<\/style>\n\t<\/div>\n\t\n\n\n\t\t<\/div>\n\t\t\t\t\t<\/div>\n\n\t\n\n\t<div id=\"col-23854146\" class=\"col medium-12 small-12 large-6\"  >\n\t\t\t\t<div class=\"col-inner text-left\"  >\n\t\t\t\n\t\t\t\n\n<div class=\"row align-center\"  id=\"row-467182994\">\n\n\n\t<div id=\"col-1921218636\" class=\"col medium-10 small-10 large-8\"  >\n\t\t\t\t<div class=\"col-inner\"  >\n\t\t\t\n\t\t\t\n\n<div class=\"container section-title-container\" ><h4 class=\"section-title section-title-normal\"><b><\/b><span class=\"section-title-main\" style=\"font-size:80%;color:rgba(0, 0, 0, 0.7);\">parque ninja<\/span><b><\/b><\/h4><\/div>\n\n\t<div id=\"text-1561313790\" class=\"text\">\n\t\t\n\n<h2><span style=\"font-size: 150%; font-weight: 300;\">Essayez notre circuit<\/span><\/h2>\n<p>Effectuez votre entra\u00eenement dans nos installations de premi\u00e8re classe situ\u00e9es \u00e0 l&rsquo;ext\u00e9rieur dans notre parc.<\/p>\n\t\t\n<style>\n#text-1561313790 {\n  color: rgb(0,0,0);\n}\n#text-1561313790 > * {\n  color: rgb(0,0,0);\n}\n<\/style>\n\t<\/div>\n\t\n\t<div id=\"gap-1702428675\" class=\"gap-element clearfix\" style=\"display:block; height:auto;\">\n\t\t\n<style>\n#gap-1702428675 {\n  padding-top: 30px;\n}\n<\/style>\n\t<\/div>\n\t\n\n\n\t\t<\/div>\n\t\t\t\t\t<\/div>\n\n\t\n\n\n<style>\n#row-467182994 > .col > .col-inner {\n  padding: 20px 0px 20px 0px;\n}\n@media (min-width:550px) {\n  #row-467182994 > .col > .col-inner {\n    padding: 60px 0px 60px 0px;\n  }\n}\n@media (min-width:850px) {\n  #row-467182994 > .col > .col-inner {\n    padding: 40px 0px 40px 0px;\n  }\n}\n<\/style>\n<\/div>\n\n\t\t<\/div>\n\t\t\t\t\t<\/div>\n\n\t\n\n\n<style>\n#row-2038604142 > .col > .col-inner {\n  background-color: rgb(255,255,255);\n}\n<\/style>\n<\/div>\n\n\t\t<\/div>\n\n\t\t\n<style>\n#section_1993882763 {\n  padding-top: 50px;\n  padding-bottom: 50px;\n  background-color: rgb(255,255,255);\n}\n<\/style>\n\t<\/section>\n\t\n\t<section class=\"section dark\" id=\"section_79421343\">\n\t\t<div class=\"bg section-bg fill bg-fill  bg-loaded\" >\n\n\t\t\t\n\t\t\t\n\t\t\t\n\n\t\t<\/div>\n\n\t\t\n\n\t\t<div class=\"section-content relative\">\n\t\t\t\n\n<div class=\"row row-collapse align-middle\" style=\"max-width:1300px\" id=\"row-77587559\">\n\n\n\t<div id=\"col-1990657781\" class=\"col medium-12 small-12 large-6\"  >\n\t\t\t\t<div class=\"col-inner text-left\"  >\n\t\t\t\n\t\t\t\n\n<div class=\"row align-center\"  id=\"row-241516879\">\n\n\n\t<div id=\"col-193203137\" class=\"col medium-10 small-10 large-8\"  >\n\t\t\t\t<div class=\"col-inner\"  >\n\t\t\t\n\t\t\t\n\n<div class=\"container section-title-container\" ><h4 class=\"section-title section-title-normal\"><b><\/b><span class=\"section-title-main\" style=\"font-size:80%;color:rgba(0, 0, 0, 0.7);\">parque ninja<\/span><b><\/b><\/h4><\/div>\n\n\t<div id=\"text-494584398\" class=\"text\">\n\t\t\n\n<h2><span style=\"font-size: 150%; font-weight: 300;\">Installations<\/span><\/h2>\n<p>Nous avons plus de 6 services d&rsquo;entra\u00eenement tels que notre barre de traction, notre \u00e9chelle, nos barres parall\u00e8les\u2026<\/p>\n\t\t\n<style>\n#text-494584398 {\n  color: rgb(0,0,0);\n}\n#text-494584398 > * {\n  color: rgb(0,0,0);\n}\n<\/style>\n\t<\/div>\n\t\n\t<div id=\"gap-1028663072\" class=\"gap-element clearfix\" style=\"display:block; height:auto;\">\n\t\t\n<style>\n#gap-1028663072 {\n  padding-top: 30px;\n}\n<\/style>\n\t<\/div>\n\t\n\n\n\t\t<\/div>\n\t\t\t\t\t<\/div>\n\n\t\n\n\n<style>\n#row-241516879 > .col > .col-inner {\n  padding: 20px 0px 20px 0px;\n}\n@media (min-width:550px) {\n  #row-241516879 > .col > .col-inner {\n    padding: 60px 0px 60px 0px;\n  }\n}\n@media (min-width:850px) {\n  #row-241516879 > .col > .col-inner {\n    padding: 40px 0px 40px 0px;\n  }\n}\n<\/style>\n<\/div>\n\n\t\t<\/div>\n\t\t\t\t\t<\/div>\n\n\t\n\n\t<div id=\"col-1492074850\" class=\"col medium-12 small-12 large-6 medium-col-first\"  >\n\t\t\t\t<div class=\"col-inner\"  >\n\t\t\t\n\t\t\t\n\n\t<div class=\"img has-hover x md-x lg-x y md-y lg-y\" id=\"image_333669341\">\n\t\t\t\t\t\t\t\t<div class=\"img-inner dark\" >\n\t\t\t<img width=\"2040\" height=\"1148\" src=\"https:\/\/lunarcablepark.com\/wp-content\/uploads\/2022\/07\/aCopy-of-IMG_4352.jpg\" class=\"attachment-original size-original\" alt=\"calistenia_almeria\" decoding=\"async\" loading=\"lazy\" srcset=\"https:\/\/lunarcablepark.com\/wp-content\/uploads\/2022\/07\/aCopy-of-IMG_4352.jpg 2040w, https:\/\/lunarcablepark.com\/wp-content\/uploads\/2022\/07\/aCopy-of-IMG_4352-711x400.jpg 711w, https:\/\/lunarcablepark.com\/wp-content\/uploads\/2022\/07\/aCopy-of-IMG_4352-1400x788.jpg 1400w, https:\/\/lunarcablepark.com\/wp-content\/uploads\/2022\/07\/aCopy-of-IMG_4352-768x432.jpg 768w, https:\/\/lunarcablepark.com\/wp-content\/uploads\/2022\/07\/aCopy-of-IMG_4352-1536x864.jpg 1536w\" sizes=\"(max-width: 2040px) 100vw, 2040px\" \/>\t\t\t\t\t\t\n\t\t\t\t\t<\/div>\n\t\t\t\t\t\t\t\t\n<style>\n#image_333669341 {\n  width: 100%;\n}\n<\/style>\n\t<\/div>\n\t\n\n\n\t\t<\/div>\n\t\t\t\t\t<\/div>\n\n\t\n\n\n<style>\n#row-77587559 > .col > .col-inner {\n  background-color: rgb(255,255,255);\n}\n<\/style>\n<\/div>\n\n\t\t<\/div>\n\n\t\t\n<style>\n#section_79421343 {\n  padding-top: 50px;\n  padding-bottom: 50px;\n  background-color: rgb(255,255,255);\n}\n<\/style>\n\t<\/section>\n\t\n\t<section class=\"section dark\" id=\"section_985230681\">\n\t\t<div class=\"bg section-bg fill bg-fill  bg-loaded\" >\n\n\t\t\t\n\t\t\t\n\t\t\t\n\n\t\t<\/div>\n\n\t\t\n\n\t\t<div class=\"section-content relative\">\n\t\t\t\n\n<div class=\"row row-collapse align-middle\" style=\"max-width:1300px\" id=\"row-2045192334\">\n\n\n\t<div id=\"col-557554709\" class=\"col medium-12 small-12 large-6\"  >\n\t\t\t\t<div class=\"col-inner\"  >\n\t\t\t\n\t\t\t\n\n\t<div class=\"img has-hover x md-x lg-x y md-y lg-y\" id=\"image_2079674628\">\n\t\t\t\t\t\t\t\t<div class=\"img-inner dark\" >\n\t\t\t<img width=\"2040\" height=\"1147\" src=\"https:\/\/lunarcablepark.com\/wp-content\/uploads\/2022\/07\/aCopy-of-IMG_4466.jpg\" class=\"attachment-original size-original\" alt=\"calistenia_almeria\" decoding=\"async\" loading=\"lazy\" srcset=\"https:\/\/lunarcablepark.com\/wp-content\/uploads\/2022\/07\/aCopy-of-IMG_4466.jpg 2040w, https:\/\/lunarcablepark.com\/wp-content\/uploads\/2022\/07\/aCopy-of-IMG_4466-711x400.jpg 711w, https:\/\/lunarcablepark.com\/wp-content\/uploads\/2022\/07\/aCopy-of-IMG_4466-1400x787.jpg 1400w, https:\/\/lunarcablepark.com\/wp-content\/uploads\/2022\/07\/aCopy-of-IMG_4466-768x432.jpg 768w, https:\/\/lunarcablepark.com\/wp-content\/uploads\/2022\/07\/aCopy-of-IMG_4466-1536x864.jpg 1536w\" sizes=\"(max-width: 2040px) 100vw, 2040px\" \/>\t\t\t\t\t\t\n\t\t\t\t\t<\/div>\n\t\t\t\t\t\t\t\t\n<style>\n#image_2079674628 {\n  width: 100%;\n}\n<\/style>\n\t<\/div>\n\t\n\n\n\t\t<\/div>\n\t\t\t\t\t<\/div>\n\n\t\n\n\t<div id=\"col-311205106\" class=\"col medium-12 small-12 large-6\"  >\n\t\t\t\t<div class=\"col-inner text-left\"  >\n\t\t\t\n\t\t\t\n\n<div class=\"row align-center\"  id=\"row-297932903\">\n\n\n\t<div id=\"col-574923110\" class=\"col medium-10 small-10 large-8\"  >\n\t\t\t\t<div class=\"col-inner\"  >\n\t\t\t\n\t\t\t\n\n<div class=\"container section-title-container\" ><h4 class=\"section-title section-title-normal\"><b><\/b><span class=\"section-title-main\" style=\"font-size:80%;color:rgba(0, 0, 0, 0.7);\">parque ninja<\/span><b><\/b><\/h4><\/div>\n\n\t<div id=\"text-3587217552\" class=\"text\">\n\t\t\n\n<h2><span style=\"font-size: 150%; font-weight: 300;\">Formation de groupe<\/span><\/h2>\n<p>Venez accompagn\u00e9 de vos amis ou de votre famille qui veulent profiter de nos installations et s&rsquo;entra\u00eener avec la meilleure compagnie!<\/p>\n\t\t\n<style>\n#text-3587217552 {\n  color: rgb(0,0,0);\n}\n#text-3587217552 > * {\n  color: rgb(0,0,0);\n}\n<\/style>\n\t<\/div>\n\t\n\t<div id=\"gap-272006724\" class=\"gap-element clearfix\" style=\"display:block; height:auto;\">\n\t\t\n<style>\n#gap-272006724 {\n  padding-top: 30px;\n}\n<\/style>\n\t<\/div>\n\t\n\n\n\t\t<\/div>\n\t\t\t\t\t<\/div>\n\n\t\n\n\n<style>\n#row-297932903 > .col > .col-inner {\n  padding: 20px 0px 20px 0px;\n}\n@media (min-width:550px) {\n  #row-297932903 > .col > .col-inner {\n    padding: 60px 0px 60px 0px;\n  }\n}\n@media (min-width:850px) {\n  #row-297932903 > .col > .col-inner {\n    padding: 40px 0px 40px 0px;\n  }\n}\n<\/style>\n<\/div>\n\n\t\t<\/div>\n\t\t\t\t\t<\/div>\n\n\t\n\n<\/div>\n\n\t\t<\/div>\n\n\t\t\n<style>\n#section_985230681 {\n  padding-top: 50px;\n  padding-bottom: 50px;\n  background-color: rgb(255,255,255);\n}\n<\/style>\n\t<\/section>\n\t\n\t<section class=\"section dark\" id=\"section_109802476\">\n\t\t<div class=\"bg section-bg fill bg-fill  bg-loaded\" >\n\n\t\t\t\n\t\t\t\n\t\t\t\n\n\t\t<\/div>\n\n\t\t\n\n\t\t<div class=\"section-content relative\">\n\t\t\t\n\n<div class=\"row align-middle align-center\"  id=\"row-1733700804\">\n\n\n\t<div id=\"col-896958681\" class=\"col medium-12 small-12 large-9\"  >\n\t\t\t\t<div class=\"col-inner\"  >\n\t\t\t\n\t\t\t\n\n\t<div id=\"text-486305675\" class=\"text\">\n\t\t\n\n<h4><span style=\"font-size: 200%; font-weight: 300;\">Voulez-vous essayer notre Park Ninja?<\/span><\/h4>\n<p>Contactez notre \u00e9quipe pour r\u00e9server une date.<\/p>\n\t\t\n<style>\n#text-486305675 {\n  color: rgb(0,0,0);\n}\n#text-486305675 > * {\n  color: rgb(0,0,0);\n}\n<\/style>\n\t<\/div>\n\t\n\n\t\t<\/div>\n\t\t\t\t\t<\/div>\n\n\t\n\n\t<div id=\"col-2096558551\" class=\"col medium-12 small-12 large-3\"  >\n\t\t\t\t<div class=\"col-inner\"  >\n\t\t\t\n\t\t\t\n\n<a href=\"https:\/\/lunarcablepark.com\/fr\/contact\/\" target=\"_self\" class=\"button primary is-outline expand\"  style=\"border-radius:99px;\">\n    <span>Contacter<\/span>\n  <\/a>\n\n\n\n\t\t<\/div>\n\t\t\t\t\t<\/div>\n\n\t\n\n<\/div>\n\n\t\t<\/div>\n\n\t\t\n<style>\n#section_109802476 {\n  padding-top: 80px;\n  padding-bottom: 80px;\n  background-color: rgb(255,255,255);\n}\n<\/style>\n\t<\/section>\n\t\n\n","protected":false},"excerpt":{"rendered":"","protected":false},"author":1,"featured_media":0,"parent":0,"menu_order":0,"comment_status":"closed","ping_status":"closed","template":"page-blank.php","meta":[],"yoast_head":"<!-- This site is optimized with the Yoast SEO plugin v21.7 - https:\/\/yoast.com\/wordpress\/plugins\/seo\/ -->\n<title>Parque Ninja - Lunar Cable Park<\/title>\n<meta name=\"robots\" content=\"index, follow, max-snippet:-1, max-image-preview:large, max-video-preview:-1\" \/>\n<link rel=\"canonical\" href=\"https:\/\/lunarcablepark.com\/parque-ninja\/\" \/>\n<meta property=\"og:locale\" content=\"fr_FR\" \/>\n<meta property=\"og:type\" content=\"article\" \/>\n<meta property=\"og:title\" content=\"Parque Ninja - Lunar Cable Park\" \/>\n<meta property=\"og:url\" content=\"https:\/\/lunarcablepark.com\/parque-ninja\/\" \/>\n<meta property=\"og:site_name\" content=\"Lunar Cable Park\" \/>\n<meta property=\"article:modified_time\" content=\"2022-09-16T09:55:24+00:00\" \/>\n<meta name=\"twitter:card\" content=\"summary_large_image\" \/>\n<meta name=\"twitter:label1\" content=\"Dur\u00e9e de lecture estim\u00e9e\" \/>\n\t<meta name=\"twitter:data1\" content=\"3 minutes\" \/>\n<script type=\"application\/ld+json\" class=\"yoast-schema-graph\">{\"@context\":\"https:\/\/schema.org\",\"@graph\":[{\"@type\":\"WebPage\",\"@id\":\"https:\/\/lunarcablepark.com\/parque-ninja\/\",\"url\":\"https:\/\/lunarcablepark.com\/parque-ninja\/\",\"name\":\"Parque Ninja - Lunar Cable Park\",\"isPartOf\":{\"@id\":\"https:\/\/lunarcablepark.com\/#website\"},\"datePublished\":\"2022-07-05T16:21:22+00:00\",\"dateModified\":\"2022-09-16T09:55:24+00:00\",\"breadcrumb\":{\"@id\":\"https:\/\/lunarcablepark.com\/parque-ninja\/#breadcrumb\"},\"inLanguage\":\"fr-FR\",\"potentialAction\":[{\"@type\":\"ReadAction\",\"target\":[\"https:\/\/lunarcablepark.com\/parque-ninja\/\"]}]},{\"@type\":\"BreadcrumbList\",\"@id\":\"https:\/\/lunarcablepark.com\/parque-ninja\/#breadcrumb\",\"itemListElement\":[{\"@type\":\"ListItem\",\"position\":1,\"name\":\"Portada\",\"item\":\"https:\/\/lunarcablepark.com\/\"},{\"@type\":\"ListItem\",\"position\":2,\"name\":\"Parque Ninja\"}]},{\"@type\":\"WebSite\",\"@id\":\"https:\/\/lunarcablepark.com\/#website\",\"url\":\"https:\/\/lunarcablepark.com\/\",\"name\":\"Lunar Cable Park\",\"description\":\"Disfruta de las mejores instalaciones de Wakeboard en Espa\u00f1a\",\"potentialAction\":[{\"@type\":\"SearchAction\",\"target\":{\"@type\":\"EntryPoint\",\"urlTemplate\":\"https:\/\/lunarcablepark.com\/?s={search_term_string}\"},\"query-input\":\"required name=search_term_string\"}],\"inLanguage\":\"fr-FR\"}]}<\/script>\n<!-- \/ Yoast SEO plugin. -->","yoast_head_json":{"title":"Parque Ninja - Lunar Cable Park","robots":{"index":"index","follow":"follow","max-snippet":"max-snippet:-1","max-image-preview":"max-image-preview:large","max-video-preview":"max-video-preview:-1"},"canonical":"https:\/\/lunarcablepark.com\/parque-ninja\/","og_locale":"fr_FR","og_type":"article","og_title":"Parque Ninja - Lunar Cable Park","og_url":"https:\/\/lunarcablepark.com\/parque-ninja\/","og_site_name":"Lunar Cable Park","article_modified_time":"2022-09-16T09:55:24+00:00","twitter_card":"summary_large_image","twitter_misc":{"Dur\u00e9e de lecture estim\u00e9e":"3 minutes"},"schema":{"@context":"https:\/\/schema.org","@graph":[{"@type":"WebPage","@id":"https:\/\/lunarcablepark.com\/parque-ninja\/","url":"https:\/\/lunarcablepark.com\/parque-ninja\/","name":"Parque Ninja - Lunar Cable Park","isPartOf":{"@id":"https:\/\/lunarcablepark.com\/#website"},"datePublished":"2022-07-05T16:21:22+00:00","dateModified":"2022-09-16T09:55:24+00:00","breadcrumb":{"@id":"https:\/\/lunarcablepark.com\/parque-ninja\/#breadcrumb"},"inLanguage":"fr-FR","potentialAction":[{"@type":"ReadAction","target":["https:\/\/lunarcablepark.com\/parque-ninja\/"]}]},{"@type":"BreadcrumbList","@id":"https:\/\/lunarcablepark.com\/parque-ninja\/#breadcrumb","itemListElement":[{"@type":"ListItem","position":1,"name":"Portada","item":"https:\/\/lunarcablepark.com\/"},{"@type":"ListItem","position":2,"name":"Parque Ninja"}]},{"@type":"WebSite","@id":"https:\/\/lunarcablepark.com\/#website","url":"https:\/\/lunarcablepark.com\/","name":"Lunar Cable Park","description":"Disfruta de las mejores instalaciones de Wakeboard en Espa\u00f1a","potentialAction":[{"@type":"SearchAction","target":{"@type":"EntryPoint","urlTemplate":"https:\/\/lunarcablepark.com\/?s={search_term_string}"},"query-input":"required name=search_term_string"}],"inLanguage":"fr-FR"}]}},"_links":{"self":[{"href":"https:\/\/lunarcablepark.com\/fr\/wp-json\/wp\/v2\/pages\/2038"}],"collection":[{"href":"https:\/\/lunarcablepark.com\/fr\/wp-json\/wp\/v2\/pages"}],"about":[{"href":"https:\/\/lunarcablepark.com\/fr\/wp-json\/wp\/v2\/types\/page"}],"author":[{"embeddable":true,"href":"https:\/\/lunarcablepark.com\/fr\/wp-json\/wp\/v2\/users\/1"}],"replies":[{"embeddable":true,"href":"https:\/\/lunarcablepark.com\/fr\/wp-json\/wp\/v2\/comments?post=2038"}],"version-history":[{"count":3,"href":"https:\/\/lunarcablepark.com\/fr\/wp-json\/wp\/v2\/pages\/2038\/revisions"}],"predecessor-version":[{"id":2320,"href":"https:\/\/lunarcablepark.com\/fr\/wp-json\/wp\/v2\/pages\/2038\/revisions\/2320"}],"wp:attachment":[{"href":"https:\/\/lunarcablepark.com\/fr\/wp-json\/wp\/v2\/media?parent=2038"}],"curies":[{"name":"wp","href":"https:\/\/api.w.org\/{rel}","templated":true}]}}