{"id":2036,"date":"2022-07-05T16:20:41","date_gmt":"2022-07-05T16:20:41","guid":{"rendered":"https:\/\/lunarcablepark.com\/paddle-surf\/"},"modified":"2022-09-16T09:51:24","modified_gmt":"2022-09-16T09:51:24","slug":"paddle-surf","status":"publish","type":"page","link":"https:\/\/lunarcablepark.com\/fr\/paddle-surf\/","title":{"rendered":"Paddle Surf"},"content":{"rendered":"\n\t<section class=\"section\" id=\"section_1798602933\">\n\t\t<div class=\"bg section-bg fill bg-fill  \" >\n\n\t\t\t\n\t\t\t<div class=\"section-bg-overlay absolute fill\"><\/div>\n\t\t\t\n\n\t\t<\/div>\n\n\t\t\n\n\t\t<div class=\"section-content relative\">\n\t\t\t\n\n\t<div id=\"gap-1530805316\" class=\"gap-element clearfix\" style=\"display:block; height:auto;\">\n\t\t\n<style>\n#gap-1530805316 {\n  padding-top: 30px;\n}\n<\/style>\n\t<\/div>\n\t\n\n<div class=\"row align-middle align-center\" style=\"max-width:1300px\" id=\"row-1177238363\">\n\n\n\t<div id=\"col-1518585359\" class=\"col small-12 large-12\"  >\n\t\t\t\t<div class=\"col-inner dark\"  >\n\t\t\t\n\t\t\t\n\n\t<div id=\"text-2277382259\" class=\"text\">\n\t\t\n\n<h6>Lunar cable park<\/h6>\n\t\t\n<style>\n#text-2277382259 {\n  font-size: 1rem;\n  text-align: left;\n  color: rgb(255,255,255);\n}\n#text-2277382259 > * {\n  color: rgb(255,255,255);\n}\n@media (min-width:550px) {\n  #text-2277382259 {\n    font-size: 1.5rem;\n  }\n}\n<\/style>\n\t<\/div>\n\t\n\t<div id=\"text-485116225\" class=\"text\">\n\t\t\n\n<h1 style=\"font-weight:300;\">Profitez d&rsquo;une<br>journ\u00e9e de Paddle surf<\/h1>\n\t\t\n<style>\n#text-485116225 {\n  font-size: 1.75rem;\n}\n@media (min-width:550px) {\n  #text-485116225 {\n    font-size: 2.75rem;\n  }\n}\n<\/style>\n\t<\/div>\n\t\n\n\t\t<\/div>\n\t\t\t\t\t<\/div>\n\n\t\n\n<\/div>\n\n\t\t<\/div>\n\n\t\t\n<style>\n#section_1798602933 {\n  padding-top: 30px;\n  padding-bottom: 30px;\n  min-height: 350px;\n}\n#section_1798602933 .section-bg-overlay {\n  background-color: rgba(0, 0, 0, 0.2);\n}\n#section_1798602933 .section-bg.bg-loaded {\n  background-image: url(https:\/\/lunarcablepark.com\/wp-content\/uploads\/2022\/07\/Paddle.jpg);\n}\n#section_1798602933 .section-bg {\n  background-position: 66% 86%;\n}\n@media (min-width:550px) {\n  #section_1798602933 {\n    min-height: 500px;\n  }\n}\n@media (min-width:850px) {\n  #section_1798602933 {\n    min-height: 700px;\n  }\n}\n<\/style>\n\t<\/section>\n\t\n\t<section class=\"section\" id=\"section_1731492485\">\n\t\t<div class=\"bg section-bg fill bg-fill  bg-loaded\" >\n\n\t\t\t\n\t\t\t\n\t\t\t\n\n\t\t<\/div>\n\n\t\t\n\n\t\t<div class=\"section-content relative\">\n\t\t\t\n\n\t<div id=\"gap-448854816\" class=\"gap-element clearfix\" style=\"display:block; height:auto;\">\n\t\t\n<style>\n#gap-448854816 {\n  padding-top: 20px;\n}\n@media (min-width:850px) {\n  #gap-448854816 {\n    padding-top: 75px;\n  }\n}\n<\/style>\n\t<\/div>\n\t\n\n\t<div id=\"gap-966959475\" class=\"gap-element clearfix\" style=\"display:block; height:auto;\">\n\t\t\n<style>\n#gap-966959475 {\n  padding-top: 50px;\n}\n@media (min-width:550px) {\n  #gap-966959475 {\n    padding-top: 100px;\n  }\n}\n@media (min-width:850px) {\n  #gap-966959475 {\n    padding-top: 120px;\n  }\n}\n<\/style>\n\t<\/div>\n\t\n\n<div class=\"row align-middle align-center\" style=\"max-width:1300px\" id=\"row-1915619674\">\n\n\n\t<div id=\"col-1657360436\" class=\"col medium-11 small-12 large-6\"  >\n\t\t\t\t<div class=\"col-inner text-left dark\"  >\n\t\t\t\n\t\t\t\n\n\t<div id=\"gap-870993297\" class=\"gap-element clearfix\" style=\"display:block; height:auto;\">\n\t\t\n<style>\n#gap-870993297 {\n  padding-top: 10px;\n}\n@media (min-width:550px) {\n  #gap-870993297 {\n    padding-top: 30px;\n  }\n}\n@media (min-width:850px) {\n  #gap-870993297 {\n    padding-top: 0px;\n  }\n}\n<\/style>\n\t<\/div>\n\t\n\n\t<div id=\"text-3414835692\" class=\"text\">\n\t\t\n\n<h6>paddle surf<\/h6>\n\t\t\n<style>\n#text-3414835692 {\n  font-size: 1rem;\n  text-align: left;\n  color: rgb(0,0,0);\n}\n#text-3414835692 > * {\n  color: rgb(0,0,0);\n}\n@media (min-width:550px) {\n  #text-3414835692 {\n    font-size: 1rem;\n  }\n}\n<\/style>\n\t<\/div>\n\t\n\t<div id=\"gap-1368036168\" class=\"gap-element clearfix\" style=\"display:block; height:auto;\">\n\t\t\n<style>\n#gap-1368036168 {\n  padding-top: 20px;\n}\n@media (min-width:550px) {\n  #gap-1368036168 {\n    padding-top: 10px;\n  }\n}\n<\/style>\n\t<\/div>\n\t\n\n\t<div id=\"text-628918975\" class=\"text\">\n\t\t\n\n<h2 style=\"font-weight: 300;\">Avez-vous d\u00e9j\u00e0 essay\u00e9 le Paddle Surf?<\/h2>\n\t\t\n<style>\n#text-628918975 {\n  font-size: 1.75rem;\n  color: rgb(0,0,0);\n}\n#text-628918975 > * {\n  color: rgb(0,0,0);\n}\n<\/style>\n\t<\/div>\n\t\n\t<div id=\"text-2957242002\" class=\"text\">\n\t\t\n\n<p>Venez profiter d&rsquo;une journ\u00e9e unique dans nos installations en pratiquant ce sport. Entrez dans l&rsquo;eau et glissez \u00e0 l&rsquo;aide de la pagaie tout en restant au-dessus de la planche.<br><br>Nos moniteurs vous aideront dans le cas o\u00f9 cela serait n\u00e9cessaire pour l&rsquo;initiation au Paddle Surf.<\/p>\n\t\t\n<style>\n#text-2957242002 {\n  font-size: 1.5rem;\n  color: rgb(0,0,0);\n}\n#text-2957242002 > * {\n  color: rgb(0,0,0);\n}\n@media (min-width:550px) {\n  #text-2957242002 {\n    font-size: 1rem;\n  }\n}\n<\/style>\n\t<\/div>\n\t\n<a href=\"https:\/\/api.whatsapp.com\/send\/?phone=34665512873\" target=\"_self\" class=\"button primary is-underline\"  >\n    <span>\u00c9crivez-nous!<\/span>\n  <\/a>\n\n\n\n\t\t<\/div>\n\t\t\t\t\t<\/div>\n\n\t\n\n\t<div id=\"col-1800767381\" class=\"col medium-11 small-11 large-6 medium-col-first\"  >\n\t\t\t\t<div class=\"col-inner text-left\"  >\n\t\t\t\n\t<div class=\"is-border\"\n\t\tstyle=\"border-color:rgb(233, 213, 197);border-width:40px 40px 0px 0px;margin:-40px -40px 40px 40px;\">\n\t<\/div>\n\t\t\t\n\n\n  <div class=\"banner has-hover\" id=\"banner-262611486\">\n          <div class=\"banner-inner fill\">\n        <div class=\"banner-bg fill\" >\n            <div class=\"bg fill bg-fill \"><\/div>\n                                    \n                    <\/div>\n\t\t\n        <div class=\"banner-layers container\">\n            <div class=\"fill banner-link\"><\/div>            \n\n\n        <\/div>\n      <\/div>\n\n              <div class=\"height-fix is-invisible\"><img width=\"750\" height=\"500\" src=\"https:\/\/lunarcablepark.com\/wp-content\/uploads\/2022\/06\/SUPfeet.jpg\" class=\"attachment-original size-original\" alt=\"\" decoding=\"async\" loading=\"lazy\" srcset=\"https:\/\/lunarcablepark.com\/wp-content\/uploads\/2022\/06\/SUPfeet.jpg 750w, https:\/\/lunarcablepark.com\/wp-content\/uploads\/2022\/06\/SUPfeet-600x400.jpg 600w\" sizes=\"(max-width: 750px) 100vw, 750px\" \/><\/div>\n            \n<style>\n#banner-262611486 .bg.bg-loaded {\n  background-image: url(https:\/\/lunarcablepark.com\/wp-content\/uploads\/2022\/06\/SUPfeet.jpg);\n}\n#banner-262611486 {\n  background-color: rgb(0,0,0);\n}\n#banner-262611486 .bg {\n  background-position: 100% 100%;\n}\n<\/style>\n  <\/div>\n\n\n\n\t\t<\/div>\n\t\t\t\t\n<style>\n#col-1800767381 > .col-inner {\n  margin: 0px 0px 0px -20px;\n}\n<\/style>\n\t<\/div>\n\n\t\n\n<\/div>\n\t<div id=\"gap-1605022835\" class=\"gap-element clearfix\" style=\"display:block; height:auto;\">\n\t\t\n<style>\n#gap-1605022835 {\n  padding-top: 0px;\n}\n@media (min-width:550px) {\n  #gap-1605022835 {\n    padding-top: 30px;\n  }\n}\n@media (min-width:850px) {\n  #gap-1605022835 {\n    padding-top: 0px;\n  }\n}\n<\/style>\n\t<\/div>\n\t\n\n\n\t\t<\/div>\n\n\t\t\n<style>\n#section_1731492485 {\n  padding-top: 30px;\n  padding-bottom: 30px;\n  min-height: 600px;\n  background-color: rgb(255,255,255);\n}\n<\/style>\n\t<\/section>\n\t\n\t<section class=\"section\" id=\"section_62883754\">\n\t\t<div class=\"bg section-bg fill bg-fill  bg-loaded\" >\n\n\t\t\t\n\t\t\t\n\t\t\t\n\n\t\t<\/div>\n\n\t\t\n\n\t\t<div class=\"section-content relative\">\n\t\t\t\n\n\t<div id=\"gap-922344537\" class=\"gap-element clearfix\" style=\"display:block; height:auto;\">\n\t\t\n<style>\n#gap-922344537 {\n  padding-top: 30px;\n}\n@media (min-width:850px) {\n  #gap-922344537 {\n    padding-top: 75px;\n  }\n}\n<\/style>\n\t<\/div>\n\t\n\n<div class=\"row row-full-width\"  id=\"row-1008797492\">\n\n\n\t<div id=\"col-1096245012\" class=\"col small-12 large-12\"  >\n\t\t\t\t<div class=\"col-inner\"  >\n\t\t\t\n\t\t\t\n\n\t<div id=\"text-3341602176\" class=\"text\">\n\t\t\n\n<h6 style=\"font-size:300\">PADDLE SURF AU LUNAR CABLE PARK<\/h6>\n\t\t\n<style>\n#text-3341602176 {\n  font-size: 1.5rem;\n  text-align: center;\n  color: rgb(0,0,0);\n}\n#text-3341602176 > * {\n  color: rgb(0,0,0);\n}\n<\/style>\n\t<\/div>\n\t\n\t<div id=\"gap-1855366383\" class=\"gap-element clearfix\" style=\"display:block; height:auto;\">\n\t\t\n<style>\n#gap-1855366383 {\n  padding-top: 10px;\n}\n<\/style>\n\t<\/div>\n\t\n\n\t<div id=\"text-805247182\" class=\"text\">\n\t\t\n\n<h5><\/h5>\n\t\t\n<style>\n#text-805247182 {\n  font-size: 2.75rem;\n}\n<\/style>\n\t<\/div>\n\t\n  <div class=\"banner-grid-wrapper\">\n  <div id=\"banner-grid-1104614991\" class=\"banner-grid row row-grid row-small row-full-width\" data-packery-options=\"\">\n                      \n\n<div class=\"col grid-col small-19 large-5 grid-col-1\" ><div class=\"col-inner\">\n\n\n  <div class=\"banner has-hover\" id=\"banner-1857501534\">\n          <div class=\"banner-inner fill\">\n        <div class=\"banner-bg fill\" >\n            <div class=\"bg fill bg-fill \"><\/div>\n                                    \n                    <\/div>\n\t\t\n        <div class=\"banner-layers container\">\n            <div class=\"fill banner-link\"><\/div>            \n\n\n        <\/div>\n      <\/div>\n\n            \n<style>\n#banner-1857501534 {\n  padding-top: 200px;\n  background-color: rgb(255, 255, 255);\n}\n#banner-1857501534 .bg.bg-loaded {\n  background-image: url(https:\/\/lunarcablepark.com\/wp-content\/uploads\/2022\/07\/paddle1-scaled.jpg);\n}\n#banner-1857501534 .bg {\n  background-position: 100% 100%;\n}\n@media (min-width:550px) {\n  #banner-1857501534 {\n    padding-top: 500px;\n  }\n}\n<\/style>\n  <\/div>\n\n\n\n<\/div><\/div>\n<div class=\"col grid-col small-12 large-3 grid-col-1-3\" ><div class=\"col-inner\">\n\n\n  <div class=\"banner has-hover\" id=\"banner-612653810\">\n          <div class=\"banner-inner fill\">\n        <div class=\"banner-bg fill\" >\n            <div class=\"bg fill bg-fill \"><\/div>\n                                    \n                    <\/div>\n\t\t\n        <div class=\"banner-layers container\">\n            <div class=\"fill banner-link\"><\/div>            \n\n\n        <\/div>\n      <\/div>\n\n            \n<style>\n#banner-612653810 {\n  padding-top: 500px;\n  background-color: rgb(255, 255, 255);\n}\n#banner-612653810 .bg.bg-loaded {\n  background-image: url(https:\/\/lunarcablepark.com\/wp-content\/uploads\/2022\/07\/7002.jpg);\n}\n#banner-612653810 .bg {\n  background-position: 58% 54%;\n}\n<\/style>\n  <\/div>\n\n\n\n<\/div><\/div>\n<div class=\"col grid-col small-12 large-4 grid-col-2-3\" ><div class=\"col-inner\">\n\n\n  <div class=\"banner has-hover\" id=\"banner-1275112367\">\n          <div class=\"banner-inner fill\">\n        <div class=\"banner-bg fill\" >\n            <div class=\"bg fill bg-fill \"><\/div>\n                                    \n                    <\/div>\n\t\t\n        <div class=\"banner-layers container\">\n            <div class=\"fill banner-link\"><\/div>            \n\n\n        <\/div>\n      <\/div>\n\n            \n<style>\n#banner-1275112367 {\n  padding-top: 500px;\n  background-color: rgb(255, 255, 255);\n}\n#banner-1275112367 .bg.bg-loaded {\n  background-image: url(https:\/\/lunarcablepark.com\/wp-content\/uploads\/2022\/07\/7004-scaled.jpg);\n}\n#banner-1275112367 .bg {\n  background-position: 3% 46%;\n}\n<\/style>\n  <\/div>\n\n\n\n<\/div><\/div>\n<div class=\"col grid-col small-12 large-3 grid-col-1\" ><div class=\"col-inner\">\n\n\n  <div class=\"banner has-hover\" id=\"banner-1254773054\">\n          <div class=\"banner-inner fill\">\n        <div class=\"banner-bg fill\" >\n            <div class=\"bg fill bg-fill \"><\/div>\n                                    \n                    <\/div>\n\t\t\n        <div class=\"banner-layers container\">\n            <div class=\"fill banner-link\"><\/div>            \n\n\n        <\/div>\n      <\/div>\n\n            \n<style>\n#banner-1254773054 {\n  padding-top: 500px;\n  background-color: rgb(255, 255, 255);\n}\n#banner-1254773054 .bg.bg-loaded {\n  background-image: url(https:\/\/lunarcablepark.com\/wp-content\/uploads\/2022\/07\/paddle2-scaled.jpg);\n}\n#banner-1254773054 .bg {\n  background-position: 63% 39%;\n}\n<\/style>\n  <\/div>\n\n\n\n<\/div><\/div>\n<div class=\"col grid-col small-12 large-4 grid-col-2-3\" ><div class=\"col-inner\">\n\n\n  <div class=\"banner has-hover\" id=\"banner-971527151\">\n          <div class=\"banner-inner fill\">\n        <div class=\"banner-bg fill\" >\n            <div class=\"bg fill bg-fill \"><\/div>\n                                    \n                    <\/div>\n\t\t\n        <div class=\"banner-layers container\">\n            <div class=\"fill banner-link\"><\/div>            \n\n\n        <\/div>\n      <\/div>\n\n            \n<style>\n#banner-971527151 {\n  padding-top: 200px;\n  background-color: rgb(255, 255, 255);\n}\n#banner-971527151 .bg.bg-loaded {\n  background-image: url(https:\/\/lunarcablepark.com\/wp-content\/uploads\/2022\/07\/Paddle.jpg);\n}\n#banner-971527151 .bg {\n  background-position: 9% 33%;\n}\n@media (min-width:550px) {\n  #banner-971527151 {\n    padding-top: 500px;\n  }\n}\n<\/style>\n  <\/div>\n\n\n\n<\/div><\/div>\n<div class=\"col grid-col small-12 large-5 grid-col-1-3\" ><div class=\"col-inner\">\n\n\n  <div class=\"banner has-hover\" id=\"banner-1443112168\">\n          <div class=\"banner-inner fill\">\n        <div class=\"banner-bg fill\" >\n            <div class=\"bg fill bg-fill \"><\/div>\n                                    \n                    <\/div>\n\t\t\n        <div class=\"banner-layers container\">\n            <div class=\"fill banner-link\"><\/div>            \n\n\n        <\/div>\n      <\/div>\n\n            \n<style>\n#banner-1443112168 {\n  padding-top: 500px;\n  background-color: rgb(255, 255, 255);\n}\n#banner-1443112168 .bg.bg-loaded {\n  background-image: url(https:\/\/lunarcablepark.com\/wp-content\/uploads\/2022\/07\/57.jpg);\n}\n#banner-1443112168 .bg {\n  background-position: 40% 68%;\n}\n<\/style>\n  <\/div>\n\n\n\n<\/div><\/div>\n\n            <\/div>\n    <style>\n    #banner-grid-1104614991 .grid-col-1{height: 600px}\n    #banner-grid-1104614991 .grid-col-1-2{height: 300px}\n    #banner-grid-1104614991 .grid-col-1-3{height:200px}\n    #banner-grid-1104614991 .grid-col-2-3{height: 400px}\n    #banner-grid-1104614991 .grid-col-1-4{height: 150px}\n    #banner-grid-1104614991 .grid-col-3-4{height: 450px}\n\n\n    \n        \/* Mobile *\/\n    @media (max-width: 550px){\n      #banner-grid-1104614991 .grid-col-1{height: 422px}\n      #banner-grid-1104614991 .grid-col-1-2{height: 211px}\n      #banner-grid-1104614991 .grid-col-1-3{height:140.66666666667px}\n      #banner-grid-1104614991 .grid-col-2-3{height: 281.33333333333px}\n      #banner-grid-1104614991 .grid-col-1-4{height: 105.5px}\n      #banner-grid-1104614991 .grid-col-3-4{height: 316.5px}\n    }\n    \n\n  <\/style>\n    <\/div>\n  \n\n\t\t<\/div>\n\t\t\t\t\t<\/div>\n\n\t\n\n<\/div>\n\t<div id=\"gap-1088155768\" class=\"gap-element clearfix\" style=\"display:block; height:auto;\">\n\t\t\n<style>\n#gap-1088155768 {\n  padding-top: 0px;\n}\n@media (min-width:550px) {\n  #gap-1088155768 {\n    padding-top: 20px;\n  }\n}\n@media (min-width:850px) {\n  #gap-1088155768 {\n    padding-top: 60px;\n  }\n}\n<\/style>\n\t<\/div>\n\t\n\n\n\t\t<\/div>\n\n\t\t\n<style>\n#section_62883754 {\n  padding-top: 30px;\n  padding-bottom: 30px;\n}\n<\/style>\n\t<\/section>\n\t\n\t<section class=\"section\" id=\"section_40312996\">\n\t\t<div class=\"bg section-bg fill bg-fill  bg-loaded\" >\n\n\t\t\t\n\t\t\t\n\t\t\t\n\n\t\t<\/div>\n\n\t\t\n\n\t\t<div class=\"section-content relative\">\n\t\t\t\n\n\t<div id=\"gap-533892550\" class=\"gap-element clearfix\" style=\"display:block; height:auto;\">\n\t\t\n<style>\n#gap-533892550 {\n  padding-top: 75px;\n}\n@media (min-width:550px) {\n  #gap-533892550 {\n    padding-top: 110px;\n  }\n}\n@media (min-width:850px) {\n  #gap-533892550 {\n    padding-top: 140px;\n  }\n}\n<\/style>\n\t<\/div>\n\t\n\n<div class=\"row align-middle align-center\" style=\"max-width:1300px\" id=\"row-1229968007\">\n\n\n\t<div id=\"col-1465034330\" class=\"col medium-10 small-11 large-6\"  >\n\t\t\t\t<div class=\"col-inner text-center\" style=\"background-color:#000000;\" >\n\t\t\t\n\t<div class=\"is-border\"\n\t\tstyle=\"border-color:rgb(233, 213, 197);border-width:40px 0px 0px 40px;margin:-40px 40px 40px -40px;\">\n\t<\/div>\n\t\t\t\n\n\n  <div class=\"banner has-hover\" id=\"banner-223524873\">\n          <div class=\"banner-inner fill\">\n        <div class=\"banner-bg fill\" >\n            <div class=\"bg fill bg-fill \"><\/div>\n                                    \n                    <\/div>\n\t\t\n        <div class=\"banner-layers container\">\n            <div class=\"fill banner-link\"><\/div>            \n\n\n        <\/div>\n      <\/div>\n\n            \n<style>\n#banner-223524873 {\n  padding-top: 250px;\n  background-color: rgb(0,0,0);\n}\n#banner-223524873 .bg.bg-loaded {\n  background-image: url(https:\/\/lunarcablepark.com\/wp-content\/uploads\/2022\/07\/7002.jpg);\n}\n@media (min-width:550px) {\n  #banner-223524873 {\n    padding-top: 500px;\n  }\n}\n<\/style>\n  <\/div>\n\n\n\n\t\t<\/div>\n\t\t\t\t\n<style>\n#col-1465034330 > .col-inner {\n  margin: 0px 0px 0px 25px;\n}\n<\/style>\n\t<\/div>\n\n\t\n\n\t<div id=\"col-1897942568\" class=\"col medium-10 small-12 large-6\"  >\n\t\t\t\t<div class=\"col-inner dark\"  >\n\t\t\t\n\t\t\t\n\n\t<div id=\"gap-491532233\" class=\"gap-element clearfix\" style=\"display:block; height:auto;\">\n\t\t\n<style>\n#gap-491532233 {\n  padding-top: 30px;\n}\n@media (min-width:550px) {\n  #gap-491532233 {\n    padding-top: 30px;\n  }\n}\n@media (min-width:850px) {\n  #gap-491532233 {\n    padding-top: 0px;\n  }\n}\n<\/style>\n\t<\/div>\n\t\n\n\t<div id=\"text-3083382688\" class=\"text\">\n\t\t\n\n<h6>paddle surf<\/h6>\n\t\t\n<style>\n#text-3083382688 {\n  font-size: 1rem;\n  text-align: left;\n  color: rgb(255,255,255);\n}\n#text-3083382688 > * {\n  color: rgb(255,255,255);\n}\n<\/style>\n\t<\/div>\n\t\n\t<div id=\"text-1046319781\" class=\"text\">\n\t\t\n\n<h2 style=\"font-weight: 300;\">Avez-vous d\u00e9j\u00e0 essay\u00e9 le Paddle Surf?<\/h2>\n\t\t\n<style>\n#text-1046319781 {\n  font-size: 1.75rem;\n}\n<\/style>\n\t<\/div>\n\t\n<p>N&rsquo;h\u00e9sitez pas \u00e0 tenter une journ\u00e9e de Paddle Surf dans notre centre en compagnie de votre famille et de vos amis.<\/p>\n<p>\u00c0 partir de 10 \u20ac seulement, profitez d&rsquo;une journ\u00e9e enti\u00e8re de cette activit\u00e9 du Lunar Cable Park.<\/p>\n<a href=\"https:\/\/lunarcablepark.com\/fr\/prix\/\" target=\"_self\" class=\"button white is-underline\"  >\n    <span>Voir les prix<\/span>\n  <\/a>\n\n\n\n\t\t<\/div>\n\t\t\t\t\n<style>\n#col-1897942568 > .col-inner {\n  padding: 0px 0px 0px 10px;\n}\n@media (min-width:550px) {\n  #col-1897942568 > .col-inner {\n    padding: 0px 0px 0px 50px;\n  }\n}\n<\/style>\n\t<\/div>\n\n\t\n\n<\/div>\n\t<div id=\"gap-77228652\" class=\"gap-element clearfix\" style=\"display:block; height:auto;\">\n\t\t\n<style>\n#gap-77228652 {\n  padding-top: 10px;\n}\n@media (min-width:850px) {\n  #gap-77228652 {\n    padding-top: 100px;\n  }\n}\n<\/style>\n\t<\/div>\n\t\n\n\n\t\t<\/div>\n\n\t\t\n<style>\n#section_40312996 {\n  padding-top: 30px;\n  padding-bottom: 30px;\n  min-height: 500px;\n  background-color: rgb(0,0,0);\n}\n<\/style>\n\t<\/section>\n\t\n\n","protected":false},"excerpt":{"rendered":"","protected":false},"author":1,"featured_media":0,"parent":0,"menu_order":0,"comment_status":"closed","ping_status":"closed","template":"page-blank.php","meta":[],"yoast_head":"<!-- This site is optimized with the Yoast SEO plugin v21.7 - https:\/\/yoast.com\/wordpress\/plugins\/seo\/ -->\n<title>Paddle Surf - Lunar Cable Park<\/title>\n<meta name=\"robots\" content=\"index, follow, max-snippet:-1, max-image-preview:large, max-video-preview:-1\" \/>\n<link rel=\"canonical\" href=\"https:\/\/lunarcablepark.com\/paddle-surf\/\" \/>\n<meta property=\"og:locale\" content=\"fr_FR\" \/>\n<meta property=\"og:type\" content=\"article\" \/>\n<meta property=\"og:title\" content=\"Paddle Surf - Lunar Cable Park\" \/>\n<meta property=\"og:url\" content=\"https:\/\/lunarcablepark.com\/paddle-surf\/\" \/>\n<meta property=\"og:site_name\" content=\"Lunar Cable Park\" \/>\n<meta property=\"article:modified_time\" content=\"2022-09-16T09:51:24+00:00\" \/>\n<meta name=\"twitter:card\" content=\"summary_large_image\" \/>\n<meta name=\"twitter:label1\" content=\"Dur\u00e9e de lecture estim\u00e9e\" \/>\n\t<meta name=\"twitter:data1\" content=\"4 minutes\" \/>\n<script type=\"application\/ld+json\" class=\"yoast-schema-graph\">{\"@context\":\"https:\/\/schema.org\",\"@graph\":[{\"@type\":\"WebPage\",\"@id\":\"https:\/\/lunarcablepark.com\/paddle-surf\/\",\"url\":\"https:\/\/lunarcablepark.com\/paddle-surf\/\",\"name\":\"Paddle Surf - Lunar Cable Park\",\"isPartOf\":{\"@id\":\"https:\/\/lunarcablepark.com\/#website\"},\"datePublished\":\"2022-07-05T16:20:41+00:00\",\"dateModified\":\"2022-09-16T09:51:24+00:00\",\"breadcrumb\":{\"@id\":\"https:\/\/lunarcablepark.com\/paddle-surf\/#breadcrumb\"},\"inLanguage\":\"fr-FR\",\"potentialAction\":[{\"@type\":\"ReadAction\",\"target\":[\"https:\/\/lunarcablepark.com\/paddle-surf\/\"]}]},{\"@type\":\"BreadcrumbList\",\"@id\":\"https:\/\/lunarcablepark.com\/paddle-surf\/#breadcrumb\",\"itemListElement\":[{\"@type\":\"ListItem\",\"position\":1,\"name\":\"Portada\",\"item\":\"https:\/\/lunarcablepark.com\/\"},{\"@type\":\"ListItem\",\"position\":2,\"name\":\"Paddle Surf\"}]},{\"@type\":\"WebSite\",\"@id\":\"https:\/\/lunarcablepark.com\/#website\",\"url\":\"https:\/\/lunarcablepark.com\/\",\"name\":\"Lunar Cable Park\",\"description\":\"Disfruta de las mejores instalaciones de Wakeboard en Espa\u00f1a\",\"potentialAction\":[{\"@type\":\"SearchAction\",\"target\":{\"@type\":\"EntryPoint\",\"urlTemplate\":\"https:\/\/lunarcablepark.com\/?s={search_term_string}\"},\"query-input\":\"required name=search_term_string\"}],\"inLanguage\":\"fr-FR\"}]}<\/script>\n<!-- \/ Yoast SEO plugin. -->","yoast_head_json":{"title":"Paddle Surf - Lunar Cable Park","robots":{"index":"index","follow":"follow","max-snippet":"max-snippet:-1","max-image-preview":"max-image-preview:large","max-video-preview":"max-video-preview:-1"},"canonical":"https:\/\/lunarcablepark.com\/paddle-surf\/","og_locale":"fr_FR","og_type":"article","og_title":"Paddle Surf - Lunar Cable Park","og_url":"https:\/\/lunarcablepark.com\/paddle-surf\/","og_site_name":"Lunar Cable Park","article_modified_time":"2022-09-16T09:51:24+00:00","twitter_card":"summary_large_image","twitter_misc":{"Dur\u00e9e de lecture estim\u00e9e":"4 minutes"},"schema":{"@context":"https:\/\/schema.org","@graph":[{"@type":"WebPage","@id":"https:\/\/lunarcablepark.com\/paddle-surf\/","url":"https:\/\/lunarcablepark.com\/paddle-surf\/","name":"Paddle Surf - Lunar Cable Park","isPartOf":{"@id":"https:\/\/lunarcablepark.com\/#website"},"datePublished":"2022-07-05T16:20:41+00:00","dateModified":"2022-09-16T09:51:24+00:00","breadcrumb":{"@id":"https:\/\/lunarcablepark.com\/paddle-surf\/#breadcrumb"},"inLanguage":"fr-FR","potentialAction":[{"@type":"ReadAction","target":["https:\/\/lunarcablepark.com\/paddle-surf\/"]}]},{"@type":"BreadcrumbList","@id":"https:\/\/lunarcablepark.com\/paddle-surf\/#breadcrumb","itemListElement":[{"@type":"ListItem","position":1,"name":"Portada","item":"https:\/\/lunarcablepark.com\/"},{"@type":"ListItem","position":2,"name":"Paddle Surf"}]},{"@type":"WebSite","@id":"https:\/\/lunarcablepark.com\/#website","url":"https:\/\/lunarcablepark.com\/","name":"Lunar Cable Park","description":"Disfruta de las mejores instalaciones de Wakeboard en Espa\u00f1a","potentialAction":[{"@type":"SearchAction","target":{"@type":"EntryPoint","urlTemplate":"https:\/\/lunarcablepark.com\/?s={search_term_string}"},"query-input":"required name=search_term_string"}],"inLanguage":"fr-FR"}]}},"_links":{"self":[{"href":"https:\/\/lunarcablepark.com\/fr\/wp-json\/wp\/v2\/pages\/2036"}],"collection":[{"href":"https:\/\/lunarcablepark.com\/fr\/wp-json\/wp\/v2\/pages"}],"about":[{"href":"https:\/\/lunarcablepark.com\/fr\/wp-json\/wp\/v2\/types\/page"}],"author":[{"embeddable":true,"href":"https:\/\/lunarcablepark.com\/fr\/wp-json\/wp\/v2\/users\/1"}],"replies":[{"embeddable":true,"href":"https:\/\/lunarcablepark.com\/fr\/wp-json\/wp\/v2\/comments?post=2036"}],"version-history":[{"count":3,"href":"https:\/\/lunarcablepark.com\/fr\/wp-json\/wp\/v2\/pages\/2036\/revisions"}],"predecessor-version":[{"id":2319,"href":"https:\/\/lunarcablepark.com\/fr\/wp-json\/wp\/v2\/pages\/2036\/revisions\/2319"}],"wp:attachment":[{"href":"https:\/\/lunarcablepark.com\/fr\/wp-json\/wp\/v2\/media?parent=2036"}],"curies":[{"name":"wp","href":"https:\/\/api.w.org\/{rel}","templated":true}]}}