{"id":2034,"date":"2022-07-05T16:20:10","date_gmt":"2022-07-05T16:20:10","guid":{"rendered":"https:\/\/lunarcablepark.com\/kayak\/"},"modified":"2022-09-16T09:47:39","modified_gmt":"2022-09-16T09:47:39","slug":"kayak","status":"publish","type":"page","link":"https:\/\/lunarcablepark.com\/fr\/kayak\/","title":{"rendered":"Kayak"},"content":{"rendered":"\n\t<section class=\"section dark\" id=\"section_58952903\">\n\t\t<div class=\"bg section-bg fill bg-fill  \" >\n\n\t\t\t\n\t\t\t<div class=\"section-bg-overlay absolute fill\"><\/div>\n\t\t\t\n\n\t\t<\/div>\n\n\t\t\n\n\t\t<div class=\"section-content relative\">\n\t\t\t\n\n<div class=\"row\"  id=\"row-1015719422\">\n\n\n\t<div id=\"col-1721872033\" class=\"col small-12 large-12\"  >\n\t\t\t\t<div class=\"col-inner text-center\"  >\n\t\t\t\n\t\t\t\n\n\t<div id=\"gap-1676154183\" class=\"gap-element clearfix\" style=\"display:block; height:auto;\">\n\t\t\n<style>\n#gap-1676154183 {\n  padding-top: 60px;\n}\n<\/style>\n\t<\/div>\n\t\n\n<h1 class=\"uppercase\" style=\"font-weight: 300;\"><span style=\"font-size: 180%;\">PROFITEZ D&rsquo;UNE EXP\u00c9RIENCE UNIQUE EN KAYAK<\/span><\/h1>\n<p class=\"lead\">Tu veux \u00e9ssayer?<\/p>\n<a href=\"https:\/\/api.whatsapp.com\/send\/?phone=34665512873\" target=\"_self\" class=\"button white is-underline\"  >\n    <span>S'inscrire!<\/span>\n  <i class=\"icon-angle-right\" aria-hidden=\"true\" ><\/i><\/a>\n\n\n\n\t\t<\/div>\n\t\t\t\t\t<\/div>\n\n\t\n\n<\/div>\n\n\t\t<\/div>\n\n\t\t\n<style>\n#section_58952903 {\n  padding-top: 30px;\n  padding-bottom: 30px;\n  min-height: 800px;\n}\n#section_58952903 .section-bg-overlay {\n  background-color: rgba(0, 0, 0, 0.2);\n}\n#section_58952903 .section-bg.bg-loaded {\n  background-image: url(https:\/\/lunarcablepark.com\/wp-content\/uploads\/2022\/06\/SUPfeet.jpg);\n}\n<\/style>\n\t<\/section>\n\t\n\t<section class=\"section\" id=\"section_1208133240\">\n\t\t<div class=\"bg section-bg fill bg-fill  bg-loaded\" >\n\n\t\t\t\n\t\t\t\n\t\t\t\n\n\t\t<\/div>\n\n\t\t\n\n\t\t<div class=\"section-content relative\">\n\t\t\t\n\n<div class=\"row row-collapse row-full-width\"  id=\"row-1094549456\">\n\n\n\t<div id=\"col-543763204\" class=\"col small-12 large-12\"  >\n\t\t\t\t<div class=\"col-inner\"  >\n\t\t\t\n\t\t\t\n\n<div class=\"row row-collapse row-full-width align-middle\"  id=\"row-790072179\">\n\n\n\t<div id=\"col-868319866\" class=\"col medium-12 small-12 large-6\"  >\n\t\t\t\t<div class=\"col-inner text-center\"  >\n\t\t\t\n\t\t\t\n\n\t<div id=\"text-1870174890\" class=\"text\">\n\t\t\n\n<h2 style=\"font-weight:300\" class=\"uppercase\"><span style=\"font-size: 150%;\">AVENTURE EN KAYAK<\/span><\/h2>\n\t\t\n<style>\n#text-1870174890 {\n  color: rgb(0,0,0);\n}\n#text-1870174890 > * {\n  color: rgb(0,0,0);\n}\n<\/style>\n\t<\/div>\n\t\n\t<div id=\"gap-725153557\" class=\"gap-element clearfix\" style=\"display:block; height:auto;\">\n\t\t\n<style>\n#gap-725153557 {\n  padding-top: 35px;\n}\n<\/style>\n\t<\/div>\n\t\n\n<div class=\"row align-center\"  id=\"row-1107302990\">\n\n\n\t<div id=\"col-1581028322\" class=\"col medium-10 small-12 large-9\"  >\n\t\t\t\t<div class=\"col-inner\"  >\n\t\t\t\n\t\t\t\n\n\n  <div class=\"banner has-hover\" id=\"banner-2092052055\">\n          <div class=\"banner-inner fill\">\n        <div class=\"banner-bg fill\" >\n            <div class=\"bg fill bg-fill \"><\/div>\n                                    \n                    <\/div>\n\t\t\n        <div class=\"banner-layers container\">\n            <div class=\"fill banner-link\"><\/div>            \n\n\n        <\/div>\n      <\/div>\n\n            \n<style>\n#banner-2092052055 {\n  padding-top: 99.99%;\n  background-color: rgb(0,0,0);\n}\n#banner-2092052055 .bg.bg-loaded {\n  background-image: url(https:\/\/lunarcablepark.com\/wp-content\/uploads\/2022\/07\/68.jpg);\n}\n#banner-2092052055 .bg {\n  background-position: 50% 24%;\n}\n<\/style>\n  <\/div>\n\n\n\n\t\t<\/div>\n\t\t\t\t\t<\/div>\n\n\t\n\n<\/div>\n\n\t\t<\/div>\n\t\t\t\t\n<style>\n#col-868319866 > .col-inner {\n  padding: 20% 10% 10% 10%;\n}\n@media (min-width:550px) {\n  #col-868319866 > .col-inner {\n    padding: 10% 10% 10% 10%;\n  }\n}\n<\/style>\n\t<\/div>\n\n\t\n\n\t<div id=\"col-627364709\" class=\"col medium-12 small-12 large-6\"  >\n\t\t\t\t<div class=\"col-inner\"  >\n\t\t\t\n\t\t\t\n\n\n  <div class=\"banner has-hover\" id=\"banner-1621923053\">\n          <div class=\"banner-inner fill\">\n        <div class=\"banner-bg fill\" >\n            <div class=\"bg fill bg-fill \"><\/div>\n                                    \n                    <\/div>\n\t\t\n        <div class=\"banner-layers container\">\n            <div class=\"fill banner-link\"><\/div>            \n\n\n        <\/div>\n      <\/div>\n\n            \n<style>\n#banner-1621923053 {\n  padding-top: 99.99%;\n  background-color: rgb(0,0,0);\n}\n#banner-1621923053 .bg.bg-loaded {\n  background-image: url(https:\/\/lunarcablepark.com\/wp-content\/uploads\/2022\/07\/61.jpg);\n}\n#banner-1621923053 .bg {\n  background-position: 98% 0%;\n}\n@media (min-width:850px) {\n  #banner-1621923053 {\n    padding-top: 99.99%;\n  }\n}\n<\/style>\n  <\/div>\n\n\n\n\t\t<\/div>\n\t\t\t\t\t<\/div>\n\n\t\n\n<\/div>\n\n\t\t<\/div>\n\t\t\t\t\t<\/div>\n\n\t\n\n\n<style>\n#row-1094549456 > .col > .col-inner {\n  background-color: rgb(255,255,255);\n}\n<\/style>\n<\/div>\n\n\t\t<\/div>\n\n\t\t\n<style>\n#section_1208133240 {\n  padding-top: 0px;\n  padding-bottom: 0px;\n}\n<\/style>\n\t<\/section>\n\t\n\t<section class=\"section dark\" id=\"section_1407729985\">\n\t\t<div class=\"bg section-bg fill bg-fill  bg-loaded\" >\n\n\t\t\t\n\t\t\t\n\t\t\t\n\n\t\t<\/div>\n\n\t\t\n\n\t\t<div class=\"section-content relative\">\n\t\t\t\n\n<div class=\"row row-large align-middle\" style=\"max-width:1400px\" id=\"row-1650176603\">\n\n\n\t<div id=\"col-1241741320\" class=\"col medium-4 small-12 large-4\"  >\n\t\t\t\t<div class=\"col-inner\"  >\n\t\t\t\n\t\t\t\n\n\t<div id=\"text-2585527046\" class=\"text\">\n\t\t\n\n<h2 style=\"font-weight: 300;\"><span style=\"font-size: 180%; line-height: 120%;\">Profiter en compagnie<\/span><\/h2>\n\t\t\n<style>\n#text-2585527046 {\n  color: rgb(255,255,255);\n}\n#text-2585527046 > * {\n  color: rgb(255,255,255);\n}\n<\/style>\n\t<\/div>\n\t\n\t<div id=\"gap-1199734043\" class=\"gap-element clearfix\" style=\"display:block; height:auto;\">\n\t\t\n<style>\n#gap-1199734043 {\n  padding-top: 20px;\n}\n<\/style>\n\t<\/div>\n\t\n\n\n  <div class=\"banner has-hover\" id=\"banner-802873353\">\n          <div class=\"banner-inner fill\">\n        <div class=\"banner-bg fill\" >\n            <div class=\"bg fill bg-fill \"><\/div>\n                                    \n                    <\/div>\n\t\t\n        <div class=\"banner-layers container\">\n            <div class=\"fill banner-link\"><\/div>            \n\n\n        <\/div>\n      <\/div>\n\n            \n<style>\n#banner-802873353 {\n  padding-top: 99.99%;\n  background-color: rgb(255,255,255);\n}\n#banner-802873353 .bg.bg-loaded {\n  background-image: url(https:\/\/lunarcablepark.com\/wp-content\/uploads\/2022\/07\/66.jpg);\n}\n#banner-802873353 .bg {\n  background-position: 0% 100%;\n}\n<\/style>\n  <\/div>\n\n\n\n\t\t<\/div>\n\t\t\t\t\t<\/div>\n\n\t\n\n\t<div id=\"col-75709145\" class=\"col medium-4 small-12 large-4\"  >\n\t\t\t\t<div class=\"col-inner\"  >\n\t\t\t\n\t\t\t\n\n\n  <div class=\"banner has-hover\" id=\"banner-1746241714\">\n          <div class=\"banner-inner fill\">\n        <div class=\"banner-bg fill\" >\n            <div class=\"bg fill bg-fill \"><\/div>\n                                    \n                    <\/div>\n\t\t\n        <div class=\"banner-layers container\">\n            <div class=\"fill banner-link\"><\/div>            \n\n\n        <\/div>\n      <\/div>\n\n            \n<style>\n#banner-1746241714 {\n  padding-top: 400px;\n  background-color: rgb(255,255,255);\n}\n#banner-1746241714 .bg.bg-loaded {\n  background-image: url(https:\/\/lunarcablepark.com\/wp-content\/uploads\/2022\/07\/57.jpg);\n}\n#banner-1746241714 .bg {\n  background-position: 9% 100%;\n}\n@media (min-width:550px) {\n  #banner-1746241714 {\n    padding-top: 600px;\n  }\n}\n@media (min-width:850px) {\n  #banner-1746241714 {\n    padding-top: 700px;\n  }\n}\n<\/style>\n  <\/div>\n\n\n\n\t\t<\/div>\n\t\t\t\t\t<\/div>\n\n\t\n\n\t<div id=\"col-1678865891\" class=\"col medium-4 small-12 large-4\"  >\n\t\t\t\t<div class=\"col-inner\"  >\n\t\t\t\n\t\t\t\n\n\n  <div class=\"banner has-hover\" id=\"banner-204766891\">\n          <div class=\"banner-inner fill\">\n        <div class=\"banner-bg fill\" >\n            <div class=\"bg fill bg-fill \"><\/div>\n                                    \n                    <\/div>\n\t\t\n        <div class=\"banner-layers container\">\n            <div class=\"fill banner-link\"><\/div>            \n\n\n        <\/div>\n      <\/div>\n\n            \n<style>\n#banner-204766891 {\n  padding-top: 99.99%;\n  background-color: rgb(255,255,255);\n}\n#banner-204766891 .bg.bg-loaded {\n  background-image: url(https:\/\/lunarcablepark.com\/wp-content\/uploads\/2022\/07\/55.jpg);\n}\n#banner-204766891 .bg {\n  background-position: 92% 5%;\n}\n<\/style>\n  <\/div>\n\n\n\t<div id=\"gap-1175265606\" class=\"gap-element clearfix\" style=\"display:block; height:auto;\">\n\t\t\n<style>\n#gap-1175265606 {\n  padding-top: 50px;\n}\n<\/style>\n\t<\/div>\n\t\n\n\t<div id=\"text-2008591678\" class=\"text\">\n\t\t\n\n<p>Profitez d&rsquo;une journ\u00e9e de kayak \u00e0 Almer\u00eda dans un environnement s\u00fbr et imbattable au sein des installations du Lunar Cable Park.<\/p>\n\t\t\n<style>\n#text-2008591678 {\n  color: rgb(255,255,255);\n}\n#text-2008591678 > * {\n  color: rgb(255,255,255);\n}\n<\/style>\n\t<\/div>\n\t\n\n\t\t<\/div>\n\t\t\t\t\n<style>\n#col-1678865891 > .col-inner {\n  padding: 0 0px 0px 0px;\n}\n@media (min-width:550px) {\n  #col-1678865891 > .col-inner {\n    padding: 95px 0px 0px 0px;\n  }\n}\n<\/style>\n\t<\/div>\n\n\t\n\n<\/div>\n<div class=\"row\" style=\"max-width:1400px\" id=\"row-2086802649\">\n\n\n\t<div id=\"col-1275951657\" class=\"col small-12 large-12\"  >\n\t\t\t\t<div class=\"col-inner\"  >\n\t\t\t\n\t\t\t\n\n<div class=\"is-divider divider clearfix\" style=\"max-width:100%;height:2px;background-color:rgba(255, 255, 255, 0.37);\"><\/div>\n\n\n\t\t<\/div>\n\t\t\t\t\n<style>\n#col-1275951657 > .col-inner {\n  padding: 50px 0px 0px 0px;\n}\n@media (min-width:550px) {\n  #col-1275951657 > .col-inner {\n    padding: 60px 0px 0px 0px;\n  }\n}\n@media (min-width:850px) {\n  #col-1275951657 > .col-inner {\n    padding: 100px 0px 0px 0px;\n  }\n}\n<\/style>\n\t<\/div>\n\n\t\n\n<\/div>\n<div class=\"row align-middle align-center\" style=\"max-width:1400px\" id=\"row-304822722\">\n\n\n\t<div id=\"col-1610623480\" class=\"col medium-8 small-12 large-8\"  >\n\t\t\t\t<div class=\"col-inner text-center\"  >\n\t\t\t\n\t\t\t\n\n\t<div id=\"gap-767902609\" class=\"gap-element clearfix\" style=\"display:block; height:auto;\">\n\t\t\n<style>\n#gap-767902609 {\n  padding-top: 40px;\n}\n@media (min-width:550px) {\n  #gap-767902609 {\n    padding-top: 50px;\n  }\n}\n@media (min-width:850px) {\n  #gap-767902609 {\n    padding-top: 100px;\n  }\n}\n<\/style>\n\t<\/div>\n\t\n\n\t<div id=\"text-2783819375\" class=\"text\">\n\t\t\n\n<h4 style=\"font-weight: 300;\"><span style=\"font-size: 150%;\">Que ce soit pour les d\u00e9butants ou les experts, venez vous amuser en compagnie de vos amis ou de votre famille avec tout ce dont vous avez besoin pour pratiquer ce sport.<\/span><\/h4>\n\t\t\n<style>\n#text-2783819375 {\n  color: rgb(255,255,255);\n}\n#text-2783819375 > * {\n  color: rgb(255,255,255);\n}\n<\/style>\n\t<\/div>\n\t\n\n\t\t<\/div>\n\t\t\t\t\t<\/div>\n\n\t\n\n<\/div>\n\n\t\t<\/div>\n\n\t\t\n<style>\n#section_1407729985 {\n  padding-top: 121px;\n  padding-bottom: 121px;\n  min-height: 0px;\n  background-color: rgb(0,0,0);\n}\n<\/style>\n\t<\/section>\n\t\n\t<section class=\"section\" id=\"section_851005937\">\n\t\t<div class=\"bg section-bg fill bg-fill  bg-loaded\" >\n\n\t\t\t\n\t\t\t\n\t\t\t\n\n\t\t<\/div>\n\n\t\t\n\n\t\t<div class=\"section-content relative\">\n\t\t\t\n\n\t<div id=\"gap-618488870\" class=\"gap-element clearfix\" style=\"display:block; height:auto;\">\n\t\t\n<style>\n#gap-618488870 {\n  padding-top: 50px;\n}\n@media (min-width:550px) {\n  #gap-618488870 {\n    padding-top: 60px;\n  }\n}\n@media (min-width:850px) {\n  #gap-618488870 {\n    padding-top: 130px;\n  }\n}\n<\/style>\n\t<\/div>\n\t\n\n<div class=\"row row-large align-middle\" style=\"max-width:1400px\" id=\"row-172056131\">\n\n\n\t<div id=\"col-1897540758\" class=\"col medium-12 small-12 large-6\"  >\n\t\t\t\t<div class=\"col-inner text-center\"  >\n\t\t\t\n\t\t\t\n\n\n  <div class=\"banner has-hover\" id=\"banner-415207079\">\n          <div class=\"banner-inner fill\">\n        <div class=\"banner-bg fill\" >\n            <div class=\"bg fill bg-fill \"><\/div>\n                                    \n                    <\/div>\n\t\t\n        <div class=\"banner-layers container\">\n            <div class=\"fill banner-link\"><\/div>            \n\n\n        <\/div>\n      <\/div>\n\n            \n<style>\n#banner-415207079 {\n  padding-top: 56.25%;\n  background-color: rgb(0,0,0);\n}\n#banner-415207079 .bg.bg-loaded {\n  background-image: url(https:\/\/lunarcablepark.com\/wp-content\/uploads\/2022\/07\/Copy-of-Copy-of-IMG_1249.jpg);\n}\n@media (min-width:850px) {\n  #banner-415207079 {\n    padding-top: 99.99%;\n  }\n}\n<\/style>\n  <\/div>\n\n\n\n\t\t<\/div>\n\t\t\t\t\t<\/div>\n\n\t\n\n\t<div id=\"col-1526746954\" class=\"col medium-11 small-12 large-5\"  >\n\t\t\t\t<div class=\"col-inner text-left\"  >\n\t\t\t\n\t\t\t\n\n\t<div id=\"text-4026383673\" class=\"text\">\n\t\t\n\n<h2 style=\"font-weight: 300;\">Entrez dans l&rsquo;aventure<\/h2>\n\t\t\n<style>\n#text-4026383673 {\n  font-size: 1.5rem;\n  color: rgb(0,0,0);\n}\n#text-4026383673 > * {\n  color: rgb(0,0,0);\n}\n<\/style>\n\t<\/div>\n\t\n\t<div id=\"gap-1123509904\" class=\"gap-element clearfix\" style=\"display:block; height:auto;\">\n\t\t\n<style>\n#gap-1123509904 {\n  padding-top: 15px;\n}\n<\/style>\n\t<\/div>\n\t\n\n\t<div id=\"text-2995596148\" class=\"text\">\n\t\t\n\n<p style=\"text-align: justify;\">Les kayaks sont une vari\u00e9t\u00e9 de cano\u00ebs qui peuvent avoir un ou deux membres d&rsquo;\u00e9quipage. Dans ce petit bateau vous devrez vous propulser \u00e0 la rame, et vous profiterez de la brise et de l&rsquo;ambiance sportive du Lunar Cable Park.<\/p>\n<p style=\"text-align: justify;\">Cette activit\u00e9 comprend Kayak, pagaies et gilets de sauvetage.<\/p>\n\t\t\n<style>\n#text-2995596148 {\n  color: rgb(0,0,0);\n}\n#text-2995596148 > * {\n  color: rgb(0,0,0);\n}\n<\/style>\n\t<\/div>\n\t\n<a href=\"https:\/\/lunarcablepark.com\/fr\/contact\/\" target=\"_self\" class=\"button primary is-underline\"  >\n    <span>Reserver<\/span>\n  <i class=\"icon-angle-right\" aria-hidden=\"true\" ><\/i><\/a>\n\n\n\n\t\t<\/div>\n\t\t\t\t\t<\/div>\n\n\t\n\n<\/div>\n\t<div id=\"gap-1109391487\" class=\"gap-element clearfix\" style=\"display:block; height:auto;\">\n\t\t\n<style>\n#gap-1109391487 {\n  padding-top: 30px;\n}\n@media (min-width:550px) {\n  #gap-1109391487 {\n    padding-top: 30px;\n  }\n}\n@media (min-width:850px) {\n  #gap-1109391487 {\n    padding-top: 100px;\n  }\n}\n<\/style>\n\t<\/div>\n\t\n\n\n\t\t<\/div>\n\n\t\t\n<style>\n#section_851005937 {\n  padding-top: 30px;\n  padding-bottom: 30px;\n  background-color: rgb(255,255,255);\n}\n<\/style>\n\t<\/section>\n\t\n\n","protected":false},"excerpt":{"rendered":"","protected":false},"author":1,"featured_media":0,"parent":0,"menu_order":0,"comment_status":"closed","ping_status":"closed","template":"page-blank.php","meta":[],"yoast_head":"<!-- This site is optimized with the Yoast SEO plugin v21.7 - https:\/\/yoast.com\/wordpress\/plugins\/seo\/ -->\n<title>Kayak - Lunar Cable Park<\/title>\n<meta name=\"robots\" content=\"index, follow, max-snippet:-1, max-image-preview:large, max-video-preview:-1\" \/>\n<link rel=\"canonical\" href=\"https:\/\/lunarcablepark.com\/en\/kayak\/\" \/>\n<meta property=\"og:locale\" content=\"fr_FR\" \/>\n<meta property=\"og:type\" content=\"article\" \/>\n<meta property=\"og:title\" content=\"Kayak - Lunar Cable Park\" \/>\n<meta property=\"og:url\" content=\"https:\/\/lunarcablepark.com\/en\/kayak\/\" \/>\n<meta property=\"og:site_name\" content=\"Lunar Cable Park\" \/>\n<meta property=\"article:modified_time\" content=\"2022-09-16T09:47:39+00:00\" \/>\n<meta name=\"twitter:card\" content=\"summary_large_image\" \/>\n<meta name=\"twitter:label1\" content=\"Dur\u00e9e de lecture estim\u00e9e\" \/>\n\t<meta name=\"twitter:data1\" content=\"3 minutes\" \/>\n<script type=\"application\/ld+json\" class=\"yoast-schema-graph\">{\"@context\":\"https:\/\/schema.org\",\"@graph\":[{\"@type\":\"WebPage\",\"@id\":\"https:\/\/lunarcablepark.com\/en\/kayak\/\",\"url\":\"https:\/\/lunarcablepark.com\/en\/kayak\/\",\"name\":\"Kayak - Lunar Cable Park\",\"isPartOf\":{\"@id\":\"https:\/\/lunarcablepark.com\/#website\"},\"datePublished\":\"2022-07-05T16:20:10+00:00\",\"dateModified\":\"2022-09-16T09:47:39+00:00\",\"breadcrumb\":{\"@id\":\"https:\/\/lunarcablepark.com\/en\/kayak\/#breadcrumb\"},\"inLanguage\":\"fr-FR\",\"potentialAction\":[{\"@type\":\"ReadAction\",\"target\":[\"https:\/\/lunarcablepark.com\/en\/kayak\/\"]}]},{\"@type\":\"BreadcrumbList\",\"@id\":\"https:\/\/lunarcablepark.com\/en\/kayak\/#breadcrumb\",\"itemListElement\":[{\"@type\":\"ListItem\",\"position\":1,\"name\":\"Portada\",\"item\":\"https:\/\/lunarcablepark.com\/\"},{\"@type\":\"ListItem\",\"position\":2,\"name\":\"Kayak\"}]},{\"@type\":\"WebSite\",\"@id\":\"https:\/\/lunarcablepark.com\/#website\",\"url\":\"https:\/\/lunarcablepark.com\/\",\"name\":\"Lunar Cable Park\",\"description\":\"Disfruta de las mejores instalaciones de Wakeboard en Espa\u00f1a\",\"potentialAction\":[{\"@type\":\"SearchAction\",\"target\":{\"@type\":\"EntryPoint\",\"urlTemplate\":\"https:\/\/lunarcablepark.com\/?s={search_term_string}\"},\"query-input\":\"required name=search_term_string\"}],\"inLanguage\":\"fr-FR\"}]}<\/script>\n<!-- \/ Yoast SEO plugin. -->","yoast_head_json":{"title":"Kayak - Lunar Cable Park","robots":{"index":"index","follow":"follow","max-snippet":"max-snippet:-1","max-image-preview":"max-image-preview:large","max-video-preview":"max-video-preview:-1"},"canonical":"https:\/\/lunarcablepark.com\/en\/kayak\/","og_locale":"fr_FR","og_type":"article","og_title":"Kayak - Lunar Cable Park","og_url":"https:\/\/lunarcablepark.com\/en\/kayak\/","og_site_name":"Lunar Cable Park","article_modified_time":"2022-09-16T09:47:39+00:00","twitter_card":"summary_large_image","twitter_misc":{"Dur\u00e9e de lecture estim\u00e9e":"3 minutes"},"schema":{"@context":"https:\/\/schema.org","@graph":[{"@type":"WebPage","@id":"https:\/\/lunarcablepark.com\/en\/kayak\/","url":"https:\/\/lunarcablepark.com\/en\/kayak\/","name":"Kayak - Lunar Cable Park","isPartOf":{"@id":"https:\/\/lunarcablepark.com\/#website"},"datePublished":"2022-07-05T16:20:10+00:00","dateModified":"2022-09-16T09:47:39+00:00","breadcrumb":{"@id":"https:\/\/lunarcablepark.com\/en\/kayak\/#breadcrumb"},"inLanguage":"fr-FR","potentialAction":[{"@type":"ReadAction","target":["https:\/\/lunarcablepark.com\/en\/kayak\/"]}]},{"@type":"BreadcrumbList","@id":"https:\/\/lunarcablepark.com\/en\/kayak\/#breadcrumb","itemListElement":[{"@type":"ListItem","position":1,"name":"Portada","item":"https:\/\/lunarcablepark.com\/"},{"@type":"ListItem","position":2,"name":"Kayak"}]},{"@type":"WebSite","@id":"https:\/\/lunarcablepark.com\/#website","url":"https:\/\/lunarcablepark.com\/","name":"Lunar Cable Park","description":"Disfruta de las mejores instalaciones de Wakeboard en Espa\u00f1a","potentialAction":[{"@type":"SearchAction","target":{"@type":"EntryPoint","urlTemplate":"https:\/\/lunarcablepark.com\/?s={search_term_string}"},"query-input":"required name=search_term_string"}],"inLanguage":"fr-FR"}]}},"_links":{"self":[{"href":"https:\/\/lunarcablepark.com\/fr\/wp-json\/wp\/v2\/pages\/2034"}],"collection":[{"href":"https:\/\/lunarcablepark.com\/fr\/wp-json\/wp\/v2\/pages"}],"about":[{"href":"https:\/\/lunarcablepark.com\/fr\/wp-json\/wp\/v2\/types\/page"}],"author":[{"embeddable":true,"href":"https:\/\/lunarcablepark.com\/fr\/wp-json\/wp\/v2\/users\/1"}],"replies":[{"embeddable":true,"href":"https:\/\/lunarcablepark.com\/fr\/wp-json\/wp\/v2\/comments?post=2034"}],"version-history":[{"count":3,"href":"https:\/\/lunarcablepark.com\/fr\/wp-json\/wp\/v2\/pages\/2034\/revisions"}],"predecessor-version":[{"id":2317,"href":"https:\/\/lunarcablepark.com\/fr\/wp-json\/wp\/v2\/pages\/2034\/revisions\/2317"}],"wp:attachment":[{"href":"https:\/\/lunarcablepark.com\/fr\/wp-json\/wp\/v2\/media?parent=2034"}],"curies":[{"name":"wp","href":"https:\/\/api.w.org\/{rel}","templated":true}]}}