{"id":2032,"date":"2022-07-05T16:19:48","date_gmt":"2022-07-05T16:19:48","guid":{"rendered":"https:\/\/lunarcablepark.com\/aqua-slide\/"},"modified":"2022-09-16T10:12:32","modified_gmt":"2022-09-16T10:12:32","slug":"aqua-slide","status":"publish","type":"page","link":"https:\/\/lunarcablepark.com\/fr\/aqua-slide\/","title":{"rendered":"Aqua Glide"},"content":{"rendered":"\n<div class=\"row row-collapse row-full-width\"  id=\"row-1613190612\">\n\n\n\t<div id=\"col-992044573\" class=\"col small-12 large-12\"  >\n\t\t\t\t<div class=\"col-inner\" style=\"background-color:rgb(0,0,0);\" >\n\t\t\t\n\t\t\t\n\n<div class=\"row row-collapse row-full-width align-middle\"  id=\"row-1414884819\">\n\n\n\t<div id=\"col-1159728977\" class=\"col medium-7 small-12 large-6\"  >\n\t\t\t\t<div class=\"col-inner dark\"  >\n\t\t\t\n\t\t\t\n\n\t<div id=\"text-56734644\" class=\"text\">\n\t\t\n\n<h6>ACTIVIT\u00c9S<\/h6>\n\t\t\n<style>\n#text-56734644 {\n  font-size: 1.85rem;\n}\n@media (min-width:550px) {\n  #text-56734644 {\n    font-size: 1rem;\n  }\n}\n<\/style>\n\t<\/div>\n\t\n\t<div id=\"text-2516899897\" class=\"text\">\n\t\t\n\n<h2 style=\"font-weight:300\">AQUA GLIDE<\/h2>\n\t\t\n<style>\n#text-2516899897 {\n  font-size: 1.85rem;\n}\n@media (min-width:550px) {\n  #text-2516899897 {\n    font-size: 1.65rem;\n  }\n}\n<\/style>\n\t<\/div>\n\t\n<p style=\"text-align: justify;\">Profitez d&rsquo;une merveilleuse journ\u00e9e au Lunar Wake Park en glissant sur nos toboggans, en surmontant des obstacles et en jouant sur les tapis gonflables en compagnie de votre famille et de vos amis dans notre zone gonflable.<\/p>\n\t<div id=\"gap-1981432038\" class=\"gap-element clearfix hide-for-small\" style=\"display:block; height:auto;\">\n\t\t\n<style>\n#gap-1981432038 {\n  padding-top: 50px;\n}\n@media (min-width:550px) {\n  #gap-1981432038 {\n    padding-top: 10px;\n  }\n}\n<\/style>\n\t<\/div>\n\t\n\n\t<div id=\"stack-3337646024\" class=\"stack stack-row justify-start items-stretch\">\n\t\t\n\n<a href=\"https:\/\/lunarcablepark.com\/fr\/prix\/#precios\" target=\"_self\" class=\"button white is-outline\"  >\n    <span>LES PRIX<\/span>\n  <\/a>\n\n\n\n\t\t\n<style>\n#stack-3337646024 > * {\n  --stack-gap: 0rem;\n}\n<\/style>\n\t<\/div>\n\t\n\t<div id=\"gap-691079454\" class=\"gap-element clearfix hide-for-small\" style=\"display:block; height:auto;\">\n\t\t\n<style>\n#gap-691079454 {\n  padding-top: 50px;\n}\n@media (min-width:550px) {\n  #gap-691079454 {\n    padding-top: 150px;\n  }\n}\n<\/style>\n\t<\/div>\n\t\n\n\n\t\t<\/div>\n\t\t\t\t\n<style>\n#col-1159728977 > .col-inner {\n  padding: 20% 0px 20% 3%;\n}\n@media (min-width:550px) {\n  #col-1159728977 > .col-inner {\n    padding: 0px 0px 0px 3%;\n  }\n}\n@media (min-width:850px) {\n  #col-1159728977 > .col-inner {\n    padding: 0px 20% 0px 20%;\n  }\n}\n<\/style>\n\t<\/div>\n\n\t\n\n\t<div id=\"col-1123584355\" class=\"col medium-5 small-12 large-6\"  >\n\t\t\t\t<div class=\"col-inner\"  >\n\t\t\t\n\t\t\t\n\n\n  <div class=\"banner has-hover\" id=\"banner-170733379\">\n          <div class=\"banner-inner fill\">\n        <div class=\"banner-bg fill\" >\n            <div class=\"bg fill bg-fill \"><\/div>\n                                    \n                    <\/div>\n\t\t\n        <div class=\"banner-layers container\">\n            <div class=\"fill banner-link\"><\/div>            \n\n\n        <\/div>\n      <\/div>\n\n            \n<style>\n#banner-170733379 {\n  padding-top: 350px;\n  background-color: rgba(255, 255, 255, 0);\n}\n#banner-170733379 .bg.bg-loaded {\n  background-image: url(https:\/\/lunarcablepark.com\/wp-content\/uploads\/2022\/07\/AGOverview.jpeg);\n}\n#banner-170733379 .bg {\n  background-position: 47% 47%;\n}\n@media (min-width:550px) {\n  #banner-170733379 {\n    padding-top: 650px;\n  }\n}\n@media (min-width:850px) {\n  #banner-170733379 {\n    padding-top: 700px;\n  }\n}\n<\/style>\n  <\/div>\n\n\n\n\t\t<\/div>\n\t\t\t\t\t<\/div>\n\n\t\n\n<\/div>\n\n\t\t<\/div>\n\t\t\t\t\t<\/div>\n\n\t\n\n<\/div>\n<div class=\"row\"  id=\"row-839772055\">\n\n\n\t<div id=\"col-873905040\" class=\"col small-12 large-12\"  >\n\t\t\t\t<div class=\"col-inner\" style=\"background-color:rgba(255, 255, 255, 0.75);\" >\n\t\t\t\n\t\t\t\n\n<div class=\"row\"  id=\"row-407185115\">\n\n\n\t<div id=\"col-1114991765\" class=\"col medium-3 small-6 large-3\"  >\n\t\t\t\t<div class=\"col-inner text-center\"  >\n\t\t\t\n\t\t\t\n\n\t<div id=\"text-2028618256\" class=\"text\">\n\t\t\n\n<h2><span>+<span class=\"count-up\">+15<\/span><\/span><\/h2>\n\t\t\n<style>\n#text-2028618256 {\n  font-size: 1.75rem;\n  line-height: 0.75;\n}\n<\/style>\n\t<\/div>\n\t\n\t<div id=\"text-1868658820\" class=\"text\">\n\t\t\n\n<h6>obstacles<\/h6>\n\t\t\n<style>\n#text-1868658820 {\n  font-size: 0.9rem;\n  line-height: 0.75;\n}\n<\/style>\n\t<\/div>\n\t\n\n\t\t<\/div>\n\t\t\t\t\t<\/div>\n\n\t\n\n\t<div id=\"col-2042734494\" class=\"col medium-3 small-6 large-3\"  >\n\t\t\t\t<div class=\"col-inner text-center\"  >\n\t\t\t\n\t\t\t\n\n\t<div id=\"text-3652515905\" class=\"text\">\n\t\t\n\n<h2><span>+<span class=\"count-up\">+30<\/span><\/span><\/h2>\n\t\t\n<style>\n#text-3652515905 {\n  font-size: 1.75rem;\n  line-height: 0.75;\n}\n<\/style>\n\t<\/div>\n\t\n\t<div id=\"text-760890589\" class=\"text\">\n\t\t\n\n<h6>capacit\u00e9 des personnes<\/h6>\n\t\t\n<style>\n#text-760890589 {\n  font-size: 0.9rem;\n  line-height: 0.75;\n}\n<\/style>\n\t<\/div>\n\t\n\n\t\t<\/div>\n\t\t\t\t\t<\/div>\n\n\t\n\n\t<div id=\"col-1804538841\" class=\"col medium-3 small-6 large-3\"  >\n\t\t\t\t<div class=\"col-inner text-center\"  >\n\t\t\t\n\t\t\t\n\n\t<div id=\"text-1685776417\" class=\"text\">\n\t\t\n\n<h2><span>+<span class=\"count-up\">+200<\/span><\/span><\/h2>\n\t\t\n<style>\n#text-1685776417 {\n  font-size: 1.75rem;\n  line-height: 0.75;\n}\n<\/style>\n\t<\/div>\n\t\n\t<div id=\"text-3154003792\" class=\"text\">\n\t\t\n\n<h6>m\u00e8tres<\/h6>\n\t\t\n<style>\n#text-3154003792 {\n  font-size: 0.9rem;\n  line-height: 0.75;\n}\n<\/style>\n\t<\/div>\n\t\n\n\t\t<\/div>\n\t\t\t\t\t<\/div>\n\n\t\n\n\t<div id=\"col-1949999511\" class=\"col medium-3 small-6 large-3\"  >\n\t\t\t\t<div class=\"col-inner text-center\"  >\n\t\t\t\n\t\t\t\n\n\t<div id=\"text-1191862428\" class=\"text\">\n\t\t\n\n<h2><span><span class=\"count-up\">100%<\/span>%<\/span><\/h2>\n\t\t\n<style>\n#text-1191862428 {\n  font-size: 1.75rem;\n  line-height: 0.75;\n}\n<\/style>\n\t<\/div>\n\t\n\t<div id=\"text-2062676354\" class=\"text\">\n\t\t\n\n<h6>Plaisir garanti<\/h6>\n\t\t\n<style>\n#text-2062676354 {\n  font-size: 0.9rem;\n  line-height: 0.75;\n}\n<\/style>\n\t<\/div>\n\t\n\n\t\t<\/div>\n\t\t\t\t\t<\/div>\n\n\t\n\n<\/div>\n\n\t\t<\/div>\n\t\t\t\t\n<style>\n#col-873905040 > .col-inner {\n  padding: 12% 5% 10px 5%;\n  margin: -300px 0px 0px 0px;\n}\n@media (min-width:550px) {\n  #col-873905040 > .col-inner {\n    padding: 4% 3% 0px 3%;\n    margin: -220px 0px 0px 0px;\n  }\n}\n<\/style>\n\t<\/div>\n\n\t\n\n<\/div>\n\t<section class=\"section dark\" id=\"section_1654728599\">\n\t\t<div class=\"bg section-bg fill bg-fill  bg-loaded\" >\n\n\t\t\t\n\t\t\t\n\t\t\t\n\n\t\t<\/div>\n\n\t\t\n\n\t\t<div class=\"section-content relative\">\n\t\t\t\n\n<div class=\"row align-middle align-right\" style=\"max-width:1300px\" id=\"row-252582393\">\n\n\n\t<div id=\"col-1405821843\" class=\"col medium-12 small-12 large-5 medium-col-first\"  data-animate=\"bounceInLeft\">\n\t\t\t\t<div class=\"col-inner\"  >\n\t\t\t\n\t\t\t\n\n\n  <div class=\"banner has-hover\" id=\"banner-531446188\">\n          <div class=\"banner-inner fill\">\n        <div class=\"banner-bg fill\" >\n            <div class=\"bg fill bg-fill \"><\/div>\n                                    \n                    <\/div>\n\t\t\n        <div class=\"banner-layers container\">\n            <div class=\"fill banner-link\"><\/div>            \n\n\n        <\/div>\n      <\/div>\n\n            \n<style>\n#banner-531446188 {\n  padding-top: 300px;\n  background-color: rgb(255,255,255);\n}\n#banner-531446188 .bg.bg-loaded {\n  background-image: url(https:\/\/lunarcablepark.com\/wp-content\/uploads\/2022\/07\/as3-scaled.jpg);\n}\n@media (min-width:550px) {\n  #banner-531446188 {\n    padding-top: 400px;\n  }\n}\n<\/style>\n  <\/div>\n\n\n\n\t\t<\/div>\n\t\t\t\t\t<\/div>\n\n\t\n\n\t<div id=\"col-1820766137\" class=\"col medium-11 small-12 large-7\"  >\n\t\t\t\t<div class=\"col-inner\"  >\n\t\t\t\n\t\t\t\n\n\t<div id=\"text-1761306477\" class=\"text\">\n\t\t\n\n<h6>AQUA GLIDE<\/h6>\n\t\t\n<style>\n#text-1761306477 {\n  text-align: left;\n  color: rgb(0,0,0);\n}\n#text-1761306477 > * {\n  color: rgb(0,0,0);\n}\n<\/style>\n\t<\/div>\n\t\n\t<div id=\"text-3150602000\" class=\"text\">\n\t\t\n\n<h2>Obstacles flottants<\/h2>\n\t\t\n<style>\n#text-3150602000 {\n  font-size: 1.5rem;\n  color: rgb(0,0,0);\n}\n#text-3150602000 > * {\n  color: rgb(0,0,0);\n}\n@media (min-width:550px) {\n  #text-3150602000 {\n    font-size: 1.65rem;\n  }\n}\n<\/style>\n\t<\/div>\n\t\n\t<div id=\"gap-385941346\" class=\"gap-element clearfix\" style=\"display:block; height:auto;\">\n\t\t\n<style>\n#gap-385941346 {\n  padding-top: 30px;\n}\n<\/style>\n\t<\/div>\n\t\n\n\t<div id=\"text-4134443088\" class=\"text\">\n\t\t\n\n<p style=\"text-align: justify;\">Rafra\u00eechissez-vous par une chaude journ\u00e9e et mettez-vous au d\u00e9fi en naviguant sur notre parcours d&rsquo;obstacles flottants.<\/p>\n<p style=\"text-align: justify;\">Ouvert \u00e0 tous \u00e0 partir de 5 ans et d&rsquo;une capacit\u00e9 de 90 personnes, notre espace gonflable est une aventure aquatique unique \u00e0 r\u00e9aliser individuellement, en famille ou en groupe.&nbsp;<\/p>\n\t\t\n<style>\n#text-4134443088 {\n  color: rgb(0,0,0);\n}\n#text-4134443088 > * {\n  color: rgb(0,0,0);\n}\n<\/style>\n\t<\/div>\n\t\n\t<div id=\"gap-260173485\" class=\"gap-element clearfix\" style=\"display:block; height:auto;\">\n\t\t\n<style>\n#gap-260173485 {\n  padding-top: 15px;\n}\n<\/style>\n\t<\/div>\n\t\n\n\n\t\t<\/div>\n\t\t\t\t\n<style>\n#col-1820766137 > .col-inner {\n  padding: 0px 30px 0px 0px;\n}\n<\/style>\n\t<\/div>\n\n\t\n\n<\/div>\n\t<div id=\"gap-1442151554\" class=\"gap-element clearfix\" style=\"display:block; height:auto;\">\n\t\t\n<style>\n#gap-1442151554 {\n  padding-top: 80px;\n}\n<\/style>\n\t<\/div>\n\t\n\n<div class=\"row align-middle align-right\" style=\"max-width:1300px\" id=\"row-1296320503\">\n\n\n\t<div id=\"col-1865431948\" class=\"col medium-11 small-12 large-7\"  >\n\t\t\t\t<div class=\"col-inner\"  >\n\t\t\t\n\t\t\t\n\n\t<div id=\"text-2128591940\" class=\"text\">\n\t\t\n\n<h6>AQUA GLIDE<\/h6>\n\t\t\n<style>\n#text-2128591940 {\n  text-align: left;\n  color: rgb(0,0,0);\n}\n#text-2128591940 > * {\n  color: rgb(0,0,0);\n}\n<\/style>\n\t<\/div>\n\t\n\t<div id=\"text-3444913970\" class=\"text\">\n\t\t\n\n<h2>Activit\u00e9 de groupe<\/h2>\n\t\t\n<style>\n#text-3444913970 {\n  font-size: 1.5rem;\n  color: rgb(0,0,0);\n}\n#text-3444913970 > * {\n  color: rgb(0,0,0);\n}\n@media (min-width:550px) {\n  #text-3444913970 {\n    font-size: 1.65rem;\n  }\n}\n<\/style>\n\t<\/div>\n\t\n\t<div id=\"gap-2039192743\" class=\"gap-element clearfix\" style=\"display:block; height:auto;\">\n\t\t\n<style>\n#gap-2039192743 {\n  padding-top: 30px;\n}\n<\/style>\n\t<\/div>\n\t\n\n\t<div id=\"text-42293011\" class=\"text\">\n\t\t\n\n<p style=\"text-align: justify;\">Avant de commencer, le personnel Lunar vous \u00e9quipera d&rsquo;un gilet de sauvetage et des directives pour rester en s\u00e9curit\u00e9 et \u00e0 l&rsquo;aise dans l&rsquo;eau.<\/p>\n<p style=\"text-align: justify;\">\u00c9crivez-nous pour organiser un \u00e9v\u00e9nement, une f\u00eate ou un d\u00e9fi gonflable pour votre groupe!<\/p>\n\t\t\n<style>\n#text-42293011 {\n  color: rgb(0,0,0);\n}\n#text-42293011 > * {\n  color: rgb(0,0,0);\n}\n<\/style>\n\t<\/div>\n\t\n\t<div id=\"gap-697234272\" class=\"gap-element clearfix\" style=\"display:block; height:auto;\">\n\t\t\n<style>\n#gap-697234272 {\n  padding-top: 15px;\n}\n<\/style>\n\t<\/div>\n\t\n\n<a href=\"https:\/\/lunarcablepark.com\/fr\/contact\/\" target=\"_self\" class=\"button primary expand\"  style=\"border-radius:10px;\">\n    <span>Nous contacter!<\/span>\n  <i class=\"icon-angle-right\" aria-hidden=\"true\" ><\/i><\/a>\n\n\n\n\t\t<\/div>\n\t\t\t\t\n<style>\n#col-1865431948 > .col-inner {\n  padding: 0px 30px 0px 0px;\n}\n<\/style>\n\t<\/div>\n\n\t\n\n\t<div id=\"col-376319084\" class=\"col medium-12 small-12 large-5 medium-col-first\"  data-animate=\"bounceInRight\">\n\t\t\t\t<div class=\"col-inner\"  >\n\t\t\t\n\t\t\t\n\n\n  <div class=\"banner has-hover\" id=\"banner-300782640\">\n          <div class=\"banner-inner fill\">\n        <div class=\"banner-bg fill\" >\n            <div class=\"bg fill bg-fill \"><\/div>\n                                    \n                    <\/div>\n\t\t\n        <div class=\"banner-layers container\">\n            <div class=\"fill banner-link\"><\/div>            \n\n\n        <\/div>\n      <\/div>\n\n            \n<style>\n#banner-300782640 {\n  padding-top: 300px;\n  background-color: rgb(255,255,255);\n}\n#banner-300782640 .bg.bg-loaded {\n  background-image: url(https:\/\/lunarcablepark.com\/wp-content\/uploads\/2022\/09\/DSC08454-scaled.jpg);\n}\n@media (min-width:550px) {\n  #banner-300782640 {\n    padding-top: 400px;\n  }\n}\n<\/style>\n  <\/div>\n\n\n\n\t\t<\/div>\n\t\t\t\t\t<\/div>\n\n\t\n\n<\/div>\n\n\t\t<\/div>\n\n\t\t\n<style>\n#section_1654728599 {\n  padding-top: 100px;\n  padding-bottom: 100px;\n  background-color: rgb(255,255,255);\n}\n<\/style>\n\t<\/section>\n\t\n\t<section class=\"section\" id=\"section_325017155\">\n\t\t<div class=\"bg section-bg fill bg-fill  bg-loaded\" >\n\n\t\t\t\n\t\t\t\n\t\t\t\n\n\t\t<\/div>\n\n\t\t\n\n\t\t<div class=\"section-content relative\">\n\t\t\t\n\n<div class=\"row row-collapse row-full-width\"  id=\"row-869102997\">\n\n\n\t<div id=\"col-851258739\" class=\"col small-12 large-12\"  >\n\t\t\t\t<div class=\"col-inner\"  >\n\t\t\t\n\t\t\t\n\n  <div class=\"banner-grid-wrapper\">\n  <div id=\"banner-grid-2071546440\" class=\"banner-grid row row-grid row-small row-full-width\" data-packery-options=\"\">\n                      \n\n<div class=\"col grid-col large-6 grid-col-1\" ><div class=\"col-inner\">\n\n\t<div class=\"img has-hover x md-x lg-x y md-y lg-y\" id=\"image_1460260797\">\n\t\t\t\t\t\t\t\t<div class=\"img-inner image-zoom dark\" >\n\t\t\t<img width=\"1080\" height=\"810\" src=\"https:\/\/lunarcablepark.com\/wp-content\/uploads\/2022\/07\/Lunar-Cable-Park-8.jpeg\" class=\"attachment-original size-original\" alt=\"\" decoding=\"async\" loading=\"lazy\" srcset=\"https:\/\/lunarcablepark.com\/wp-content\/uploads\/2022\/07\/Lunar-Cable-Park-8.jpeg 1080w, https:\/\/lunarcablepark.com\/wp-content\/uploads\/2022\/07\/Lunar-Cable-Park-8-533x400.jpeg 533w, https:\/\/lunarcablepark.com\/wp-content\/uploads\/2022\/07\/Lunar-Cable-Park-8-1067x800.jpeg 1067w, https:\/\/lunarcablepark.com\/wp-content\/uploads\/2022\/07\/Lunar-Cable-Park-8-768x576.jpeg 768w\" sizes=\"(max-width: 1080px) 100vw, 1080px\" \/>\t\t\t\t\t\t\n\t\t\t\t\t<\/div>\n\t\t\t\t\t\t\t\t\n<style>\n#image_1460260797 {\n  width: 100%;\n}\n<\/style>\n\t<\/div>\n\t\n\n\n<\/div><\/div>\n<div class=\"col grid-col large-3 grid-col-1\" ><div class=\"col-inner\">\n\n\t<div class=\"img has-hover x md-x lg-x y md-y lg-y\" id=\"image_2145734745\">\n\t\t\t\t\t\t\t\t<div class=\"img-inner image-zoom dark\" >\n\t\t\t<img width=\"2560\" height=\"1710\" src=\"https:\/\/lunarcablepark.com\/wp-content\/uploads\/2022\/08\/DSC09029-scaled.jpg\" class=\"attachment-original size-original\" alt=\"\" decoding=\"async\" loading=\"lazy\" srcset=\"https:\/\/lunarcablepark.com\/wp-content\/uploads\/2022\/08\/DSC09029-scaled.jpg 2560w, https:\/\/lunarcablepark.com\/wp-content\/uploads\/2022\/08\/DSC09029-599x400.jpg 599w, https:\/\/lunarcablepark.com\/wp-content\/uploads\/2022\/08\/DSC09029-1198x800.jpg 1198w, https:\/\/lunarcablepark.com\/wp-content\/uploads\/2022\/08\/DSC09029-768x513.jpg 768w, https:\/\/lunarcablepark.com\/wp-content\/uploads\/2022\/08\/DSC09029-1536x1026.jpg 1536w, https:\/\/lunarcablepark.com\/wp-content\/uploads\/2022\/08\/DSC09029-2048x1368.jpg 2048w, https:\/\/lunarcablepark.com\/wp-content\/uploads\/2022\/08\/DSC09029-600x401.jpg 600w\" sizes=\"(max-width: 2560px) 100vw, 2560px\" \/>\t\t\t\t\t\t\n\t\t\t\t\t<\/div>\n\t\t\t\t\t\t\t\t\n<style>\n#image_2145734745 {\n  width: 100%;\n}\n<\/style>\n\t<\/div>\n\t\n\n\n<\/div><\/div>\n<div class=\"col grid-col large-3 grid-col-1-2\" ><div class=\"col-inner\">\n\n\t<div class=\"img has-hover x md-x lg-x y md-y lg-y\" id=\"image_1174663304\">\n\t\t\t\t\t\t\t\t<div class=\"img-inner image-zoom dark\" >\n\t\t\t<img width=\"775\" height=\"581\" src=\"https:\/\/lunarcablepark.com\/wp-content\/uploads\/2022\/07\/tb_p-62149-pre-57432-6_1560784439175.jpeg\" class=\"attachment-original size-original\" alt=\"\" decoding=\"async\" loading=\"lazy\" srcset=\"https:\/\/lunarcablepark.com\/wp-content\/uploads\/2022\/07\/tb_p-62149-pre-57432-6_1560784439175.jpeg 775w, https:\/\/lunarcablepark.com\/wp-content\/uploads\/2022\/07\/tb_p-62149-pre-57432-6_1560784439175-534x400.jpeg 534w, https:\/\/lunarcablepark.com\/wp-content\/uploads\/2022\/07\/tb_p-62149-pre-57432-6_1560784439175-768x576.jpeg 768w\" sizes=\"(max-width: 775px) 100vw, 775px\" \/>\t\t\t\t\t\t\n\t\t\t\t\t<\/div>\n\t\t\t\t\t\t\t\t\n<style>\n#image_1174663304 {\n  width: 100%;\n}\n<\/style>\n\t<\/div>\n\t\n\n\n<\/div><\/div>\n<div class=\"col grid-col large-3 grid-col-1-2\" ><div class=\"col-inner\">\n\n\t<div class=\"img has-hover x md-x lg-x y md-y lg-y\" id=\"image_972197163\">\n\t\t\t\t\t\t\t\t<div class=\"img-inner image-zoom dark\" >\n\t\t\t<img width=\"650\" height=\"350\" src=\"https:\/\/lunarcablepark.com\/wp-content\/uploads\/2022\/07\/lunar-watersportpark-almeria-zuidpsanje-aquaglide-650x350-1.jpeg\" class=\"attachment-original size-original\" alt=\"\" decoding=\"async\" loading=\"lazy\" \/>\t\t\t\t\t\t\n\t\t\t\t\t<\/div>\n\t\t\t\t\t\t\t\t\n<style>\n#image_972197163 {\n  width: 100%;\n}\n<\/style>\n\t<\/div>\n\t\n\n\n<\/div><\/div>\n<div class=\"col grid-col large-3 grid-col-3-4\" ><div class=\"col-inner\">\n\n\t<div class=\"img has-hover x md-x lg-x y md-y lg-y\" id=\"image_819015967\">\n\t\t\t\t\t\t\t\t<div class=\"img-inner image-zoom dark\" >\n\t\t\t<img width=\"1000\" height=\"1000\" src=\"https:\/\/lunarcablepark.com\/wp-content\/uploads\/2022\/07\/photo0jpg.jpeg\" class=\"attachment-original size-original\" alt=\"\" decoding=\"async\" loading=\"lazy\" srcset=\"https:\/\/lunarcablepark.com\/wp-content\/uploads\/2022\/07\/photo0jpg.jpeg 1000w, https:\/\/lunarcablepark.com\/wp-content\/uploads\/2022\/07\/photo0jpg-400x400.jpeg 400w, https:\/\/lunarcablepark.com\/wp-content\/uploads\/2022\/07\/photo0jpg-800x800.jpeg 800w, https:\/\/lunarcablepark.com\/wp-content\/uploads\/2022\/07\/photo0jpg-280x280.jpeg 280w, https:\/\/lunarcablepark.com\/wp-content\/uploads\/2022\/07\/photo0jpg-768x768.jpeg 768w\" sizes=\"(max-width: 1000px) 100vw, 1000px\" \/>\t\t\t\t\t\t\n\t\t\t\t\t<\/div>\n\t\t\t\t\t\t\t\t\n<style>\n#image_819015967 {\n  width: 100%;\n}\n<\/style>\n\t<\/div>\n\t\n\n\n<\/div><\/div>\n<div class=\"col grid-col large-3 grid-col-3-4\" ><div class=\"col-inner\">\n\n\t<div class=\"img has-hover x md-x lg-x y md-y lg-y\" id=\"image_811285172\">\n\t\t\t\t\t\t\t\t<div class=\"img-inner image-zoom dark\" >\n\t\t\t<img width=\"650\" height=\"650\" src=\"https:\/\/lunarcablepark.com\/wp-content\/uploads\/2022\/07\/lunar-watersportpark-almeria-zuidpsanje-aquaglide3.jpeg\" class=\"attachment-original size-original\" alt=\"\" decoding=\"async\" loading=\"lazy\" srcset=\"https:\/\/lunarcablepark.com\/wp-content\/uploads\/2022\/07\/lunar-watersportpark-almeria-zuidpsanje-aquaglide3.jpeg 650w, https:\/\/lunarcablepark.com\/wp-content\/uploads\/2022\/07\/lunar-watersportpark-almeria-zuidpsanje-aquaglide3-400x400.jpeg 400w, https:\/\/lunarcablepark.com\/wp-content\/uploads\/2022\/07\/lunar-watersportpark-almeria-zuidpsanje-aquaglide3-280x280.jpeg 280w\" sizes=\"(max-width: 650px) 100vw, 650px\" \/>\t\t\t\t\t\t\n\t\t\t\t\t<\/div>\n\t\t\t\t\t\t\t\t\n<style>\n#image_811285172 {\n  width: 100%;\n}\n<\/style>\n\t<\/div>\n\t\n\n\n<\/div><\/div>\n<div class=\"col grid-col large-6 grid-col-3-4\" ><div class=\"col-inner\">\n\n\t<div class=\"img has-hover x md-x lg-x y md-y lg-y\" id=\"image_997188136\">\n\t\t\t\t\t\t\t\t<div class=\"img-inner image-zoom dark\" >\n\t\t\t<img width=\"2560\" height=\"1707\" src=\"https:\/\/lunarcablepark.com\/wp-content\/uploads\/2022\/07\/aquaslide-scaled.jpg\" class=\"attachment-original size-original\" alt=\"\" decoding=\"async\" loading=\"lazy\" srcset=\"https:\/\/lunarcablepark.com\/wp-content\/uploads\/2022\/07\/aquaslide-scaled.jpg 2560w, https:\/\/lunarcablepark.com\/wp-content\/uploads\/2022\/07\/aquaslide-600x400.jpg 600w, https:\/\/lunarcablepark.com\/wp-content\/uploads\/2022\/07\/aquaslide-1200x800.jpg 1200w, https:\/\/lunarcablepark.com\/wp-content\/uploads\/2022\/07\/aquaslide-768x512.jpg 768w, https:\/\/lunarcablepark.com\/wp-content\/uploads\/2022\/07\/aquaslide-1536x1024.jpg 1536w, https:\/\/lunarcablepark.com\/wp-content\/uploads\/2022\/07\/aquaslide-2048x1365.jpg 2048w\" sizes=\"(max-width: 2560px) 100vw, 2560px\" \/>\t\t\t\t\t\t\n\t\t\t\t\t<\/div>\n\t\t\t\t\t\t\t\t\n<style>\n#image_997188136 {\n  width: 100%;\n}\n<\/style>\n\t<\/div>\n\t\n\n\n<\/div><\/div>\n\n            <\/div>\n    <style>\n    #banner-grid-2071546440 .grid-col-1{height: 600px}\n    #banner-grid-2071546440 .grid-col-1-2{height: 300px}\n    #banner-grid-2071546440 .grid-col-1-3{height:200px}\n    #banner-grid-2071546440 .grid-col-2-3{height: 400px}\n    #banner-grid-2071546440 .grid-col-1-4{height: 150px}\n    #banner-grid-2071546440 .grid-col-3-4{height: 450px}\n\n\n    \n    \n\n  <\/style>\n    <\/div>\n  \n\n\t\t<\/div>\n\t\t\t\t\t<\/div>\n\n\t\n\n<\/div>\n\n\t\t<\/div>\n\n\t\t\n<style>\n#section_325017155 {\n  padding-top: 0px;\n  padding-bottom: 0px;\n}\n<\/style>\n\t<\/section>\n\t\n","protected":false},"excerpt":{"rendered":"","protected":false},"author":1,"featured_media":0,"parent":0,"menu_order":0,"comment_status":"closed","ping_status":"closed","template":"page-blank.php","meta":[],"yoast_head":"<!-- This site is optimized with the Yoast SEO plugin v21.7 - https:\/\/yoast.com\/wordpress\/plugins\/seo\/ -->\n<title>Aqua Glide - Lunar Cable Park<\/title>\n<meta name=\"robots\" content=\"index, follow, max-snippet:-1, max-image-preview:large, max-video-preview:-1\" \/>\n<link rel=\"canonical\" href=\"https:\/\/lunarcablepark.com\/fr\/aqua-slide\/\" \/>\n<meta property=\"og:locale\" content=\"fr_FR\" \/>\n<meta property=\"og:type\" content=\"article\" \/>\n<meta property=\"og:title\" content=\"Aqua Glide - Lunar Cable Park\" \/>\n<meta property=\"og:url\" content=\"https:\/\/lunarcablepark.com\/fr\/aqua-slide\/\" \/>\n<meta property=\"og:site_name\" content=\"Lunar Cable Park\" \/>\n<meta property=\"article:modified_time\" content=\"2022-09-16T10:12:32+00:00\" \/>\n<meta name=\"twitter:card\" content=\"summary_large_image\" \/>\n<meta name=\"twitter:label1\" content=\"Dur\u00e9e de lecture estim\u00e9e\" \/>\n\t<meta name=\"twitter:data1\" content=\"3 minutes\" \/>\n<script type=\"application\/ld+json\" class=\"yoast-schema-graph\">{\"@context\":\"https:\/\/schema.org\",\"@graph\":[{\"@type\":\"WebPage\",\"@id\":\"https:\/\/lunarcablepark.com\/fr\/aqua-slide\/\",\"url\":\"https:\/\/lunarcablepark.com\/fr\/aqua-slide\/\",\"name\":\"Aqua Glide - Lunar Cable Park\",\"isPartOf\":{\"@id\":\"https:\/\/lunarcablepark.com\/#website\"},\"datePublished\":\"2022-07-05T16:19:48+00:00\",\"dateModified\":\"2022-09-16T10:12:32+00:00\",\"breadcrumb\":{\"@id\":\"https:\/\/lunarcablepark.com\/fr\/aqua-slide\/#breadcrumb\"},\"inLanguage\":\"fr-FR\",\"potentialAction\":[{\"@type\":\"ReadAction\",\"target\":[\"https:\/\/lunarcablepark.com\/fr\/aqua-slide\/\"]}]},{\"@type\":\"BreadcrumbList\",\"@id\":\"https:\/\/lunarcablepark.com\/fr\/aqua-slide\/#breadcrumb\",\"itemListElement\":[{\"@type\":\"ListItem\",\"position\":1,\"name\":\"Portada\",\"item\":\"https:\/\/lunarcablepark.com\/\"},{\"@type\":\"ListItem\",\"position\":2,\"name\":\"Aqua Glide\"}]},{\"@type\":\"WebSite\",\"@id\":\"https:\/\/lunarcablepark.com\/#website\",\"url\":\"https:\/\/lunarcablepark.com\/\",\"name\":\"Lunar Cable Park\",\"description\":\"Disfruta de las mejores instalaciones de Wakeboard en Espa\u00f1a\",\"potentialAction\":[{\"@type\":\"SearchAction\",\"target\":{\"@type\":\"EntryPoint\",\"urlTemplate\":\"https:\/\/lunarcablepark.com\/?s={search_term_string}\"},\"query-input\":\"required name=search_term_string\"}],\"inLanguage\":\"fr-FR\"}]}<\/script>\n<!-- \/ Yoast SEO plugin. -->","yoast_head_json":{"title":"Aqua Glide - Lunar Cable Park","robots":{"index":"index","follow":"follow","max-snippet":"max-snippet:-1","max-image-preview":"max-image-preview:large","max-video-preview":"max-video-preview:-1"},"canonical":"https:\/\/lunarcablepark.com\/fr\/aqua-slide\/","og_locale":"fr_FR","og_type":"article","og_title":"Aqua Glide - Lunar Cable Park","og_url":"https:\/\/lunarcablepark.com\/fr\/aqua-slide\/","og_site_name":"Lunar Cable Park","article_modified_time":"2022-09-16T10:12:32+00:00","twitter_card":"summary_large_image","twitter_misc":{"Dur\u00e9e de lecture estim\u00e9e":"3 minutes"},"schema":{"@context":"https:\/\/schema.org","@graph":[{"@type":"WebPage","@id":"https:\/\/lunarcablepark.com\/fr\/aqua-slide\/","url":"https:\/\/lunarcablepark.com\/fr\/aqua-slide\/","name":"Aqua Glide - Lunar Cable Park","isPartOf":{"@id":"https:\/\/lunarcablepark.com\/#website"},"datePublished":"2022-07-05T16:19:48+00:00","dateModified":"2022-09-16T10:12:32+00:00","breadcrumb":{"@id":"https:\/\/lunarcablepark.com\/fr\/aqua-slide\/#breadcrumb"},"inLanguage":"fr-FR","potentialAction":[{"@type":"ReadAction","target":["https:\/\/lunarcablepark.com\/fr\/aqua-slide\/"]}]},{"@type":"BreadcrumbList","@id":"https:\/\/lunarcablepark.com\/fr\/aqua-slide\/#breadcrumb","itemListElement":[{"@type":"ListItem","position":1,"name":"Portada","item":"https:\/\/lunarcablepark.com\/"},{"@type":"ListItem","position":2,"name":"Aqua Glide"}]},{"@type":"WebSite","@id":"https:\/\/lunarcablepark.com\/#website","url":"https:\/\/lunarcablepark.com\/","name":"Lunar Cable Park","description":"Disfruta de las mejores instalaciones de Wakeboard en Espa\u00f1a","potentialAction":[{"@type":"SearchAction","target":{"@type":"EntryPoint","urlTemplate":"https:\/\/lunarcablepark.com\/?s={search_term_string}"},"query-input":"required name=search_term_string"}],"inLanguage":"fr-FR"}]}},"_links":{"self":[{"href":"https:\/\/lunarcablepark.com\/fr\/wp-json\/wp\/v2\/pages\/2032"}],"collection":[{"href":"https:\/\/lunarcablepark.com\/fr\/wp-json\/wp\/v2\/pages"}],"about":[{"href":"https:\/\/lunarcablepark.com\/fr\/wp-json\/wp\/v2\/types\/page"}],"author":[{"embeddable":true,"href":"https:\/\/lunarcablepark.com\/fr\/wp-json\/wp\/v2\/users\/1"}],"replies":[{"embeddable":true,"href":"https:\/\/lunarcablepark.com\/fr\/wp-json\/wp\/v2\/comments?post=2032"}],"version-history":[{"count":7,"href":"https:\/\/lunarcablepark.com\/fr\/wp-json\/wp\/v2\/pages\/2032\/revisions"}],"predecessor-version":[{"id":2329,"href":"https:\/\/lunarcablepark.com\/fr\/wp-json\/wp\/v2\/pages\/2032\/revisions\/2329"}],"wp:attachment":[{"href":"https:\/\/lunarcablepark.com\/fr\/wp-json\/wp\/v2\/media?parent=2032"}],"curies":[{"name":"wp","href":"https:\/\/api.w.org\/{rel}","templated":true}]}}