{"id":2131,"date":"2022-06-17T09:33:01","date_gmt":"2022-06-17T09:33:01","guid":{"rendered":"https:\/\/lunarcablepark.com\/dienstleistungen\/"},"modified":"2022-09-16T11:24:18","modified_gmt":"2022-09-16T11:24:18","slug":"dienstleistungen","status":"publish","type":"page","link":"https:\/\/lunarcablepark.com\/de\/dienstleistungen\/","title":{"rendered":"DIENSTLEISTUNGEN"},"content":{"rendered":"\n\t<section class=\"section\" id=\"section_442563234\">\n\t\t<div class=\"bg section-bg fill bg-fill  \" >\n\n\t\t\t\n\t\t\t<div class=\"section-bg-overlay absolute fill\"><\/div>\n\t\t\t\n\n\t\t<\/div>\n\n\t\t\n\n\t\t<div class=\"section-content relative\">\n\t\t\t\n\n<div class=\"row row-collapse\" style=\"max-width:1300px\" id=\"row-309264404\">\n\n\n\t<div id=\"col-1087801094\" class=\"col medium-7 small-12 large-7\"  >\n\t\t\t\t<div class=\"col-inner\"  >\n\t\t\t\n\t\t\t\n\n\t<div id=\"gap-209734274\" class=\"gap-element clearfix\" style=\"display:block; height:auto;\">\n\t\t\n<style>\n#gap-209734274 {\n  padding-top: 20px;\n}\n<\/style>\n\t<\/div>\n\t\n\n\t<div id=\"text-464475796\" class=\"text\">\n\t\t\n\n<h6 class=\"uppercase\"><strong>AKTIVIT\u00c4TEN IN LUNAR<\/strong><\/h3>\n\t\t\n<style>\n#text-464475796 {\n  color: rgb(255,255,255);\n}\n#text-464475796 > * {\n  color: rgb(255,255,255);\n}\n<\/style>\n\t<\/div>\n\t\n\t<div id=\"gap-1495060122\" class=\"gap-element clearfix\" style=\"display:block; height:auto;\">\n\t\t\n<style>\n#gap-1495060122 {\n  padding-top: 5px;\n}\n<\/style>\n\t<\/div>\n\t\n\n\t<div id=\"text-2145198838\" class=\"text\">\n\t\t\n\n<h2 style=\"font-weight:300;\">Fokussiert auf unsere Leidenschaft f\u00fcr Wassersport und Gemeinschaft!<\/h2>\n\t\t\n<style>\n#text-2145198838 {\n  font-size: 1.2rem;\n  color: rgb(255,255,255);\n}\n#text-2145198838 > * {\n  color: rgb(255,255,255);\n}\n<\/style>\n\t<\/div>\n\t\n\t<div id=\"gap-388906268\" class=\"gap-element clearfix\" style=\"display:block; height:auto;\">\n\t\t\n<style>\n#gap-388906268 {\n  padding-top: 5px;\n}\n<\/style>\n\t<\/div>\n\t\n\n\t<div id=\"text-548580646\" class=\"text\">\n\t\t\n\n<p>Wir bem\u00fchen uns, Aktivit\u00e4ten anzubieten, die den Bed\u00fcrfnissen von Liebhabern eines aktiven Lebensstils gerecht werden, von leistungsorientierten Sportlern und Athleten bis hin zu Familien, die das warme mediterrane Klima genie\u00dfen m\u00f6chten.<\/p>\n\t\t\n<style>\n#text-548580646 {\n  font-size: 1.1rem;\n  color: rgb(255,255,255);\n}\n#text-548580646 > * {\n  color: rgb(255,255,255);\n}\n<\/style>\n\t<\/div>\n\t\n\n\t\t<\/div>\n\t\t\t\t\t<\/div>\n\n\t\n\n<\/div>\n\n\t\t<\/div>\n\n\t\t\n<style>\n#section_442563234 {\n  padding-top: 0px;\n  padding-bottom: 0px;\n  min-height: 500px;\n}\n#section_442563234 .section-bg-overlay {\n  background-color: rgba(0, 0, 0, 0.25);\n}\n#section_442563234 .section-bg.bg-loaded {\n  background-image: url(https:\/\/lunarcablepark.com\/wp-content\/uploads\/2022\/06\/lunar-cable-noche.jpg);\n}\n<\/style>\n\t<\/section>\n\t\n\t<section class=\"section\" id=\"section_1861845443\">\n\t\t<div class=\"bg section-bg fill bg-fill  bg-loaded\" >\n\n\t\t\t\n\t\t\t\n\t\t\t\n\n\t\t<\/div>\n\n\t\t\n\n\t\t<div class=\"section-content relative\">\n\t\t\t\n\n\t<div id=\"gap-223117654\" class=\"gap-element clearfix\" style=\"display:block; height:auto;\">\n\t\t\n<style>\n#gap-223117654 {\n  padding-top: 30px;\n}\n<\/style>\n\t<\/div>\n\t\n\n<div class=\"row align-middle\" style=\"max-width:1300px\" id=\"row-402972438\">\n\n\n\t<div id=\"col-1772906215\" class=\"col medium-5 small-12 large-5\"  data-animate=\"fadeInUp\">\n\t\t\t\t<div class=\"col-inner\"  >\n\t\t\t\n\t\t\t\n\n\t<div class=\"img has-hover x md-x lg-x y md-y lg-y\" id=\"image_832527209\">\n\t\t\t\t\t\t\t\t<div class=\"img-inner dark\" >\n\t\t\t<img width=\"750\" height=\"500\" src=\"https:\/\/lunarcablepark.com\/wp-content\/uploads\/2022\/06\/AGOverview.jpg\" class=\"attachment-original size-original\" alt=\"\" decoding=\"async\" loading=\"lazy\" srcset=\"https:\/\/lunarcablepark.com\/wp-content\/uploads\/2022\/06\/AGOverview.jpg 750w, https:\/\/lunarcablepark.com\/wp-content\/uploads\/2022\/06\/AGOverview-600x400.jpg 600w\" sizes=\"(max-width: 750px) 100vw, 750px\" \/>\t\t\t\t\t\t\n\t\t\t\t\t<\/div>\n\t\t\t\t\t\t\t\t\n<style>\n#image_832527209 {\n  width: 100%;\n}\n<\/style>\n\t<\/div>\n\t\n\n\n\t\t<\/div>\n\t\t\t\t\t<\/div>\n\n\t\n\n\t<div id=\"col-1447551848\" class=\"col medium-7 small-12 large-7\"  data-animate=\"fadeInDown\">\n\t\t\t\t<div class=\"col-inner\"  >\n\t\t\t\n\t\t\t\n\n<h2 style=\"font-weight: 300;\"><u>AQUA GLIDE<\/u><\/h2>\n<p>K\u00fchlen Sie sich an einem hei\u00dfen Tag ab und fordern Sie sich selbst heraus, indem Sie auf unserem schwimmenden Hindernisparcours navigieren. Offen f\u00fcr alle ab 5 Jahren und mit einer Kapazit\u00e4t f\u00fcr 90 Personen ist unser Aqua Glide ein einzigartiges Wasserabenteuer, das Sie einzeln, als Familie oder in einer Gruppe erleben k\u00f6nnen. <\/p>\n<p>Bevor Sie beginnen, stattet Sie das Lunar-Personal mit einer Schwimmweste und den Richtlinien aus, um sicher und komfortabel im Wasser zu bleiben. <\/p>\n<p>Schreiben Sie uns, um eine Aqua Glide-Veranstaltung, -Party oder -Herausforderung f\u00fcr Ihre Gruppe zu organisieren!<\/p>\n\n<a href=\"https:\/\/lunarcablepark.com\/de\/aqua-slide\/\" target=\"_self\" class=\"button primary is-underline\"  >\n    <span>Mehr sehen<\/span>\n  <\/a>\n\n\n\n\t\t<\/div>\n\t\t\t\t\t<\/div>\n\n\t\n\n<\/div>\n\t<div id=\"gap-1669561068\" class=\"gap-element clearfix\" style=\"display:block; height:auto;\">\n\t\t\n<style>\n#gap-1669561068 {\n  padding-top: 70px;\n}\n<\/style>\n\t<\/div>\n\t\n\n<div class=\"row align-middle\" style=\"max-width:1300px\" id=\"row-645852701\">\n\n\n\t<div id=\"col-1837440052\" class=\"col medium-7 small-12 large-7\"  data-animate=\"fadeInLeft\">\n\t\t\t\t<div class=\"col-inner\"  >\n\t\t\t\n\t\t\t\n\n<h2 style=\"font-weight: 300;\"><u>KAYAK<\/u><\/h2>\n<p>Steigen Sie in eines unserer Kajaks f\u00fcr eine aufregende Paddelsession oder eine entspannte Fahrt auf dem Wasser in der Sonne. Wir haben markierte und ausgewiesene Ein- und Ausschiffungsbereiche, damit Sie sich leicht auf dem Wasser bewegen k\u00f6nnen. <\/p>\n<p>Wenn Sie an Ihren F\u00e4higkeiten und Ihrer Technik arbeiten m\u00f6chten, fragen Sie einen unserer Mitarbeiter oder Trainer um Hilfe &#8211; wir helfen Ihnen gerne weiter! Und denken Sie daran, dass Sie eine Schulung bei uns buchen k\u00f6nnen, um das Beste aus Ihrer Erfahrung herauszuholen.<\/p>\n<a href=\"https:\/\/lunarcablepark.com\/de\/kayak\/\" target=\"_self\" class=\"button primary is-underline\"  >\n    <span>Mehr sehen<\/span>\n  <\/a>\n\n\n\n\t\t<\/div>\n\t\t\t\t\t<\/div>\n\n\t\n\n\t<div id=\"col-163164176\" class=\"col medium-5 small-12 large-5\"  data-animate=\"fadeInRight\">\n\t\t\t\t<div class=\"col-inner\"  >\n\t\t\t\n\t\t\t\n\n\t<div class=\"img has-hover x md-x lg-x y md-y lg-y\" id=\"image_632747348\">\n\t\t\t\t\t\t\t\t<div class=\"img-inner dark\" >\n\t\t\t<img width=\"750\" height=\"500\" src=\"https:\/\/lunarcablepark.com\/wp-content\/uploads\/2022\/06\/Kayak-doublekids.jpg\" class=\"attachment-original size-original\" alt=\"\" decoding=\"async\" loading=\"lazy\" srcset=\"https:\/\/lunarcablepark.com\/wp-content\/uploads\/2022\/06\/Kayak-doublekids.jpg 750w, https:\/\/lunarcablepark.com\/wp-content\/uploads\/2022\/06\/Kayak-doublekids-600x400.jpg 600w\" sizes=\"(max-width: 750px) 100vw, 750px\" \/>\t\t\t\t\t\t\n\t\t\t\t\t<\/div>\n\t\t\t\t\t\t\t\t\n<style>\n#image_632747348 {\n  width: 100%;\n}\n<\/style>\n\t<\/div>\n\t\n\n\n\t\t<\/div>\n\t\t\t\t\t<\/div>\n\n\t\n\n<\/div>\n\t<div id=\"gap-1079853821\" class=\"gap-element clearfix\" style=\"display:block; height:auto;\">\n\t\t\n<style>\n#gap-1079853821 {\n  padding-top: 70px;\n}\n<\/style>\n\t<\/div>\n\t\n\n<div class=\"row align-middle\" style=\"max-width:1300px\" id=\"row-850246970\">\n\n\n\t<div id=\"col-268227835\" class=\"col medium-5 small-12 large-5\"  data-animate=\"fadeInUp\">\n\t\t\t\t<div class=\"col-inner\"  >\n\t\t\t\n\t\t\t\n\n\t<div class=\"img has-hover x md-x lg-x y md-y lg-y\" id=\"image_1532071997\">\n\t\t\t\t\t\t\t\t<div class=\"img-inner dark\" >\n\t\t\t<img width=\"750\" height=\"500\" src=\"https:\/\/lunarcablepark.com\/wp-content\/uploads\/2022\/06\/SUPfeet.jpg\" class=\"attachment-original size-original\" alt=\"\" decoding=\"async\" loading=\"lazy\" srcset=\"https:\/\/lunarcablepark.com\/wp-content\/uploads\/2022\/06\/SUPfeet.jpg 750w, https:\/\/lunarcablepark.com\/wp-content\/uploads\/2022\/06\/SUPfeet-600x400.jpg 600w\" sizes=\"(max-width: 750px) 100vw, 750px\" \/>\t\t\t\t\t\t\n\t\t\t\t\t<\/div>\n\t\t\t\t\t\t\t\t\n<style>\n#image_1532071997 {\n  width: 100%;\n}\n<\/style>\n\t<\/div>\n\t\n\n\n\t\t<\/div>\n\t\t\t\t\t<\/div>\n\n\t\n\n\t<div id=\"col-578981815\" class=\"col medium-7 small-12 large-7\"  data-animate=\"fadeInDown\">\n\t\t\t\t<div class=\"col-inner\"  >\n\t\t\t\n\t\t\t\n\n<h2 style=\"font-weight: 300;\"><u>SUP<\/u><\/h2>\n<p>Ihr Fahrzeug ist ein Paddel-Surfbrett, Ihr Platz ist die Welt und alle Elemente wurden eingeladen. Finden Sie Ruhe und Balance, um Harmonie mit den Bewegungen Ihres Boards zu erreichen.<\/p>\n<p>Unsere SUP-Boards werden von Jobe geliefert, was bedeutet, dass sie schwimmf\u00e4hig, leicht und mit Elementen ausgestattet sind, die Sie an Ihrem Board festhalten.<\/p>\n<p>Bleiben Sie auf dem Laufenden in unseren sozialen Netzwerken, wo Sie die M\u00f6glichkeit haben, an einem unserer SUP-Yoga-Kurse teilzunehmen!<\/p>\n<a href=\"https:\/\/lunarcablepark.com\/de\/paddle-surf\/\" target=\"_self\" class=\"button primary is-underline\"  >\n    <span>Mehr sehen<\/span>\n  <\/a>\n\n\n\n\t\t<\/div>\n\t\t\t\t\t<\/div>\n\n\t\n\n<\/div>\n\t<div id=\"gap-1097732977\" class=\"gap-element clearfix\" style=\"display:block; height:auto;\">\n\t\t\n<style>\n#gap-1097732977 {\n  padding-top: 70px;\n}\n<\/style>\n\t<\/div>\n\t\n\n<div class=\"row align-middle\" style=\"max-width:1300px\" id=\"row-1998730123\">\n\n\n\t<div id=\"col-280344488\" class=\"col medium-7 small-12 large-7\"  data-animate=\"fadeInLeft\">\n\t\t\t\t<div class=\"col-inner\"  >\n\t\t\t\n\t\t\t\n\n<h2 style=\"font-weight: 300;\"><u>NINJA-PARK<\/u><\/h2>\n<p>Unser selbsternannter \u201eNinja Park\u201c ist ein Outdoor-Trainingsbereich, der eine aufregende Auswahl an Aktivit\u00e4ten bietet, um Ihre Ausdauer, Kraft und Ihren Einfallsreichtum bei der Planung eines anspruchsvollen Trainingsparcours zu testen. <\/p>\n<p>Der Park eignet sich besonders gut f\u00fcr das Calisthenics-Training. Diese Form des Ganzk\u00f6rpertrainings (1) f\u00f6rdert das Selbstbewusstsein und die K\u00f6rperstabilit\u00e4t, (2) aktiviert und st\u00e4rkt jede Muskelgruppe, (3) und erweitert die Vielseitigkeit der F\u00e4higkeiten, mit denen Sie Ihre Leistung in anderen Sportarten steigern k\u00f6nnen.<\/p>\n<a href=\"https:\/\/lunarcablepark.com\/de\/ninja-park\/\" target=\"_self\" class=\"button primary is-underline\"  >\n    <span>Mehr sehen<\/span>\n  <\/a>\n\n\n\n\t\t<\/div>\n\t\t\t\t\t<\/div>\n\n\t\n\n\t<div id=\"col-534172587\" class=\"col medium-5 small-12 large-5\"  data-animate=\"fadeInRight\">\n\t\t\t\t<div class=\"col-inner\"  >\n\t\t\t\n\t\t\t\n\n\t<div class=\"img has-hover x md-x lg-x y md-y lg-y\" id=\"image_468245226\">\n\t\t\t\t\t\t\t\t<div class=\"img-inner dark\" >\n\t\t\t<img width=\"750\" height=\"500\" src=\"https:\/\/lunarcablepark.com\/wp-content\/uploads\/2022\/06\/Ninja1.jpg\" class=\"attachment-original size-original\" alt=\"\" decoding=\"async\" loading=\"lazy\" srcset=\"https:\/\/lunarcablepark.com\/wp-content\/uploads\/2022\/06\/Ninja1.jpg 750w, https:\/\/lunarcablepark.com\/wp-content\/uploads\/2022\/06\/Ninja1-600x400.jpg 600w\" sizes=\"(max-width: 750px) 100vw, 750px\" \/>\t\t\t\t\t\t\n\t\t\t\t\t<\/div>\n\t\t\t\t\t\t\t\t\n<style>\n#image_468245226 {\n  width: 100%;\n}\n<\/style>\n\t<\/div>\n\t\n\n\n\t\t<\/div>\n\t\t\t\t\t<\/div>\n\n\t\n\n<\/div>\n\t<div id=\"gap-202899763\" class=\"gap-element clearfix\" style=\"display:block; height:auto;\">\n\t\t\n<style>\n#gap-202899763 {\n  padding-top: 70px;\n}\n<\/style>\n\t<\/div>\n\t\n\n<div class=\"row align-middle\" style=\"max-width:1300px\" id=\"row-778946531\">\n\n\n\t<div id=\"col-1140763541\" class=\"col medium-5 small-12 large-5\"  data-animate=\"fadeInUp\">\n\t\t\t\t<div class=\"col-inner\"  >\n\t\t\t\n\t\t\t\n\n<div class=\"slider-wrapper relative\" id=\"slider-1779036841\" >\n    <div class=\"slider slider-nav-circle slider-nav-large slider-nav-light slider-style-normal slider-show-nav\"\n        data-flickity-options='{\n            \"cellAlign\": \"center\",\n            \"imagesLoaded\": true,\n            \"lazyLoad\": 1,\n            \"freeScroll\": false,\n            \"wrapAround\": true,\n            \"autoPlay\": 6000,\n            \"pauseAutoPlayOnHover\" : true,\n            \"prevNextButtons\": true,\n            \"contain\" : true,\n            \"adaptiveHeight\" : true,\n            \"dragThreshold\" : 10,\n            \"percentPosition\": true,\n            \"pageDots\": false,\n            \"rightToLeft\": false,\n            \"draggable\": true,\n            \"selectedAttraction\": 0.1,\n            \"parallax\" : 0,\n            \"friction\": 0.6        }'\n        >\n        \n\n\t<div class=\"img has-hover x md-x lg-x y md-y lg-y\" id=\"image_520422910\">\n\t\t\t\t\t\t\t\t<div class=\"img-inner dark\" >\n\t\t\t<img width=\"750\" height=\"500\" src=\"https:\/\/lunarcablepark.com\/wp-content\/uploads\/2022\/06\/BYOA-yogawinstructor-1.jpg\" class=\"attachment-original size-original\" alt=\"\" decoding=\"async\" loading=\"lazy\" srcset=\"https:\/\/lunarcablepark.com\/wp-content\/uploads\/2022\/06\/BYOA-yogawinstructor-1.jpg 750w, https:\/\/lunarcablepark.com\/wp-content\/uploads\/2022\/06\/BYOA-yogawinstructor-1-600x400.jpg 600w\" sizes=\"(max-width: 750px) 100vw, 750px\" \/>\t\t\t\t\t\t\n\t\t\t\t\t<\/div>\n\t\t\t\t\t\t\t\t\n<style>\n#image_520422910 {\n  width: 100%;\n}\n<\/style>\n\t<\/div>\n\t\n\n\t<div class=\"img has-hover x md-x lg-x y md-y lg-y\" id=\"image_835758544\">\n\t\t\t\t\t\t\t\t<div class=\"img-inner dark\" >\n\t\t\t<img width=\"750\" height=\"500\" src=\"https:\/\/lunarcablepark.com\/wp-content\/uploads\/2022\/06\/BYOA-Boxing.jpg\" class=\"attachment-original size-original\" alt=\"\" decoding=\"async\" loading=\"lazy\" srcset=\"https:\/\/lunarcablepark.com\/wp-content\/uploads\/2022\/06\/BYOA-Boxing.jpg 750w, https:\/\/lunarcablepark.com\/wp-content\/uploads\/2022\/06\/BYOA-Boxing-600x400.jpg 600w\" sizes=\"(max-width: 750px) 100vw, 750px\" \/>\t\t\t\t\t\t\n\t\t\t\t\t<\/div>\n\t\t\t\t\t\t\t\t\n<style>\n#image_835758544 {\n  width: 100%;\n}\n<\/style>\n\t<\/div>\n\t\n\n\t<div class=\"img has-hover x md-x lg-x y md-y lg-y\" id=\"image_1980722974\">\n\t\t\t\t\t\t\t\t<div class=\"img-inner dark\" >\n\t\t\t<img width=\"750\" height=\"500\" src=\"https:\/\/lunarcablepark.com\/wp-content\/uploads\/2022\/06\/BYOA-TugofWar.jpg\" class=\"attachment-original size-original\" alt=\"\" decoding=\"async\" loading=\"lazy\" srcset=\"https:\/\/lunarcablepark.com\/wp-content\/uploads\/2022\/06\/BYOA-TugofWar.jpg 750w, https:\/\/lunarcablepark.com\/wp-content\/uploads\/2022\/06\/BYOA-TugofWar-600x400.jpg 600w\" sizes=\"(max-width: 750px) 100vw, 750px\" \/>\t\t\t\t\t\t\n\t\t\t\t\t<\/div>\n\t\t\t\t\t\t\t\t\n<style>\n#image_1980722974 {\n  width: 100%;\n}\n<\/style>\n\t<\/div>\n\t\n\n\t<div class=\"img has-hover x md-x lg-x y md-y lg-y\" id=\"image_71718680\">\n\t\t\t\t\t\t\t\t<div class=\"img-inner dark\" >\n\t\t\t<img width=\"750\" height=\"500\" src=\"https:\/\/lunarcablepark.com\/wp-content\/uploads\/2022\/06\/BYOA-BJJ.jpg\" class=\"attachment-original size-original\" alt=\"\" decoding=\"async\" loading=\"lazy\" srcset=\"https:\/\/lunarcablepark.com\/wp-content\/uploads\/2022\/06\/BYOA-BJJ.jpg 750w, https:\/\/lunarcablepark.com\/wp-content\/uploads\/2022\/06\/BYOA-BJJ-600x400.jpg 600w\" sizes=\"(max-width: 750px) 100vw, 750px\" \/>\t\t\t\t\t\t\n\t\t\t\t\t<\/div>\n\t\t\t\t\t\t\t\t\n<style>\n#image_71718680 {\n  width: 100%;\n}\n<\/style>\n\t<\/div>\n\t\n\n\n     <\/div>\n\n     <div class=\"loading-spin dark large centered\"><\/div>\n\n\t<\/div>\n\n\n\n\t\t<\/div>\n\t\t\t\t\t<\/div>\n\n\t\n\n\t<div id=\"col-1827615328\" class=\"col medium-7 small-12 large-7\"  data-animate=\"fadeInDown\">\n\t\t\t\t<div class=\"col-inner\"  >\n\t\t\t\n\t\t\t\n\n<h2 style=\"font-weight: 300;\"><u>B.Y.O.A<\/u><\/h2>\n<p>Bringen Sie Ihre eigene Aktivit\u00e4t mit &#8211; Sie bringen die Ausr\u00fcstung und Ihre Gruppe mit und wir sorgen f\u00fcr den Raum und die Atmosph\u00e4re. Lunar hat durch Aktivit\u00e4ten wie Yoga- und Tanzkurse, Kampfsportwettk\u00e4mpfe und Triathlontraining als Fitnessstudio, Sporthalle, Dojo und Tatami gedient. <\/p>\n<p>Kontaktieren Sie uns f\u00fcr weitere Informationen zu Buchung, Preisen und der Schaffung eines geeigneten Raums f\u00fcr Ihre Gruppe!<\/p>\n<a href=\"https:\/\/lunarcablepark.com\/de\/b-y-o-a\/\" target=\"_self\" class=\"button primary is-underline\"  >\n    <span>Mehr sehen<\/span>\n  <\/a>\n\n\n\n\t\t<\/div>\n\t\t\t\t\t<\/div>\n\n\t\n\n<\/div>\n\t<div id=\"gap-1699101907\" class=\"gap-element clearfix\" style=\"display:block; height:auto;\">\n\t\t\n<style>\n#gap-1699101907 {\n  padding-top: 70px;\n}\n<\/style>\n\t<\/div>\n\t\n\n<div class=\"row align-middle\" style=\"max-width:1300px\" id=\"row-152127977\">\n\n\n\t<div id=\"col-2077489238\" class=\"col medium-7 small-12 large-7\"  data-animate=\"fadeInLeft\">\n\t\t\t\t<div class=\"col-inner\"  >\n\t\t\t\n\t\t\t\n\n<h2 style=\"font-weight: 300;\"><u>ERFORSCHEN<\/u><\/h2>\n<p>Die Natur- und Kulturlandschaft, die Lunar umgibt, bietet ein gro\u00dfes Erkundungspotenzial. Nehmen Sie einige der Wanderwege durch den Park zu Fu\u00df, mit dem Board oder mit dem Fahrrad. Haben Sie Zeit f\u00fcr einen Tagesausflug? Gehen Sie zum Strand oder zu den \u00f6rtlichen Sehensw\u00fcrdigkeiten. Und wenn Sie sich ausruhen und neue Energie tanken m\u00f6chten, \u00fcbernachten Sie in einem unserer angeschlossenen Hotels. <\/p>\n\n\t\t<\/div>\n\t\t\t\t\t<\/div>\n\n\t\n\n\t<div id=\"col-1087387142\" class=\"col medium-5 small-12 large-5\"  data-animate=\"fadeInRight\">\n\t\t\t\t<div class=\"col-inner\"  >\n\t\t\t\n\t\t\t\n\n\t<div class=\"img has-hover x md-x lg-x y md-y lg-y\" id=\"image_1561718777\">\n\t\t\t\t\t\t\t\t<div class=\"img-inner dark\" >\n\t\t\t<img width=\"500\" height=\"333\" src=\"https:\/\/lunarcablepark.com\/wp-content\/uploads\/2022\/06\/Explore.jpg\" class=\"attachment-original size-original\" alt=\"\" decoding=\"async\" loading=\"lazy\" \/>\t\t\t\t\t\t\n\t\t\t\t\t<\/div>\n\t\t\t\t\t\t\t\t\n<style>\n#image_1561718777 {\n  width: 100%;\n}\n<\/style>\n\t<\/div>\n\t\n\n\n\t\t<\/div>\n\t\t\t\t\t<\/div>\n\n\t\n\n\t<div id=\"col-1764990996\" class=\"col medium-7 small-12 large-7\"  >\n\t\t\t\t<div class=\"col-inner\"  >\n\t\t\t\n\t\t\t\n\n\n\n<div class=\"sqs-block spacer-block sqs-block-spacer sized vsize-1\" data-block-type=\"21\" id=\"block-yui_3_17_2_1_1590323153094_9849\"><div class=\"sqs-block-content\">&nbsp;<\/div><\/div><div class=\"sqs-block code-block sqs-block-code\" data-block-type=\"23\" id=\"block-yui_3_17_2_1_1572955892290_4703\"><div class=\"sqs-block-content\"><div style=\"position: relative; width: 100%; height: 0; padding-top: 141.4286%;\n padding-bottom: 48px; box-shadow: 0 2px 8px 0 rgba(63,69,81,0.16); margin-top: 1.6em; margin-bottom: 0.9em; overflow: hidden;\n border-radius: 8px; will-change: transform;\">\n  <iframe style=\"position: absolute; width: 100%; height: 100%; top: 0; left: 0; border: none; padding: 0;margin: 0;\" src=\"https:&#x2F;&#x2F;www.canva.com&#x2F;design&#x2F;DAEdJDu3-Sc&#x2F;view?embed\">\n  <\/iframe>\n<\/div>\n<a href=\"https:&#x2F;&#x2F;www.canva.com&#x2F;design&#x2F;DAEdJDu3-Sc&#x2F;view?utm_content=DAEdJDu3-Sc&amp;utm_campaign=designshare&amp;utm_medium=embeds&amp;utm_source=link\" target=\"_blank\" rel=\"noopener\"><\/a><\/div><\/div><\/div><div class=\"col sqs-col-3 span-3\"><div class=\"sqs-block spacer-block sqs-block-spacer sized vsize-1\" data-block-type=\"21\" id=\"block-yui_3_17_2_1_1583241558811_5104\"><div class=\"sqs-block-content\">&nbsp;<\/div><\/div><\/div><\/div><div class=\"sqs-block spacer-block sqs-block-spacer\" data-aspect-ratio=\"7.461594732991953\" data-block-type=\"21\" id=\"block-yui_3_17_2_1_1583241558811_7155\"><div class=\"sqs-block-content\">&nbsp;<\/div><\/div><\/div><\/div><\/div>\n              <\/section>\n            \n          <\/main>\n\n        <\/div>\n      <\/div>\n\n\n\t\t<\/div>\n\t\t\t\t\t<\/div>\n\n\t\n\n<\/div>\n\t<div id=\"gap-439610096\" class=\"gap-element clearfix\" style=\"display:block; height:auto;\">\n\t\t\n<style>\n#gap-439610096 {\n  padding-top: 40px;\n}\n<\/style>\n\t<\/div>\n\t\n\n\n\t\t<\/div>\n\n\t\t\n<style>\n#section_1861845443 {\n  padding-top: 90px;\n  padding-bottom: 90px;\n}\n<\/style>\n\t<\/section>\n\t\n\n","protected":false},"excerpt":{"rendered":"","protected":false},"author":1,"featured_media":0,"parent":0,"menu_order":0,"comment_status":"closed","ping_status":"closed","template":"page-blank.php","meta":[],"yoast_head":"<!-- This site is optimized with the Yoast SEO plugin v21.7 - https:\/\/yoast.com\/wordpress\/plugins\/seo\/ -->\n<title>DIENSTLEISTUNGEN - Lunar Cable Park<\/title>\n<meta name=\"robots\" content=\"index, follow, max-snippet:-1, max-image-preview:large, max-video-preview:-1\" \/>\n<link rel=\"canonical\" href=\"https:\/\/lunarcablepark.com\/en\/services\/\" \/>\n<meta property=\"og:locale\" content=\"de_DE\" \/>\n<meta property=\"og:type\" content=\"article\" \/>\n<meta property=\"og:title\" content=\"DIENSTLEISTUNGEN - Lunar Cable Park\" \/>\n<meta property=\"og:url\" content=\"https:\/\/lunarcablepark.com\/en\/services\/\" \/>\n<meta property=\"og:site_name\" content=\"Lunar Cable Park\" \/>\n<meta property=\"article:modified_time\" content=\"2022-09-16T11:24:18+00:00\" \/>\n<meta name=\"twitter:card\" content=\"summary_large_image\" \/>\n<meta name=\"twitter:label1\" content=\"Gesch\u00e4tzte Lesezeit\" \/>\n\t<meta name=\"twitter:data1\" content=\"4\u00a0Minuten\" \/>\n<script type=\"application\/ld+json\" class=\"yoast-schema-graph\">{\"@context\":\"https:\/\/schema.org\",\"@graph\":[{\"@type\":\"WebPage\",\"@id\":\"https:\/\/lunarcablepark.com\/en\/services\/\",\"url\":\"https:\/\/lunarcablepark.com\/en\/services\/\",\"name\":\"DIENSTLEISTUNGEN - Lunar Cable Park\",\"isPartOf\":{\"@id\":\"https:\/\/lunarcablepark.com\/#website\"},\"datePublished\":\"2022-06-17T09:33:01+00:00\",\"dateModified\":\"2022-09-16T11:24:18+00:00\",\"breadcrumb\":{\"@id\":\"https:\/\/lunarcablepark.com\/en\/services\/#breadcrumb\"},\"inLanguage\":\"de\",\"potentialAction\":[{\"@type\":\"ReadAction\",\"target\":[\"https:\/\/lunarcablepark.com\/en\/services\/\"]}]},{\"@type\":\"BreadcrumbList\",\"@id\":\"https:\/\/lunarcablepark.com\/en\/services\/#breadcrumb\",\"itemListElement\":[{\"@type\":\"ListItem\",\"position\":1,\"name\":\"Portada\",\"item\":\"https:\/\/lunarcablepark.com\/\"},{\"@type\":\"ListItem\",\"position\":2,\"name\":\"DIENSTLEISTUNGEN\"}]},{\"@type\":\"WebSite\",\"@id\":\"https:\/\/lunarcablepark.com\/#website\",\"url\":\"https:\/\/lunarcablepark.com\/\",\"name\":\"Lunar Cable Park\",\"description\":\"Disfruta de las mejores instalaciones de Wakeboard en Espa\u00f1a\",\"potentialAction\":[{\"@type\":\"SearchAction\",\"target\":{\"@type\":\"EntryPoint\",\"urlTemplate\":\"https:\/\/lunarcablepark.com\/?s={search_term_string}\"},\"query-input\":\"required name=search_term_string\"}],\"inLanguage\":\"de\"}]}<\/script>\n<!-- \/ Yoast SEO plugin. -->","yoast_head_json":{"title":"DIENSTLEISTUNGEN - Lunar Cable Park","robots":{"index":"index","follow":"follow","max-snippet":"max-snippet:-1","max-image-preview":"max-image-preview:large","max-video-preview":"max-video-preview:-1"},"canonical":"https:\/\/lunarcablepark.com\/en\/services\/","og_locale":"de_DE","og_type":"article","og_title":"DIENSTLEISTUNGEN - Lunar Cable Park","og_url":"https:\/\/lunarcablepark.com\/en\/services\/","og_site_name":"Lunar Cable Park","article_modified_time":"2022-09-16T11:24:18+00:00","twitter_card":"summary_large_image","twitter_misc":{"Gesch\u00e4tzte Lesezeit":"4\u00a0Minuten"},"schema":{"@context":"https:\/\/schema.org","@graph":[{"@type":"WebPage","@id":"https:\/\/lunarcablepark.com\/en\/services\/","url":"https:\/\/lunarcablepark.com\/en\/services\/","name":"DIENSTLEISTUNGEN - Lunar Cable Park","isPartOf":{"@id":"https:\/\/lunarcablepark.com\/#website"},"datePublished":"2022-06-17T09:33:01+00:00","dateModified":"2022-09-16T11:24:18+00:00","breadcrumb":{"@id":"https:\/\/lunarcablepark.com\/en\/services\/#breadcrumb"},"inLanguage":"de","potentialAction":[{"@type":"ReadAction","target":["https:\/\/lunarcablepark.com\/en\/services\/"]}]},{"@type":"BreadcrumbList","@id":"https:\/\/lunarcablepark.com\/en\/services\/#breadcrumb","itemListElement":[{"@type":"ListItem","position":1,"name":"Portada","item":"https:\/\/lunarcablepark.com\/"},{"@type":"ListItem","position":2,"name":"DIENSTLEISTUNGEN"}]},{"@type":"WebSite","@id":"https:\/\/lunarcablepark.com\/#website","url":"https:\/\/lunarcablepark.com\/","name":"Lunar Cable Park","description":"Disfruta de las mejores instalaciones de Wakeboard en Espa\u00f1a","potentialAction":[{"@type":"SearchAction","target":{"@type":"EntryPoint","urlTemplate":"https:\/\/lunarcablepark.com\/?s={search_term_string}"},"query-input":"required name=search_term_string"}],"inLanguage":"de"}]}},"_links":{"self":[{"href":"https:\/\/lunarcablepark.com\/de\/wp-json\/wp\/v2\/pages\/2131"}],"collection":[{"href":"https:\/\/lunarcablepark.com\/de\/wp-json\/wp\/v2\/pages"}],"about":[{"href":"https:\/\/lunarcablepark.com\/de\/wp-json\/wp\/v2\/types\/page"}],"author":[{"embeddable":true,"href":"https:\/\/lunarcablepark.com\/de\/wp-json\/wp\/v2\/users\/1"}],"replies":[{"embeddable":true,"href":"https:\/\/lunarcablepark.com\/de\/wp-json\/wp\/v2\/comments?post=2131"}],"version-history":[{"count":4,"href":"https:\/\/lunarcablepark.com\/de\/wp-json\/wp\/v2\/pages\/2131\/revisions"}],"predecessor-version":[{"id":2352,"href":"https:\/\/lunarcablepark.com\/de\/wp-json\/wp\/v2\/pages\/2131\/revisions\/2352"}],"wp:attachment":[{"href":"https:\/\/lunarcablepark.com\/de\/wp-json\/wp\/v2\/media?parent=2131"}],"curies":[{"name":"wp","href":"https:\/\/api.w.org\/{rel}","templated":true}]}}