{"id":2129,"date":"2022-07-05T16:19:48","date_gmt":"2022-07-05T16:19:48","guid":{"rendered":"https:\/\/lunarcablepark.com\/aqua-slide\/"},"modified":"2022-10-31T15:49:24","modified_gmt":"2022-10-31T15:49:24","slug":"aqua-slide","status":"publish","type":"page","link":"https:\/\/lunarcablepark.com\/de\/aqua-slide\/","title":{"rendered":"Aqua Glide"},"content":{"rendered":"\n<div class=\"row row-collapse row-full-width\"  id=\"row-1794777276\">\n\n\n\t<div id=\"col-174405550\" class=\"col small-12 large-12\"  >\n\t\t\t\t<div class=\"col-inner\" style=\"background-color:rgb(0,0,0);\" >\n\t\t\t\n\t\t\t\n\n<div class=\"row row-collapse row-full-width align-middle\"  id=\"row-236173922\">\n\n\n\t<div id=\"col-1248268970\" class=\"col medium-7 small-12 large-6\"  >\n\t\t\t\t<div class=\"col-inner dark\"  >\n\t\t\t\n\t\t\t\n\n\t<div id=\"text-1350139155\" class=\"text\">\n\t\t\n\n<h6>Aktivit\u00e4ten<\/h6>\n\t\t\n<style>\n#text-1350139155 {\n  font-size: 1.85rem;\n}\n@media (min-width:550px) {\n  #text-1350139155 {\n    font-size: 1rem;\n  }\n}\n<\/style>\n\t<\/div>\n\t\n\t<div id=\"text-1433009815\" class=\"text\">\n\t\t\n\n<h2 style=\"font-weight:300\">\nH\u00fcpfburgen<\/h2>\n\t\t\n<style>\n#text-1433009815 {\n  font-size: 1.85rem;\n}\n@media (min-width:550px) {\n  #text-1433009815 {\n    font-size: 1.65rem;\n  }\n}\n<\/style>\n\t<\/div>\n\t\n<p style=\"text-align: justify;\">Genie\u00dfen Sie einen wundervollen Tag im Lunar Wake Park, rutschen Sie unsere Rutschen hinunter, \u00fcberwinden Sie Hindernisse und spielen Sie auf den aufblasbaren Matten in Gesellschaft Ihrer Familie und Freunde in unserem aufblasbaren Bereich.<\/p>\n\t<div id=\"gap-225221341\" class=\"gap-element clearfix hide-for-small\" style=\"display:block; height:auto;\">\n\t\t\n<style>\n#gap-225221341 {\n  padding-top: 50px;\n}\n@media (min-width:550px) {\n  #gap-225221341 {\n    padding-top: 10px;\n  }\n}\n<\/style>\n\t<\/div>\n\t\n\n\t<div id=\"stack-3079099564\" class=\"stack stack-row justify-start items-stretch\">\n\t\t\n\n<a href=\"https:\/\/lunarcablepark.com\/de\/preise\/\" target=\"_self\" class=\"button white is-outline\"  >\n    <span>Preise ansehen<\/span>\n  <\/a>\n\n\n\n\t\t\n<style>\n#stack-3079099564 > * {\n  --stack-gap: 0rem;\n}\n<\/style>\n\t<\/div>\n\t\n\t<div id=\"gap-407482259\" class=\"gap-element clearfix hide-for-small\" style=\"display:block; height:auto;\">\n\t\t\n<style>\n#gap-407482259 {\n  padding-top: 50px;\n}\n@media (min-width:550px) {\n  #gap-407482259 {\n    padding-top: 150px;\n  }\n}\n<\/style>\n\t<\/div>\n\t\n\n\n\t\t<\/div>\n\t\t\t\t\n<style>\n#col-1248268970 > .col-inner {\n  padding: 20% 0px 20% 3%;\n}\n@media (min-width:550px) {\n  #col-1248268970 > .col-inner {\n    padding: 0px 0px 0px 3%;\n  }\n}\n@media (min-width:850px) {\n  #col-1248268970 > .col-inner {\n    padding: 0px 20% 0px 20%;\n  }\n}\n<\/style>\n\t<\/div>\n\n\t\n\n\t<div id=\"col-444333675\" class=\"col medium-5 small-12 large-6\"  >\n\t\t\t\t<div class=\"col-inner\"  >\n\t\t\t\n\t\t\t\n\n\n  <div class=\"banner has-hover\" id=\"banner-720711475\">\n          <div class=\"banner-inner fill\">\n        <div class=\"banner-bg fill\" >\n            <div class=\"bg fill bg-fill \"><\/div>\n                                    \n                    <\/div>\n\t\t\n        <div class=\"banner-layers container\">\n            <div class=\"fill banner-link\"><\/div>            \n\n\n        <\/div>\n      <\/div>\n\n            \n<style>\n#banner-720711475 {\n  padding-top: 350px;\n  background-color: rgba(255, 255, 255, 0);\n}\n#banner-720711475 .bg.bg-loaded {\n  background-image: url(https:\/\/lunarcablepark.com\/wp-content\/uploads\/2022\/07\/AGOverview.jpeg);\n}\n#banner-720711475 .bg {\n  background-position: 47% 47%;\n}\n@media (min-width:550px) {\n  #banner-720711475 {\n    padding-top: 650px;\n  }\n}\n@media (min-width:850px) {\n  #banner-720711475 {\n    padding-top: 700px;\n  }\n}\n<\/style>\n  <\/div>\n\n\n\n\t\t<\/div>\n\t\t\t\t\t<\/div>\n\n\t\n\n<\/div>\n\n\t\t<\/div>\n\t\t\t\t\t<\/div>\n\n\t\n\n<\/div>\n<div class=\"row\"  id=\"row-885294268\">\n\n\n\t<div id=\"col-1553824412\" class=\"col small-12 large-12\"  >\n\t\t\t\t<div class=\"col-inner\" style=\"background-color:rgba(255, 255, 255, 0.75);\" >\n\t\t\t\n\t\t\t\n\n<div class=\"row\"  id=\"row-877860936\">\n\n\n\t<div id=\"col-1794604865\" class=\"col medium-3 small-6 large-3\"  >\n\t\t\t\t<div class=\"col-inner text-center\"  >\n\t\t\t\n\t\t\t\n\n\t<div id=\"text-2856061434\" class=\"text\">\n\t\t\n\n<h2><span>+<span class=\"count-up\">+15<\/span><\/span><\/h2>\n\t\t\n<style>\n#text-2856061434 {\n  font-size: 1.75rem;\n  line-height: 0.75;\n}\n<\/style>\n\t<\/div>\n\t\n\t<div id=\"text-1440454852\" class=\"text\">\n\t\t\n\n<h6>Hindernis<\/h6>\n\t\t\n<style>\n#text-1440454852 {\n  font-size: 0.9rem;\n  line-height: 0.75;\n}\n<\/style>\n\t<\/div>\n\t\n\n\t\t<\/div>\n\t\t\t\t\t<\/div>\n\n\t\n\n\t<div id=\"col-1800017893\" class=\"col medium-3 small-6 large-3\"  >\n\t\t\t\t<div class=\"col-inner text-center\"  >\n\t\t\t\n\t\t\t\n\n\t<div id=\"text-613697217\" class=\"text\">\n\t\t\n\n<h2><span>+<span class=\"count-up\">+30<\/span><\/span><\/h2>\n\t\t\n<style>\n#text-613697217 {\n  font-size: 1.75rem;\n  line-height: 0.75;\n}\n<\/style>\n\t<\/div>\n\t\n\t<div id=\"text-4140286835\" class=\"text\">\n\t\t\n\n<h6>Menschen Kapazit\u00e4t<\/h6>\n\t\t\n<style>\n#text-4140286835 {\n  font-size: 0.9rem;\n  line-height: 0.75;\n}\n<\/style>\n\t<\/div>\n\t\n\n\t\t<\/div>\n\t\t\t\t\t<\/div>\n\n\t\n\n\t<div id=\"col-833247059\" class=\"col medium-3 small-6 large-3\"  >\n\t\t\t\t<div class=\"col-inner text-center\"  >\n\t\t\t\n\t\t\t\n\n\t<div id=\"text-2694820024\" class=\"text\">\n\t\t\n\n<h2><span>+<span class=\"count-up\">+200<\/span><\/span><\/h2>\n\t\t\n<style>\n#text-2694820024 {\n  font-size: 1.75rem;\n  line-height: 0.75;\n}\n<\/style>\n\t<\/div>\n\t\n\t<div id=\"text-4137846722\" class=\"text\">\n\t\t\n\n<h6>Meter<\/h6>\n\t\t\n<style>\n#text-4137846722 {\n  font-size: 0.9rem;\n  line-height: 0.75;\n}\n<\/style>\n\t<\/div>\n\t\n\n\t\t<\/div>\n\t\t\t\t\t<\/div>\n\n\t\n\n\t<div id=\"col-2026927352\" class=\"col medium-3 small-6 large-3\"  >\n\t\t\t\t<div class=\"col-inner text-center\"  >\n\t\t\t\n\t\t\t\n\n\t<div id=\"text-450741147\" class=\"text\">\n\t\t\n\n<h2><span><span class=\"count-up\">100%<\/span>%<\/span><\/h2>\n\t\t\n<style>\n#text-450741147 {\n  font-size: 1.75rem;\n  line-height: 0.75;\n}\n<\/style>\n\t<\/div>\n\t\n\t<div id=\"text-3598187809\" class=\"text\">\n\t\t\n\n<h6>Spa\u00df garantiert<\/h6>\n\t\t\n<style>\n#text-3598187809 {\n  font-size: 0.9rem;\n  line-height: 0.75;\n}\n<\/style>\n\t<\/div>\n\t\n\n\t\t<\/div>\n\t\t\t\t\t<\/div>\n\n\t\n\n<\/div>\n\n\t\t<\/div>\n\t\t\t\t\n<style>\n#col-1553824412 > .col-inner {\n  padding: 12% 5% 10px 5%;\n  margin: -300px 0px 0px 0px;\n}\n@media (min-width:550px) {\n  #col-1553824412 > .col-inner {\n    padding: 4% 3% 0px 3%;\n    margin: -220px 0px 0px 0px;\n  }\n}\n<\/style>\n\t<\/div>\n\n\t\n\n<\/div>\n\t<section class=\"section dark\" id=\"section_2065741028\">\n\t\t<div class=\"bg section-bg fill bg-fill  bg-loaded\" >\n\n\t\t\t\n\t\t\t\n\t\t\t\n\n\t\t<\/div>\n\n\t\t\n\n\t\t<div class=\"section-content relative\">\n\t\t\t\n\n<div class=\"row align-middle align-right\" style=\"max-width:1300px\" id=\"row-1455908408\">\n\n\n\t<div id=\"col-960379817\" class=\"col medium-12 small-12 large-5 medium-col-first\"  data-animate=\"bounceInLeft\">\n\t\t\t\t<div class=\"col-inner\"  >\n\t\t\t\n\t\t\t\n\n\n  <div class=\"banner has-hover\" id=\"banner-259189254\">\n          <div class=\"banner-inner fill\">\n        <div class=\"banner-bg fill\" >\n            <div class=\"bg fill bg-fill \"><\/div>\n                                    \n                    <\/div>\n\t\t\n        <div class=\"banner-layers container\">\n            <div class=\"fill banner-link\"><\/div>            \n\n\n        <\/div>\n      <\/div>\n\n            \n<style>\n#banner-259189254 {\n  padding-top: 300px;\n  background-color: rgb(255,255,255);\n}\n#banner-259189254 .bg.bg-loaded {\n  background-image: url(https:\/\/lunarcablepark.com\/wp-content\/uploads\/2022\/07\/as3-scaled.jpg);\n}\n@media (min-width:550px) {\n  #banner-259189254 {\n    padding-top: 400px;\n  }\n}\n<\/style>\n  <\/div>\n\n\n\n\t\t<\/div>\n\t\t\t\t\t<\/div>\n\n\t\n\n\t<div id=\"col-826303267\" class=\"col medium-11 small-12 large-7\"  >\n\t\t\t\t<div class=\"col-inner\"  >\n\t\t\t\n\t\t\t\n\n\t<div id=\"text-2136546281\" class=\"text\">\n\t\t\n\n<h6>\nH\u00fcpfburgen<\/h6>\n\t\t\n<style>\n#text-2136546281 {\n  text-align: left;\n  color: rgb(0,0,0);\n}\n#text-2136546281 > * {\n  color: rgb(0,0,0);\n}\n<\/style>\n\t<\/div>\n\t\n\t<div id=\"text-549739627\" class=\"text\">\n\t\t\n\n<h2>schwimmende Hindernisse<\/h2>\n\t\t\n<style>\n#text-549739627 {\n  font-size: 1.5rem;\n  color: rgb(0,0,0);\n}\n#text-549739627 > * {\n  color: rgb(0,0,0);\n}\n@media (min-width:550px) {\n  #text-549739627 {\n    font-size: 1.65rem;\n  }\n}\n<\/style>\n\t<\/div>\n\t\n\t<div id=\"gap-422836380\" class=\"gap-element clearfix\" style=\"display:block; height:auto;\">\n\t\t\n<style>\n#gap-422836380 {\n  padding-top: 30px;\n}\n<\/style>\n\t<\/div>\n\t\n\n\t<div id=\"text-3052362385\" class=\"text\">\n\t\t\n\n<p style=\"text-align: justify;\">K\u00fchlen Sie sich an einem hei\u00dfen Tag ab und fordern Sie sich selbst heraus, indem Sie auf unserem schwimmenden Hindernisparcours navigieren.<\/p>\n<p style=\"text-align: justify;\">Unser aufblasbarer Bereich ist f\u00fcr alle ab 5 Jahren zug\u00e4nglich und bietet Platz f\u00fcr 90 Personen. Er ist ein einzigartiges Wasserabenteuer, das Sie einzeln, mit der Familie oder in der Gruppe erleben k\u00f6nnen.<\/p>\n\t\t\n<style>\n#text-3052362385 {\n  color: rgb(0,0,0);\n}\n#text-3052362385 > * {\n  color: rgb(0,0,0);\n}\n<\/style>\n\t<\/div>\n\t\n\t<div id=\"gap-1344674566\" class=\"gap-element clearfix\" style=\"display:block; height:auto;\">\n\t\t\n<style>\n#gap-1344674566 {\n  padding-top: 15px;\n}\n<\/style>\n\t<\/div>\n\t\n\n\n\t\t<\/div>\n\t\t\t\t\n<style>\n#col-826303267 > .col-inner {\n  padding: 0px 30px 0px 0px;\n}\n<\/style>\n\t<\/div>\n\n\t\n\n<\/div>\n\t<div id=\"gap-538934681\" class=\"gap-element clearfix\" style=\"display:block; height:auto;\">\n\t\t\n<style>\n#gap-538934681 {\n  padding-top: 80px;\n}\n<\/style>\n\t<\/div>\n\t\n\n<div class=\"row align-middle align-right\" style=\"max-width:1300px\" id=\"row-248308216\">\n\n\n\t<div id=\"col-1681900447\" class=\"col medium-11 small-12 large-7\"  >\n\t\t\t\t<div class=\"col-inner\"  >\n\t\t\t\n\t\t\t\n\n\t<div id=\"text-2616506752\" class=\"text\">\n\t\t\n\n<h6>\nH\u00fcpfburgen<\/h6>\n\t\t\n<style>\n#text-2616506752 {\n  text-align: left;\n  color: rgb(0,0,0);\n}\n#text-2616506752 > * {\n  color: rgb(0,0,0);\n}\n<\/style>\n\t<\/div>\n\t\n\t<div id=\"text-4050656960\" class=\"text\">\n\t\t\n\n<h2>Gruppenaktivit\u00e4t<\/h2>\n\t\t\n<style>\n#text-4050656960 {\n  font-size: 1.5rem;\n  color: rgb(0,0,0);\n}\n#text-4050656960 > * {\n  color: rgb(0,0,0);\n}\n@media (min-width:550px) {\n  #text-4050656960 {\n    font-size: 1.65rem;\n  }\n}\n<\/style>\n\t<\/div>\n\t\n\t<div id=\"gap-489874805\" class=\"gap-element clearfix\" style=\"display:block; height:auto;\">\n\t\t\n<style>\n#gap-489874805 {\n  padding-top: 30px;\n}\n<\/style>\n\t<\/div>\n\t\n\n\t<div id=\"text-2313404306\" class=\"text\">\n\t\t\n\n<p style=\"text-align: justify;\">Bevor Sie beginnen, stattet Sie das Lunar-Personal mit einer Schwimmweste und den Richtlinien aus, um sicher und bequem im Wasser zu bleiben.<\/p>\n<p style=\"text-align: justify;\">Schreiben Sie uns, um eine Veranstaltung, Party oder aufblasbare Herausforderung f\u00fcr Ihre Gruppe zu organisieren!<\/p>\n\t\t\n<style>\n#text-2313404306 {\n  color: rgb(0,0,0);\n}\n#text-2313404306 > * {\n  color: rgb(0,0,0);\n}\n<\/style>\n\t<\/div>\n\t\n\t<div id=\"gap-1382586741\" class=\"gap-element clearfix\" style=\"display:block; height:auto;\">\n\t\t\n<style>\n#gap-1382586741 {\n  padding-top: 15px;\n}\n<\/style>\n\t<\/div>\n\t\n\n<a href=\"https:\/\/lunarcablepark.com\/de\/kontakt\/\" target=\"_self\" class=\"button primary expand\"  style=\"border-radius:10px;\">\n    <span>kontaktiere uns!<\/span>\n  <i class=\"icon-angle-right\" aria-hidden=\"true\" ><\/i><\/a>\n\n\n\n\t\t<\/div>\n\t\t\t\t\n<style>\n#col-1681900447 > .col-inner {\n  padding: 0px 30px 0px 0px;\n}\n<\/style>\n\t<\/div>\n\n\t\n\n\t<div id=\"col-1355752688\" class=\"col medium-12 small-12 large-5 medium-col-first\"  data-animate=\"bounceInRight\">\n\t\t\t\t<div class=\"col-inner\"  >\n\t\t\t\n\t\t\t\n\n\n  <div class=\"banner has-hover\" id=\"banner-1077395437\">\n          <div class=\"banner-inner fill\">\n        <div class=\"banner-bg fill\" >\n            <div class=\"bg fill bg-fill \"><\/div>\n                                    \n                    <\/div>\n\t\t\n        <div class=\"banner-layers container\">\n            <div class=\"fill banner-link\"><\/div>            \n\n\n        <\/div>\n      <\/div>\n\n            \n<style>\n#banner-1077395437 {\n  padding-top: 300px;\n  background-color: rgb(255,255,255);\n}\n#banner-1077395437 .bg.bg-loaded {\n  background-image: url(https:\/\/lunarcablepark.com\/wp-content\/uploads\/2022\/09\/DSC08454-scaled.jpg);\n}\n@media (min-width:550px) {\n  #banner-1077395437 {\n    padding-top: 400px;\n  }\n}\n<\/style>\n  <\/div>\n\n\n\n\t\t<\/div>\n\t\t\t\t\t<\/div>\n\n\t\n\n<\/div>\n\n\t\t<\/div>\n\n\t\t\n<style>\n#section_2065741028 {\n  padding-top: 100px;\n  padding-bottom: 100px;\n  background-color: rgb(255,255,255);\n}\n<\/style>\n\t<\/section>\n\t\n\t<section class=\"section\" id=\"section_1178778448\">\n\t\t<div class=\"bg section-bg fill bg-fill  bg-loaded\" >\n\n\t\t\t\n\t\t\t\n\t\t\t\n\n\t\t<\/div>\n\n\t\t\n\n\t\t<div class=\"section-content relative\">\n\t\t\t\n\n<div class=\"row row-collapse row-full-width\"  id=\"row-189660224\">\n\n\n\t<div id=\"col-918920921\" class=\"col small-12 large-12\"  >\n\t\t\t\t<div class=\"col-inner\"  >\n\t\t\t\n\t\t\t\n\n  <div class=\"banner-grid-wrapper\">\n  <div id=\"banner-grid-1970183156\" class=\"banner-grid row row-grid row-small row-full-width\" data-packery-options=\"\">\n                      \n\n<div class=\"col grid-col large-6 grid-col-1\" ><div class=\"col-inner\">\n\n\t<div class=\"img has-hover x md-x lg-x y md-y lg-y\" id=\"image_660699763\">\n\t\t\t\t\t\t\t\t<div class=\"img-inner image-zoom dark\" >\n\t\t\t<img width=\"1080\" height=\"810\" src=\"https:\/\/lunarcablepark.com\/wp-content\/uploads\/2022\/07\/Lunar-Cable-Park-8.jpeg\" class=\"attachment-original size-original\" alt=\"\" decoding=\"async\" loading=\"lazy\" srcset=\"https:\/\/lunarcablepark.com\/wp-content\/uploads\/2022\/07\/Lunar-Cable-Park-8.jpeg 1080w, https:\/\/lunarcablepark.com\/wp-content\/uploads\/2022\/07\/Lunar-Cable-Park-8-533x400.jpeg 533w, https:\/\/lunarcablepark.com\/wp-content\/uploads\/2022\/07\/Lunar-Cable-Park-8-1067x800.jpeg 1067w, https:\/\/lunarcablepark.com\/wp-content\/uploads\/2022\/07\/Lunar-Cable-Park-8-768x576.jpeg 768w\" sizes=\"(max-width: 1080px) 100vw, 1080px\" \/>\t\t\t\t\t\t\n\t\t\t\t\t<\/div>\n\t\t\t\t\t\t\t\t\n<style>\n#image_660699763 {\n  width: 100%;\n}\n<\/style>\n\t<\/div>\n\t\n\n\n<\/div><\/div>\n<div class=\"col grid-col large-3 grid-col-1\" ><div class=\"col-inner\">\n\n\t<div class=\"img has-hover x md-x lg-x y md-y lg-y\" id=\"image_568824972\">\n\t\t\t\t\t\t\t\t<div class=\"img-inner image-zoom dark\" >\n\t\t\t<img width=\"2560\" height=\"1710\" src=\"https:\/\/lunarcablepark.com\/wp-content\/uploads\/2022\/08\/DSC09029-scaled.jpg\" class=\"attachment-original size-original\" alt=\"\" decoding=\"async\" loading=\"lazy\" srcset=\"https:\/\/lunarcablepark.com\/wp-content\/uploads\/2022\/08\/DSC09029-scaled.jpg 2560w, https:\/\/lunarcablepark.com\/wp-content\/uploads\/2022\/08\/DSC09029-599x400.jpg 599w, https:\/\/lunarcablepark.com\/wp-content\/uploads\/2022\/08\/DSC09029-1198x800.jpg 1198w, https:\/\/lunarcablepark.com\/wp-content\/uploads\/2022\/08\/DSC09029-768x513.jpg 768w, https:\/\/lunarcablepark.com\/wp-content\/uploads\/2022\/08\/DSC09029-1536x1026.jpg 1536w, https:\/\/lunarcablepark.com\/wp-content\/uploads\/2022\/08\/DSC09029-2048x1368.jpg 2048w, https:\/\/lunarcablepark.com\/wp-content\/uploads\/2022\/08\/DSC09029-600x401.jpg 600w\" sizes=\"(max-width: 2560px) 100vw, 2560px\" \/>\t\t\t\t\t\t\n\t\t\t\t\t<\/div>\n\t\t\t\t\t\t\t\t\n<style>\n#image_568824972 {\n  width: 100%;\n}\n<\/style>\n\t<\/div>\n\t\n\n\n<\/div><\/div>\n<div class=\"col grid-col large-3 grid-col-1-2\" ><div class=\"col-inner\">\n\n\t<div class=\"img has-hover x md-x lg-x y md-y lg-y\" id=\"image_871917987\">\n\t\t\t\t\t\t\t\t<div class=\"img-inner image-zoom dark\" >\n\t\t\t<img width=\"775\" height=\"581\" src=\"https:\/\/lunarcablepark.com\/wp-content\/uploads\/2022\/07\/tb_p-62149-pre-57432-6_1560784439175.jpeg\" class=\"attachment-original size-original\" alt=\"\" decoding=\"async\" loading=\"lazy\" srcset=\"https:\/\/lunarcablepark.com\/wp-content\/uploads\/2022\/07\/tb_p-62149-pre-57432-6_1560784439175.jpeg 775w, https:\/\/lunarcablepark.com\/wp-content\/uploads\/2022\/07\/tb_p-62149-pre-57432-6_1560784439175-534x400.jpeg 534w, https:\/\/lunarcablepark.com\/wp-content\/uploads\/2022\/07\/tb_p-62149-pre-57432-6_1560784439175-768x576.jpeg 768w\" sizes=\"(max-width: 775px) 100vw, 775px\" \/>\t\t\t\t\t\t\n\t\t\t\t\t<\/div>\n\t\t\t\t\t\t\t\t\n<style>\n#image_871917987 {\n  width: 100%;\n}\n<\/style>\n\t<\/div>\n\t\n\n\n<\/div><\/div>\n<div class=\"col grid-col large-3 grid-col-1-2\" ><div class=\"col-inner\">\n\n\t<div class=\"img has-hover x md-x lg-x y md-y lg-y\" id=\"image_2051824033\">\n\t\t\t\t\t\t\t\t<div class=\"img-inner image-zoom dark\" >\n\t\t\t<img width=\"650\" height=\"350\" src=\"https:\/\/lunarcablepark.com\/wp-content\/uploads\/2022\/07\/lunar-watersportpark-almeria-zuidpsanje-aquaglide-650x350-1.jpeg\" class=\"attachment-original size-original\" alt=\"\" decoding=\"async\" loading=\"lazy\" \/>\t\t\t\t\t\t\n\t\t\t\t\t<\/div>\n\t\t\t\t\t\t\t\t\n<style>\n#image_2051824033 {\n  width: 100%;\n}\n<\/style>\n\t<\/div>\n\t\n\n\n<\/div><\/div>\n<div class=\"col grid-col large-3 grid-col-3-4\" ><div class=\"col-inner\">\n\n\t<div class=\"img has-hover x md-x lg-x y md-y lg-y\" id=\"image_1951729075\">\n\t\t\t\t\t\t\t\t<div class=\"img-inner image-zoom dark\" >\n\t\t\t<img width=\"1000\" height=\"1000\" src=\"https:\/\/lunarcablepark.com\/wp-content\/uploads\/2022\/07\/photo0jpg.jpeg\" class=\"attachment-original size-original\" alt=\"\" decoding=\"async\" loading=\"lazy\" srcset=\"https:\/\/lunarcablepark.com\/wp-content\/uploads\/2022\/07\/photo0jpg.jpeg 1000w, https:\/\/lunarcablepark.com\/wp-content\/uploads\/2022\/07\/photo0jpg-400x400.jpeg 400w, https:\/\/lunarcablepark.com\/wp-content\/uploads\/2022\/07\/photo0jpg-800x800.jpeg 800w, https:\/\/lunarcablepark.com\/wp-content\/uploads\/2022\/07\/photo0jpg-280x280.jpeg 280w, https:\/\/lunarcablepark.com\/wp-content\/uploads\/2022\/07\/photo0jpg-768x768.jpeg 768w\" sizes=\"(max-width: 1000px) 100vw, 1000px\" \/>\t\t\t\t\t\t\n\t\t\t\t\t<\/div>\n\t\t\t\t\t\t\t\t\n<style>\n#image_1951729075 {\n  width: 100%;\n}\n<\/style>\n\t<\/div>\n\t\n\n\n<\/div><\/div>\n<div class=\"col grid-col large-3 grid-col-3-4\" ><div class=\"col-inner\">\n\n\t<div class=\"img has-hover x md-x lg-x y md-y lg-y\" id=\"image_1402311624\">\n\t\t\t\t\t\t\t\t<div class=\"img-inner image-zoom dark\" >\n\t\t\t<img width=\"650\" height=\"650\" src=\"https:\/\/lunarcablepark.com\/wp-content\/uploads\/2022\/07\/lunar-watersportpark-almeria-zuidpsanje-aquaglide3.jpeg\" class=\"attachment-original size-original\" alt=\"\" decoding=\"async\" loading=\"lazy\" srcset=\"https:\/\/lunarcablepark.com\/wp-content\/uploads\/2022\/07\/lunar-watersportpark-almeria-zuidpsanje-aquaglide3.jpeg 650w, https:\/\/lunarcablepark.com\/wp-content\/uploads\/2022\/07\/lunar-watersportpark-almeria-zuidpsanje-aquaglide3-400x400.jpeg 400w, https:\/\/lunarcablepark.com\/wp-content\/uploads\/2022\/07\/lunar-watersportpark-almeria-zuidpsanje-aquaglide3-280x280.jpeg 280w\" sizes=\"(max-width: 650px) 100vw, 650px\" \/>\t\t\t\t\t\t\n\t\t\t\t\t<\/div>\n\t\t\t\t\t\t\t\t\n<style>\n#image_1402311624 {\n  width: 100%;\n}\n<\/style>\n\t<\/div>\n\t\n\n\n<\/div><\/div>\n<div class=\"col grid-col large-6 grid-col-3-4\" ><div class=\"col-inner\">\n\n\t<div class=\"img has-hover x md-x lg-x y md-y lg-y\" id=\"image_610636235\">\n\t\t\t\t\t\t\t\t<div class=\"img-inner image-zoom dark\" >\n\t\t\t<img width=\"2560\" height=\"1707\" src=\"https:\/\/lunarcablepark.com\/wp-content\/uploads\/2022\/07\/aquaslide-scaled.jpg\" class=\"attachment-original size-original\" alt=\"\" decoding=\"async\" loading=\"lazy\" srcset=\"https:\/\/lunarcablepark.com\/wp-content\/uploads\/2022\/07\/aquaslide-scaled.jpg 2560w, https:\/\/lunarcablepark.com\/wp-content\/uploads\/2022\/07\/aquaslide-600x400.jpg 600w, https:\/\/lunarcablepark.com\/wp-content\/uploads\/2022\/07\/aquaslide-1200x800.jpg 1200w, https:\/\/lunarcablepark.com\/wp-content\/uploads\/2022\/07\/aquaslide-768x512.jpg 768w, https:\/\/lunarcablepark.com\/wp-content\/uploads\/2022\/07\/aquaslide-1536x1024.jpg 1536w, https:\/\/lunarcablepark.com\/wp-content\/uploads\/2022\/07\/aquaslide-2048x1365.jpg 2048w\" sizes=\"(max-width: 2560px) 100vw, 2560px\" \/>\t\t\t\t\t\t\n\t\t\t\t\t<\/div>\n\t\t\t\t\t\t\t\t\n<style>\n#image_610636235 {\n  width: 100%;\n}\n<\/style>\n\t<\/div>\n\t\n\n\n<\/div><\/div>\n\n            <\/div>\n    <style>\n    #banner-grid-1970183156 .grid-col-1{height: 600px}\n    #banner-grid-1970183156 .grid-col-1-2{height: 300px}\n    #banner-grid-1970183156 .grid-col-1-3{height:200px}\n    #banner-grid-1970183156 .grid-col-2-3{height: 400px}\n    #banner-grid-1970183156 .grid-col-1-4{height: 150px}\n    #banner-grid-1970183156 .grid-col-3-4{height: 450px}\n\n\n    \n    \n\n  <\/style>\n    <\/div>\n  \n\n\t\t<\/div>\n\t\t\t\t\t<\/div>\n\n\t\n\n<\/div>\n\n\t\t<\/div>\n\n\t\t\n<style>\n#section_1178778448 {\n  padding-top: 0px;\n  padding-bottom: 0px;\n}\n<\/style>\n\t<\/section>\n\t\n\n","protected":false},"excerpt":{"rendered":"","protected":false},"author":1,"featured_media":0,"parent":0,"menu_order":0,"comment_status":"closed","ping_status":"closed","template":"page-blank.php","meta":[],"yoast_head":"<!-- This site is optimized with the Yoast SEO plugin v21.7 - https:\/\/yoast.com\/wordpress\/plugins\/seo\/ -->\n<title>Aqua Glide - Lunar Cable Park<\/title>\n<meta name=\"robots\" content=\"index, follow, max-snippet:-1, max-image-preview:large, max-video-preview:-1\" \/>\n<link rel=\"canonical\" href=\"https:\/\/lunarcablepark.com\/de\/aqua-slide\/\" \/>\n<meta property=\"og:locale\" content=\"de_DE\" \/>\n<meta property=\"og:type\" content=\"article\" \/>\n<meta property=\"og:title\" content=\"Aqua Glide - Lunar Cable Park\" \/>\n<meta property=\"og:url\" content=\"https:\/\/lunarcablepark.com\/de\/aqua-slide\/\" \/>\n<meta property=\"og:site_name\" content=\"Lunar Cable Park\" \/>\n<meta property=\"article:modified_time\" content=\"2022-10-31T15:49:24+00:00\" \/>\n<meta name=\"twitter:card\" content=\"summary_large_image\" \/>\n<meta name=\"twitter:label1\" content=\"Gesch\u00e4tzte Lesezeit\" \/>\n\t<meta name=\"twitter:data1\" content=\"3\u00a0Minuten\" \/>\n<script type=\"application\/ld+json\" class=\"yoast-schema-graph\">{\"@context\":\"https:\/\/schema.org\",\"@graph\":[{\"@type\":\"WebPage\",\"@id\":\"https:\/\/lunarcablepark.com\/de\/aqua-slide\/\",\"url\":\"https:\/\/lunarcablepark.com\/de\/aqua-slide\/\",\"name\":\"Aqua Glide - Lunar Cable Park\",\"isPartOf\":{\"@id\":\"https:\/\/lunarcablepark.com\/#website\"},\"datePublished\":\"2022-07-05T16:19:48+00:00\",\"dateModified\":\"2022-10-31T15:49:24+00:00\",\"breadcrumb\":{\"@id\":\"https:\/\/lunarcablepark.com\/de\/aqua-slide\/#breadcrumb\"},\"inLanguage\":\"de\",\"potentialAction\":[{\"@type\":\"ReadAction\",\"target\":[\"https:\/\/lunarcablepark.com\/de\/aqua-slide\/\"]}]},{\"@type\":\"BreadcrumbList\",\"@id\":\"https:\/\/lunarcablepark.com\/de\/aqua-slide\/#breadcrumb\",\"itemListElement\":[{\"@type\":\"ListItem\",\"position\":1,\"name\":\"Portada\",\"item\":\"https:\/\/lunarcablepark.com\/\"},{\"@type\":\"ListItem\",\"position\":2,\"name\":\"Aqua Glide\"}]},{\"@type\":\"WebSite\",\"@id\":\"https:\/\/lunarcablepark.com\/#website\",\"url\":\"https:\/\/lunarcablepark.com\/\",\"name\":\"Lunar Cable Park\",\"description\":\"Disfruta de las mejores instalaciones de Wakeboard en Espa\u00f1a\",\"potentialAction\":[{\"@type\":\"SearchAction\",\"target\":{\"@type\":\"EntryPoint\",\"urlTemplate\":\"https:\/\/lunarcablepark.com\/?s={search_term_string}\"},\"query-input\":\"required name=search_term_string\"}],\"inLanguage\":\"de\"}]}<\/script>\n<!-- \/ Yoast SEO plugin. -->","yoast_head_json":{"title":"Aqua Glide - Lunar Cable Park","robots":{"index":"index","follow":"follow","max-snippet":"max-snippet:-1","max-image-preview":"max-image-preview:large","max-video-preview":"max-video-preview:-1"},"canonical":"https:\/\/lunarcablepark.com\/de\/aqua-slide\/","og_locale":"de_DE","og_type":"article","og_title":"Aqua Glide - Lunar Cable Park","og_url":"https:\/\/lunarcablepark.com\/de\/aqua-slide\/","og_site_name":"Lunar Cable Park","article_modified_time":"2022-10-31T15:49:24+00:00","twitter_card":"summary_large_image","twitter_misc":{"Gesch\u00e4tzte Lesezeit":"3\u00a0Minuten"},"schema":{"@context":"https:\/\/schema.org","@graph":[{"@type":"WebPage","@id":"https:\/\/lunarcablepark.com\/de\/aqua-slide\/","url":"https:\/\/lunarcablepark.com\/de\/aqua-slide\/","name":"Aqua Glide - Lunar Cable Park","isPartOf":{"@id":"https:\/\/lunarcablepark.com\/#website"},"datePublished":"2022-07-05T16:19:48+00:00","dateModified":"2022-10-31T15:49:24+00:00","breadcrumb":{"@id":"https:\/\/lunarcablepark.com\/de\/aqua-slide\/#breadcrumb"},"inLanguage":"de","potentialAction":[{"@type":"ReadAction","target":["https:\/\/lunarcablepark.com\/de\/aqua-slide\/"]}]},{"@type":"BreadcrumbList","@id":"https:\/\/lunarcablepark.com\/de\/aqua-slide\/#breadcrumb","itemListElement":[{"@type":"ListItem","position":1,"name":"Portada","item":"https:\/\/lunarcablepark.com\/"},{"@type":"ListItem","position":2,"name":"Aqua Glide"}]},{"@type":"WebSite","@id":"https:\/\/lunarcablepark.com\/#website","url":"https:\/\/lunarcablepark.com\/","name":"Lunar Cable Park","description":"Disfruta de las mejores instalaciones de Wakeboard en Espa\u00f1a","potentialAction":[{"@type":"SearchAction","target":{"@type":"EntryPoint","urlTemplate":"https:\/\/lunarcablepark.com\/?s={search_term_string}"},"query-input":"required name=search_term_string"}],"inLanguage":"de"}]}},"_links":{"self":[{"href":"https:\/\/lunarcablepark.com\/de\/wp-json\/wp\/v2\/pages\/2129"}],"collection":[{"href":"https:\/\/lunarcablepark.com\/de\/wp-json\/wp\/v2\/pages"}],"about":[{"href":"https:\/\/lunarcablepark.com\/de\/wp-json\/wp\/v2\/types\/page"}],"author":[{"embeddable":true,"href":"https:\/\/lunarcablepark.com\/de\/wp-json\/wp\/v2\/users\/1"}],"replies":[{"embeddable":true,"href":"https:\/\/lunarcablepark.com\/de\/wp-json\/wp\/v2\/comments?post=2129"}],"version-history":[{"count":11,"href":"https:\/\/lunarcablepark.com\/de\/wp-json\/wp\/v2\/pages\/2129\/revisions"}],"predecessor-version":[{"id":2545,"href":"https:\/\/lunarcablepark.com\/de\/wp-json\/wp\/v2\/pages\/2129\/revisions\/2545"}],"wp:attachment":[{"href":"https:\/\/lunarcablepark.com\/de\/wp-json\/wp\/v2\/media?parent=2129"}],"curies":[{"name":"wp","href":"https:\/\/api.w.org\/{rel}","templated":true}]}}