{"id":2103,"date":"2022-07-05T16:20:41","date_gmt":"2022-07-05T16:20:41","guid":{"rendered":"https:\/\/lunarcablepark.com\/paddle-surf\/"},"modified":"2022-09-16T11:40:08","modified_gmt":"2022-09-16T11:40:08","slug":"paddle-surf","status":"publish","type":"page","link":"https:\/\/lunarcablepark.com\/de\/paddle-surf\/","title":{"rendered":"Paddle Surf"},"content":{"rendered":"\n\t<section class=\"section\" id=\"section_510709038\">\n\t\t<div class=\"bg section-bg fill bg-fill  \" >\n\n\t\t\t\n\t\t\t<div class=\"section-bg-overlay absolute fill\"><\/div>\n\t\t\t\n\n\t\t<\/div>\n\n\t\t\n\n\t\t<div class=\"section-content relative\">\n\t\t\t\n\n\t<div id=\"gap-479178844\" class=\"gap-element clearfix\" style=\"display:block; height:auto;\">\n\t\t\n<style>\n#gap-479178844 {\n  padding-top: 30px;\n}\n<\/style>\n\t<\/div>\n\t\n\n<div class=\"row align-middle align-center\" style=\"max-width:1300px\" id=\"row-1562597098\">\n\n\n\t<div id=\"col-1711730323\" class=\"col small-12 large-12\"  >\n\t\t\t\t<div class=\"col-inner dark\"  >\n\t\t\t\n\t\t\t\n\n\t<div id=\"text-4160063481\" class=\"text\">\n\t\t\n\n<h6>Lunar cable park<\/h6>\n\t\t\n<style>\n#text-4160063481 {\n  font-size: 1rem;\n  text-align: left;\n  color: rgb(255,255,255);\n}\n#text-4160063481 > * {\n  color: rgb(255,255,255);\n}\n@media (min-width:550px) {\n  #text-4160063481 {\n    font-size: 1.5rem;\n  }\n}\n<\/style>\n\t<\/div>\n\t\n\t<div id=\"text-2880865415\" class=\"text\">\n\t\t\n\n<h1 style=\"font-weight:300;\">Genie\u00dfen Sie ein<br>dag des Paddelsurfens<\/h1>\n\t\t\n<style>\n#text-2880865415 {\n  font-size: 1.75rem;\n}\n@media (min-width:550px) {\n  #text-2880865415 {\n    font-size: 2.75rem;\n  }\n}\n<\/style>\n\t<\/div>\n\t\n\n\t\t<\/div>\n\t\t\t\t\t<\/div>\n\n\t\n\n<\/div>\n\n\t\t<\/div>\n\n\t\t\n<style>\n#section_510709038 {\n  padding-top: 30px;\n  padding-bottom: 30px;\n  min-height: 350px;\n}\n#section_510709038 .section-bg-overlay {\n  background-color: rgba(0, 0, 0, 0.2);\n}\n#section_510709038 .section-bg.bg-loaded {\n  background-image: url(https:\/\/lunarcablepark.com\/wp-content\/uploads\/2022\/07\/Paddle.jpg);\n}\n#section_510709038 .section-bg {\n  background-position: 66% 86%;\n}\n@media (min-width:550px) {\n  #section_510709038 {\n    min-height: 500px;\n  }\n}\n@media (min-width:850px) {\n  #section_510709038 {\n    min-height: 700px;\n  }\n}\n<\/style>\n\t<\/section>\n\t\n\t<section class=\"section\" id=\"section_658134843\">\n\t\t<div class=\"bg section-bg fill bg-fill  bg-loaded\" >\n\n\t\t\t\n\t\t\t\n\t\t\t\n\n\t\t<\/div>\n\n\t\t\n\n\t\t<div class=\"section-content relative\">\n\t\t\t\n\n\t<div id=\"gap-446973210\" class=\"gap-element clearfix\" style=\"display:block; height:auto;\">\n\t\t\n<style>\n#gap-446973210 {\n  padding-top: 20px;\n}\n@media (min-width:850px) {\n  #gap-446973210 {\n    padding-top: 75px;\n  }\n}\n<\/style>\n\t<\/div>\n\t\n\n\t<div id=\"gap-1412578444\" class=\"gap-element clearfix\" style=\"display:block; height:auto;\">\n\t\t\n<style>\n#gap-1412578444 {\n  padding-top: 50px;\n}\n@media (min-width:550px) {\n  #gap-1412578444 {\n    padding-top: 100px;\n  }\n}\n@media (min-width:850px) {\n  #gap-1412578444 {\n    padding-top: 120px;\n  }\n}\n<\/style>\n\t<\/div>\n\t\n\n<div class=\"row align-middle align-center\" style=\"max-width:1300px\" id=\"row-2146113293\">\n\n\n\t<div id=\"col-901942806\" class=\"col medium-11 small-12 large-6\"  >\n\t\t\t\t<div class=\"col-inner text-left dark\"  >\n\t\t\t\n\t\t\t\n\n\t<div id=\"gap-467466154\" class=\"gap-element clearfix\" style=\"display:block; height:auto;\">\n\t\t\n<style>\n#gap-467466154 {\n  padding-top: 10px;\n}\n@media (min-width:550px) {\n  #gap-467466154 {\n    padding-top: 30px;\n  }\n}\n@media (min-width:850px) {\n  #gap-467466154 {\n    padding-top: 0px;\n  }\n}\n<\/style>\n\t<\/div>\n\t\n\n\t<div id=\"text-3116594505\" class=\"text\">\n\t\t\n\n<h6>paddle surf<\/h6>\n\t\t\n<style>\n#text-3116594505 {\n  font-size: 1rem;\n  text-align: left;\n  color: rgb(0,0,0);\n}\n#text-3116594505 > * {\n  color: rgb(0,0,0);\n}\n@media (min-width:550px) {\n  #text-3116594505 {\n    font-size: 1rem;\n  }\n}\n<\/style>\n\t<\/div>\n\t\n\t<div id=\"gap-1502063643\" class=\"gap-element clearfix\" style=\"display:block; height:auto;\">\n\t\t\n<style>\n#gap-1502063643 {\n  padding-top: 20px;\n}\n@media (min-width:550px) {\n  #gap-1502063643 {\n    padding-top: 10px;\n  }\n}\n<\/style>\n\t<\/div>\n\t\n\n\t<div id=\"text-870540800\" class=\"text\">\n\t\t\n\n<h2 style=\"font-weight: 300;\">Haben Sie Paddle Surf noch nicht ge\u00fcbt?<\/h2>\n\t\t\n<style>\n#text-870540800 {\n  font-size: 1.75rem;\n  color: rgb(0,0,0);\n}\n#text-870540800 > * {\n  color: rgb(0,0,0);\n}\n<\/style>\n\t<\/div>\n\t\n\t<div id=\"text-2269934690\" class=\"text\">\n\t\t\n\n<p>Kommen Sie und genie\u00dfen Sie einen einzigartigen Tag in unseren Einrichtungen, in dem Sie diesen Sport aus\u00fcben. Steigen Sie ins Wasser und gleiten Sie mit Hilfe des Paddels, w\u00e4hrend Sie oben auf dem Brett bleiben.<br><br>Unsere Monitore helfen Ihnen, falls es f\u00fcr die Einweihung in Paddle Surf notwendig ist.<\/p>\n\t\t\n<style>\n#text-2269934690 {\n  font-size: 1.5rem;\n  color: rgb(0,0,0);\n}\n#text-2269934690 > * {\n  color: rgb(0,0,0);\n}\n@media (min-width:550px) {\n  #text-2269934690 {\n    font-size: 1rem;\n  }\n}\n<\/style>\n\t<\/div>\n\t\n<a href=\"https:\/\/api.whatsapp.com\/send\/?phone=34665512873\" target=\"_self\" class=\"button primary is-underline\"  >\n    <span>schreiben Sie uns!<\/span>\n  <\/a>\n\n\n\n\t\t<\/div>\n\t\t\t\t\t<\/div>\n\n\t\n\n\t<div id=\"col-1545705749\" class=\"col medium-11 small-11 large-6 medium-col-first\"  >\n\t\t\t\t<div class=\"col-inner text-left\"  >\n\t\t\t\n\t<div class=\"is-border\"\n\t\tstyle=\"border-color:rgb(233, 213, 197);border-width:40px 40px 0px 0px;margin:-40px -40px 40px 40px;\">\n\t<\/div>\n\t\t\t\n\n\n  <div class=\"banner has-hover\" id=\"banner-1203839230\">\n          <div class=\"banner-inner fill\">\n        <div class=\"banner-bg fill\" >\n            <div class=\"bg fill bg-fill \"><\/div>\n                                    \n                    <\/div>\n\t\t\n        <div class=\"banner-layers container\">\n            <div class=\"fill banner-link\"><\/div>            \n\n\n        <\/div>\n      <\/div>\n\n              <div class=\"height-fix is-invisible\"><img width=\"750\" height=\"500\" src=\"https:\/\/lunarcablepark.com\/wp-content\/uploads\/2022\/06\/SUPfeet.jpg\" class=\"attachment-original size-original\" alt=\"\" decoding=\"async\" loading=\"lazy\" srcset=\"https:\/\/lunarcablepark.com\/wp-content\/uploads\/2022\/06\/SUPfeet.jpg 750w, https:\/\/lunarcablepark.com\/wp-content\/uploads\/2022\/06\/SUPfeet-600x400.jpg 600w\" sizes=\"(max-width: 750px) 100vw, 750px\" \/><\/div>\n            \n<style>\n#banner-1203839230 .bg.bg-loaded {\n  background-image: url(https:\/\/lunarcablepark.com\/wp-content\/uploads\/2022\/06\/SUPfeet.jpg);\n}\n#banner-1203839230 {\n  background-color: rgb(0,0,0);\n}\n#banner-1203839230 .bg {\n  background-position: 100% 100%;\n}\n<\/style>\n  <\/div>\n\n\n\n\t\t<\/div>\n\t\t\t\t\n<style>\n#col-1545705749 > .col-inner {\n  margin: 0px 0px 0px -20px;\n}\n<\/style>\n\t<\/div>\n\n\t\n\n<\/div>\n\t<div id=\"gap-304103235\" class=\"gap-element clearfix\" style=\"display:block; height:auto;\">\n\t\t\n<style>\n#gap-304103235 {\n  padding-top: 0px;\n}\n@media (min-width:550px) {\n  #gap-304103235 {\n    padding-top: 30px;\n  }\n}\n@media (min-width:850px) {\n  #gap-304103235 {\n    padding-top: 0px;\n  }\n}\n<\/style>\n\t<\/div>\n\t\n\n\n\t\t<\/div>\n\n\t\t\n<style>\n#section_658134843 {\n  padding-top: 30px;\n  padding-bottom: 30px;\n  min-height: 600px;\n  background-color: rgb(255,255,255);\n}\n<\/style>\n\t<\/section>\n\t\n\t<section class=\"section\" id=\"section_911650342\">\n\t\t<div class=\"bg section-bg fill bg-fill  bg-loaded\" >\n\n\t\t\t\n\t\t\t\n\t\t\t\n\n\t\t<\/div>\n\n\t\t\n\n\t\t<div class=\"section-content relative\">\n\t\t\t\n\n\t<div id=\"gap-1425974774\" class=\"gap-element clearfix\" style=\"display:block; height:auto;\">\n\t\t\n<style>\n#gap-1425974774 {\n  padding-top: 30px;\n}\n@media (min-width:850px) {\n  #gap-1425974774 {\n    padding-top: 75px;\n  }\n}\n<\/style>\n\t<\/div>\n\t\n\n<div class=\"row row-full-width\"  id=\"row-742445224\">\n\n\n\t<div id=\"col-341431970\" class=\"col small-12 large-12\"  >\n\t\t\t\t<div class=\"col-inner\"  >\n\t\t\t\n\t\t\t\n\n\t<div id=\"text-2035345886\" class=\"text\">\n\t\t\n\n<h6 style=\"font-size:300\">PADDELSURFING IM LUNAR CABLE PARK<\/h6>\n\t\t\n<style>\n#text-2035345886 {\n  font-size: 1.5rem;\n  text-align: center;\n  color: rgb(0,0,0);\n}\n#text-2035345886 > * {\n  color: rgb(0,0,0);\n}\n<\/style>\n\t<\/div>\n\t\n\t<div id=\"gap-455116303\" class=\"gap-element clearfix\" style=\"display:block; height:auto;\">\n\t\t\n<style>\n#gap-455116303 {\n  padding-top: 10px;\n}\n<\/style>\n\t<\/div>\n\t\n\n\t<div id=\"text-1260318304\" class=\"text\">\n\t\t\n\n<h5><\/h5>\n\t\t\n<style>\n#text-1260318304 {\n  font-size: 2.75rem;\n}\n<\/style>\n\t<\/div>\n\t\n  <div class=\"banner-grid-wrapper\">\n  <div id=\"banner-grid-1172528941\" class=\"banner-grid row row-grid row-small row-full-width\" data-packery-options=\"\">\n                      \n\n<div class=\"col grid-col small-19 large-5 grid-col-1\" ><div class=\"col-inner\">\n\n\n  <div class=\"banner has-hover\" id=\"banner-971830276\">\n          <div class=\"banner-inner fill\">\n        <div class=\"banner-bg fill\" >\n            <div class=\"bg fill bg-fill \"><\/div>\n                                    \n                    <\/div>\n\t\t\n        <div class=\"banner-layers container\">\n            <div class=\"fill banner-link\"><\/div>            \n\n\n        <\/div>\n      <\/div>\n\n            \n<style>\n#banner-971830276 {\n  padding-top: 200px;\n  background-color: rgb(255, 255, 255);\n}\n#banner-971830276 .bg.bg-loaded {\n  background-image: url(https:\/\/lunarcablepark.com\/wp-content\/uploads\/2022\/07\/paddle1-scaled.jpg);\n}\n#banner-971830276 .bg {\n  background-position: 100% 100%;\n}\n@media (min-width:550px) {\n  #banner-971830276 {\n    padding-top: 500px;\n  }\n}\n<\/style>\n  <\/div>\n\n\n\n<\/div><\/div>\n<div class=\"col grid-col small-12 large-3 grid-col-1-3\" ><div class=\"col-inner\">\n\n\n  <div class=\"banner has-hover\" id=\"banner-1993364878\">\n          <div class=\"banner-inner fill\">\n        <div class=\"banner-bg fill\" >\n            <div class=\"bg fill bg-fill \"><\/div>\n                                    \n                    <\/div>\n\t\t\n        <div class=\"banner-layers container\">\n            <div class=\"fill banner-link\"><\/div>            \n\n\n        <\/div>\n      <\/div>\n\n            \n<style>\n#banner-1993364878 {\n  padding-top: 500px;\n  background-color: rgb(255, 255, 255);\n}\n#banner-1993364878 .bg.bg-loaded {\n  background-image: url(https:\/\/lunarcablepark.com\/wp-content\/uploads\/2022\/07\/7002.jpg);\n}\n#banner-1993364878 .bg {\n  background-position: 58% 54%;\n}\n<\/style>\n  <\/div>\n\n\n\n<\/div><\/div>\n<div class=\"col grid-col small-12 large-4 grid-col-2-3\" ><div class=\"col-inner\">\n\n\n  <div class=\"banner has-hover\" id=\"banner-683649022\">\n          <div class=\"banner-inner fill\">\n        <div class=\"banner-bg fill\" >\n            <div class=\"bg fill bg-fill \"><\/div>\n                                    \n                    <\/div>\n\t\t\n        <div class=\"banner-layers container\">\n            <div class=\"fill banner-link\"><\/div>            \n\n\n        <\/div>\n      <\/div>\n\n            \n<style>\n#banner-683649022 {\n  padding-top: 500px;\n  background-color: rgb(255, 255, 255);\n}\n#banner-683649022 .bg.bg-loaded {\n  background-image: url(https:\/\/lunarcablepark.com\/wp-content\/uploads\/2022\/07\/7004-scaled.jpg);\n}\n#banner-683649022 .bg {\n  background-position: 3% 46%;\n}\n<\/style>\n  <\/div>\n\n\n\n<\/div><\/div>\n<div class=\"col grid-col small-12 large-3 grid-col-1\" ><div class=\"col-inner\">\n\n\n  <div class=\"banner has-hover\" id=\"banner-866651596\">\n          <div class=\"banner-inner fill\">\n        <div class=\"banner-bg fill\" >\n            <div class=\"bg fill bg-fill \"><\/div>\n                                    \n                    <\/div>\n\t\t\n        <div class=\"banner-layers container\">\n            <div class=\"fill banner-link\"><\/div>            \n\n\n        <\/div>\n      <\/div>\n\n            \n<style>\n#banner-866651596 {\n  padding-top: 500px;\n  background-color: rgb(255, 255, 255);\n}\n#banner-866651596 .bg.bg-loaded {\n  background-image: url(https:\/\/lunarcablepark.com\/wp-content\/uploads\/2022\/07\/paddle2-scaled.jpg);\n}\n#banner-866651596 .bg {\n  background-position: 63% 39%;\n}\n<\/style>\n  <\/div>\n\n\n\n<\/div><\/div>\n<div class=\"col grid-col small-12 large-4 grid-col-2-3\" ><div class=\"col-inner\">\n\n\n  <div class=\"banner has-hover\" id=\"banner-209593263\">\n          <div class=\"banner-inner fill\">\n        <div class=\"banner-bg fill\" >\n            <div class=\"bg fill bg-fill \"><\/div>\n                                    \n                    <\/div>\n\t\t\n        <div class=\"banner-layers container\">\n            <div class=\"fill banner-link\"><\/div>            \n\n\n        <\/div>\n      <\/div>\n\n            \n<style>\n#banner-209593263 {\n  padding-top: 200px;\n  background-color: rgb(255, 255, 255);\n}\n#banner-209593263 .bg.bg-loaded {\n  background-image: url(https:\/\/lunarcablepark.com\/wp-content\/uploads\/2022\/07\/Paddle.jpg);\n}\n#banner-209593263 .bg {\n  background-position: 9% 33%;\n}\n@media (min-width:550px) {\n  #banner-209593263 {\n    padding-top: 500px;\n  }\n}\n<\/style>\n  <\/div>\n\n\n\n<\/div><\/div>\n<div class=\"col grid-col small-12 large-5 grid-col-1-3\" ><div class=\"col-inner\">\n\n\n  <div class=\"banner has-hover\" id=\"banner-357524718\">\n          <div class=\"banner-inner fill\">\n        <div class=\"banner-bg fill\" >\n            <div class=\"bg fill bg-fill \"><\/div>\n                                    \n                    <\/div>\n\t\t\n        <div class=\"banner-layers container\">\n            <div class=\"fill banner-link\"><\/div>            \n\n\n        <\/div>\n      <\/div>\n\n            \n<style>\n#banner-357524718 {\n  padding-top: 500px;\n  background-color: rgb(255, 255, 255);\n}\n#banner-357524718 .bg.bg-loaded {\n  background-image: url(https:\/\/lunarcablepark.com\/wp-content\/uploads\/2022\/07\/57.jpg);\n}\n#banner-357524718 .bg {\n  background-position: 40% 68%;\n}\n<\/style>\n  <\/div>\n\n\n\n<\/div><\/div>\n\n            <\/div>\n    <style>\n    #banner-grid-1172528941 .grid-col-1{height: 600px}\n    #banner-grid-1172528941 .grid-col-1-2{height: 300px}\n    #banner-grid-1172528941 .grid-col-1-3{height:200px}\n    #banner-grid-1172528941 .grid-col-2-3{height: 400px}\n    #banner-grid-1172528941 .grid-col-1-4{height: 150px}\n    #banner-grid-1172528941 .grid-col-3-4{height: 450px}\n\n\n    \n        \/* Mobile *\/\n    @media (max-width: 550px){\n      #banner-grid-1172528941 .grid-col-1{height: 422px}\n      #banner-grid-1172528941 .grid-col-1-2{height: 211px}\n      #banner-grid-1172528941 .grid-col-1-3{height:140.66666666667px}\n      #banner-grid-1172528941 .grid-col-2-3{height: 281.33333333333px}\n      #banner-grid-1172528941 .grid-col-1-4{height: 105.5px}\n      #banner-grid-1172528941 .grid-col-3-4{height: 316.5px}\n    }\n    \n\n  <\/style>\n    <\/div>\n  \n\n\t\t<\/div>\n\t\t\t\t\t<\/div>\n\n\t\n\n<\/div>\n\t<div id=\"gap-1682779506\" class=\"gap-element clearfix\" style=\"display:block; height:auto;\">\n\t\t\n<style>\n#gap-1682779506 {\n  padding-top: 0px;\n}\n@media (min-width:550px) {\n  #gap-1682779506 {\n    padding-top: 20px;\n  }\n}\n@media (min-width:850px) {\n  #gap-1682779506 {\n    padding-top: 60px;\n  }\n}\n<\/style>\n\t<\/div>\n\t\n\n\n\t\t<\/div>\n\n\t\t\n<style>\n#section_911650342 {\n  padding-top: 30px;\n  padding-bottom: 30px;\n}\n<\/style>\n\t<\/section>\n\t\n\t<section class=\"section\" id=\"section_672934594\">\n\t\t<div class=\"bg section-bg fill bg-fill  bg-loaded\" >\n\n\t\t\t\n\t\t\t\n\t\t\t\n\n\t\t<\/div>\n\n\t\t\n\n\t\t<div class=\"section-content relative\">\n\t\t\t\n\n\t<div id=\"gap-741954920\" class=\"gap-element clearfix\" style=\"display:block; height:auto;\">\n\t\t\n<style>\n#gap-741954920 {\n  padding-top: 75px;\n}\n@media (min-width:550px) {\n  #gap-741954920 {\n    padding-top: 110px;\n  }\n}\n@media (min-width:850px) {\n  #gap-741954920 {\n    padding-top: 140px;\n  }\n}\n<\/style>\n\t<\/div>\n\t\n\n<div class=\"row align-middle align-center\" style=\"max-width:1300px\" id=\"row-1564215280\">\n\n\n\t<div id=\"col-727644248\" class=\"col medium-10 small-11 large-6\"  >\n\t\t\t\t<div class=\"col-inner text-center\" style=\"background-color:#000000;\" >\n\t\t\t\n\t<div class=\"is-border\"\n\t\tstyle=\"border-color:rgb(233, 213, 197);border-width:40px 0px 0px 40px;margin:-40px 40px 40px -40px;\">\n\t<\/div>\n\t\t\t\n\n\n  <div class=\"banner has-hover\" id=\"banner-194055234\">\n          <div class=\"banner-inner fill\">\n        <div class=\"banner-bg fill\" >\n            <div class=\"bg fill bg-fill \"><\/div>\n                                    \n                    <\/div>\n\t\t\n        <div class=\"banner-layers container\">\n            <div class=\"fill banner-link\"><\/div>            \n\n\n        <\/div>\n      <\/div>\n\n            \n<style>\n#banner-194055234 {\n  padding-top: 250px;\n  background-color: rgb(0,0,0);\n}\n#banner-194055234 .bg.bg-loaded {\n  background-image: url(https:\/\/lunarcablepark.com\/wp-content\/uploads\/2022\/07\/7002.jpg);\n}\n@media (min-width:550px) {\n  #banner-194055234 {\n    padding-top: 500px;\n  }\n}\n<\/style>\n  <\/div>\n\n\n\n\t\t<\/div>\n\t\t\t\t\n<style>\n#col-727644248 > .col-inner {\n  margin: 0px 0px 0px 25px;\n}\n<\/style>\n\t<\/div>\n\n\t\n\n\t<div id=\"col-1705915728\" class=\"col medium-10 small-12 large-6\"  >\n\t\t\t\t<div class=\"col-inner dark\"  >\n\t\t\t\n\t\t\t\n\n\t<div id=\"gap-1146185256\" class=\"gap-element clearfix\" style=\"display:block; height:auto;\">\n\t\t\n<style>\n#gap-1146185256 {\n  padding-top: 30px;\n}\n@media (min-width:550px) {\n  #gap-1146185256 {\n    padding-top: 30px;\n  }\n}\n@media (min-width:850px) {\n  #gap-1146185256 {\n    padding-top: 0px;\n  }\n}\n<\/style>\n\t<\/div>\n\t\n\n\t<div id=\"text-3651152058\" class=\"text\">\n\t\t\n\n<h6>paddle surf<\/h6>\n\t\t\n<style>\n#text-3651152058 {\n  font-size: 1rem;\n  text-align: left;\n  color: rgb(255,255,255);\n}\n#text-3651152058 > * {\n  color: rgb(255,255,255);\n}\n<\/style>\n\t<\/div>\n\t\n\t<div id=\"text-2136038234\" class=\"text\">\n\t\t\n\n<h2 style=\"font-weight: 300;\">Haben Sie Paddle Surf noch nicht ge\u00fcbt?<\/h2>\n\t\t\n<style>\n#text-2136038234 {\n  font-size: 1.75rem;\n}\n<\/style>\n\t<\/div>\n\t\n<p>Z\u00f6gern Sie nicht, einen Tag Paddle Surf in unserem Zentrum in Gesellschaft Ihrer Familie und Freunde auszuprobieren.<\/p>\n<p>Genie\u00dfen Sie ab nur 10 \u20ac einen ganzen Tag dieser Modalit\u00e4t im Lunar Cable Park.<\/p>\n<a href=\"https:\/\/lunarcablepark.com\/de\/preise\/\" target=\"_self\" class=\"button white is-underline\"  >\n    <span>Preise ansehen<\/span>\n  <\/a>\n\n\n\n\t\t<\/div>\n\t\t\t\t\n<style>\n#col-1705915728 > .col-inner {\n  padding: 0px 0px 0px 10px;\n}\n@media (min-width:550px) {\n  #col-1705915728 > .col-inner {\n    padding: 0px 0px 0px 50px;\n  }\n}\n<\/style>\n\t<\/div>\n\n\t\n\n<\/div>\n\t<div id=\"gap-1067247183\" class=\"gap-element clearfix\" style=\"display:block; height:auto;\">\n\t\t\n<style>\n#gap-1067247183 {\n  padding-top: 10px;\n}\n@media (min-width:850px) {\n  #gap-1067247183 {\n    padding-top: 100px;\n  }\n}\n<\/style>\n\t<\/div>\n\t\n\n\n\t\t<\/div>\n\n\t\t\n<style>\n#section_672934594 {\n  padding-top: 30px;\n  padding-bottom: 30px;\n  min-height: 500px;\n  background-color: rgb(0,0,0);\n}\n<\/style>\n\t<\/section>\n\t\n\n","protected":false},"excerpt":{"rendered":"","protected":false},"author":1,"featured_media":0,"parent":0,"menu_order":0,"comment_status":"closed","ping_status":"closed","template":"page-blank.php","meta":[],"yoast_head":"<!-- This site is optimized with the Yoast SEO plugin v21.7 - https:\/\/yoast.com\/wordpress\/plugins\/seo\/ -->\n<title>Paddle Surf - Lunar Cable Park<\/title>\n<meta name=\"robots\" content=\"index, follow, max-snippet:-1, max-image-preview:large, max-video-preview:-1\" \/>\n<link rel=\"canonical\" href=\"https:\/\/lunarcablepark.com\/paddle-surf\/\" \/>\n<meta property=\"og:locale\" content=\"de_DE\" \/>\n<meta property=\"og:type\" content=\"article\" \/>\n<meta property=\"og:title\" content=\"Paddle Surf - Lunar Cable Park\" \/>\n<meta property=\"og:url\" content=\"https:\/\/lunarcablepark.com\/paddle-surf\/\" \/>\n<meta property=\"og:site_name\" content=\"Lunar Cable Park\" \/>\n<meta property=\"article:modified_time\" content=\"2022-09-16T11:40:08+00:00\" \/>\n<meta name=\"twitter:card\" content=\"summary_large_image\" \/>\n<meta name=\"twitter:label1\" content=\"Gesch\u00e4tzte Lesezeit\" \/>\n\t<meta name=\"twitter:data1\" content=\"4\u00a0Minuten\" \/>\n<script type=\"application\/ld+json\" class=\"yoast-schema-graph\">{\"@context\":\"https:\/\/schema.org\",\"@graph\":[{\"@type\":\"WebPage\",\"@id\":\"https:\/\/lunarcablepark.com\/paddle-surf\/\",\"url\":\"https:\/\/lunarcablepark.com\/paddle-surf\/\",\"name\":\"Paddle Surf - Lunar Cable Park\",\"isPartOf\":{\"@id\":\"https:\/\/lunarcablepark.com\/#website\"},\"datePublished\":\"2022-07-05T16:20:41+00:00\",\"dateModified\":\"2022-09-16T11:40:08+00:00\",\"breadcrumb\":{\"@id\":\"https:\/\/lunarcablepark.com\/paddle-surf\/#breadcrumb\"},\"inLanguage\":\"de\",\"potentialAction\":[{\"@type\":\"ReadAction\",\"target\":[\"https:\/\/lunarcablepark.com\/paddle-surf\/\"]}]},{\"@type\":\"BreadcrumbList\",\"@id\":\"https:\/\/lunarcablepark.com\/paddle-surf\/#breadcrumb\",\"itemListElement\":[{\"@type\":\"ListItem\",\"position\":1,\"name\":\"Portada\",\"item\":\"https:\/\/lunarcablepark.com\/\"},{\"@type\":\"ListItem\",\"position\":2,\"name\":\"Paddle Surf\"}]},{\"@type\":\"WebSite\",\"@id\":\"https:\/\/lunarcablepark.com\/#website\",\"url\":\"https:\/\/lunarcablepark.com\/\",\"name\":\"Lunar Cable Park\",\"description\":\"Disfruta de las mejores instalaciones de Wakeboard en Espa\u00f1a\",\"potentialAction\":[{\"@type\":\"SearchAction\",\"target\":{\"@type\":\"EntryPoint\",\"urlTemplate\":\"https:\/\/lunarcablepark.com\/?s={search_term_string}\"},\"query-input\":\"required name=search_term_string\"}],\"inLanguage\":\"de\"}]}<\/script>\n<!-- \/ Yoast SEO plugin. -->","yoast_head_json":{"title":"Paddle Surf - Lunar Cable Park","robots":{"index":"index","follow":"follow","max-snippet":"max-snippet:-1","max-image-preview":"max-image-preview:large","max-video-preview":"max-video-preview:-1"},"canonical":"https:\/\/lunarcablepark.com\/paddle-surf\/","og_locale":"de_DE","og_type":"article","og_title":"Paddle Surf - Lunar Cable Park","og_url":"https:\/\/lunarcablepark.com\/paddle-surf\/","og_site_name":"Lunar Cable Park","article_modified_time":"2022-09-16T11:40:08+00:00","twitter_card":"summary_large_image","twitter_misc":{"Gesch\u00e4tzte Lesezeit":"4\u00a0Minuten"},"schema":{"@context":"https:\/\/schema.org","@graph":[{"@type":"WebPage","@id":"https:\/\/lunarcablepark.com\/paddle-surf\/","url":"https:\/\/lunarcablepark.com\/paddle-surf\/","name":"Paddle Surf - Lunar Cable Park","isPartOf":{"@id":"https:\/\/lunarcablepark.com\/#website"},"datePublished":"2022-07-05T16:20:41+00:00","dateModified":"2022-09-16T11:40:08+00:00","breadcrumb":{"@id":"https:\/\/lunarcablepark.com\/paddle-surf\/#breadcrumb"},"inLanguage":"de","potentialAction":[{"@type":"ReadAction","target":["https:\/\/lunarcablepark.com\/paddle-surf\/"]}]},{"@type":"BreadcrumbList","@id":"https:\/\/lunarcablepark.com\/paddle-surf\/#breadcrumb","itemListElement":[{"@type":"ListItem","position":1,"name":"Portada","item":"https:\/\/lunarcablepark.com\/"},{"@type":"ListItem","position":2,"name":"Paddle Surf"}]},{"@type":"WebSite","@id":"https:\/\/lunarcablepark.com\/#website","url":"https:\/\/lunarcablepark.com\/","name":"Lunar Cable Park","description":"Disfruta de las mejores instalaciones de Wakeboard en Espa\u00f1a","potentialAction":[{"@type":"SearchAction","target":{"@type":"EntryPoint","urlTemplate":"https:\/\/lunarcablepark.com\/?s={search_term_string}"},"query-input":"required name=search_term_string"}],"inLanguage":"de"}]}},"_links":{"self":[{"href":"https:\/\/lunarcablepark.com\/de\/wp-json\/wp\/v2\/pages\/2103"}],"collection":[{"href":"https:\/\/lunarcablepark.com\/de\/wp-json\/wp\/v2\/pages"}],"about":[{"href":"https:\/\/lunarcablepark.com\/de\/wp-json\/wp\/v2\/types\/page"}],"author":[{"embeddable":true,"href":"https:\/\/lunarcablepark.com\/de\/wp-json\/wp\/v2\/users\/1"}],"replies":[{"embeddable":true,"href":"https:\/\/lunarcablepark.com\/de\/wp-json\/wp\/v2\/comments?post=2103"}],"version-history":[{"count":3,"href":"https:\/\/lunarcablepark.com\/de\/wp-json\/wp\/v2\/pages\/2103\/revisions"}],"predecessor-version":[{"id":2361,"href":"https:\/\/lunarcablepark.com\/de\/wp-json\/wp\/v2\/pages\/2103\/revisions\/2361"}],"wp:attachment":[{"href":"https:\/\/lunarcablepark.com\/de\/wp-json\/wp\/v2\/media?parent=2103"}],"curies":[{"name":"wp","href":"https:\/\/api.w.org\/{rel}","templated":true}]}}