{"id":2101,"date":"2022-07-05T16:23:49","date_gmt":"2022-07-05T16:23:49","guid":{"rendered":"https:\/\/lunarcablepark.com\/b-y-o-a\/"},"modified":"2022-09-16T11:48:18","modified_gmt":"2022-09-16T11:48:18","slug":"b-y-o-a","status":"publish","type":"page","link":"https:\/\/lunarcablepark.com\/de\/b-y-o-a\/","title":{"rendered":"B.Y.O.A"},"content":{"rendered":"\n<div class=\"row row-collapse row-full-width\"  id=\"row-536223583\">\n\n\n\t<div id=\"col-1759934394\" class=\"col small-12 large-12\"  >\n\t\t\t\t<div class=\"col-inner\" style=\"background-color:rgb(0,0,0);\" >\n\t\t\t\n\t\t\t\n\n<div class=\"row row-collapse row-full-width align-middle\"  id=\"row-356325510\">\n\n\n\t<div id=\"col-1908720491\" class=\"col medium-7 small-12 large-6\"  >\n\t\t\t\t<div class=\"col-inner dark\"  >\n\t\t\t\n\t\t\t\n\n\t<div id=\"text-331519266\" class=\"text\">\n\t\t\n\n<h6>actividades<\/h6>\n\t\t\n<style>\n#text-331519266 {\n  font-size: 1.85rem;\n}\n@media (min-width:550px) {\n  #text-331519266 {\n    font-size: 1rem;\n  }\n}\n<\/style>\n\t<\/div>\n\t\n\t<div id=\"text-3513946035\" class=\"text\">\n\t\t\n\n<h2 style=\"font-weight:300\">B.Y.O.A<\/h2>\n\t\t\n<style>\n#text-3513946035 {\n  font-size: 1.85rem;\n}\n@media (min-width:550px) {\n  #text-3513946035 {\n    font-size: 1.65rem;\n  }\n}\n<\/style>\n\t<\/div>\n\t\n<p style=\"text-align: justify;\">Bring deine eigene Aktivit\u00e4t mit &#8211; Das hei\u00dft dass du dich selbst um die gruppe und ausr\u00fcstung k\u00fcmmerst, w\u00e4hrend wir uns um die R\u00e4umlichkeiten und die stimmung sorgen. <\/p>\n\t<div id=\"gap-220389889\" class=\"gap-element clearfix hide-for-small\" style=\"display:block; height:auto;\">\n\t\t\n<style>\n#gap-220389889 {\n  padding-top: 50px;\n}\n@media (min-width:550px) {\n  #gap-220389889 {\n    padding-top: 10px;\n  }\n}\n<\/style>\n\t<\/div>\n\t\n\n\t<div id=\"stack-3840679575\" class=\"stack stack-row justify-start items-stretch\">\n\t\t\n\n<a href=\"https:\/\/api.whatsapp.com\/send\/?phone=34665512873\" target=\"_self\" class=\"button white is-outline\"  >\n    <span>Reservieren<\/span>\n  <\/a>\n\n\n\n\t\t\n<style>\n#stack-3840679575 > * {\n  --stack-gap: 0rem;\n}\n<\/style>\n\t<\/div>\n\t\n\t<div id=\"gap-1634684079\" class=\"gap-element clearfix hide-for-small\" style=\"display:block; height:auto;\">\n\t\t\n<style>\n#gap-1634684079 {\n  padding-top: 50px;\n}\n@media (min-width:550px) {\n  #gap-1634684079 {\n    padding-top: 150px;\n  }\n}\n<\/style>\n\t<\/div>\n\t\n\n\n\t\t<\/div>\n\t\t\t\t\n<style>\n#col-1908720491 > .col-inner {\n  padding: 20% 0px 20% 3%;\n}\n@media (min-width:550px) {\n  #col-1908720491 > .col-inner {\n    padding: 0px 0px 0px 3%;\n  }\n}\n@media (min-width:850px) {\n  #col-1908720491 > .col-inner {\n    padding: 0px 20% 0px 20%;\n  }\n}\n<\/style>\n\t<\/div>\n\n\t\n\n\t<div id=\"col-374698411\" class=\"col medium-5 small-12 large-6\"  >\n\t\t\t\t<div class=\"col-inner\"  >\n\t\t\t\n\t\t\t\n\n\n  <div class=\"banner has-hover\" id=\"banner-482984061\">\n          <div class=\"banner-inner fill\">\n        <div class=\"banner-bg fill\" >\n            <div class=\"bg fill bg-fill \"><\/div>\n                                    \n                    <\/div>\n\t\t\n        <div class=\"banner-layers container\">\n            <div class=\"fill banner-link\"><\/div>            \n\n\n        <\/div>\n      <\/div>\n\n            \n<style>\n#banner-482984061 {\n  padding-top: 350px;\n  background-color: rgba(255, 255, 255, 0);\n}\n#banner-482984061 .bg.bg-loaded {\n  background-image: url(https:\/\/lunarcablepark.com\/wp-content\/uploads\/2022\/06\/20200220-H73A0360-min-scaled.jpg);\n}\n#banner-482984061 .bg {\n  background-position: 47% 47%;\n}\n@media (min-width:550px) {\n  #banner-482984061 {\n    padding-top: 650px;\n  }\n}\n@media (min-width:850px) {\n  #banner-482984061 {\n    padding-top: 700px;\n  }\n}\n<\/style>\n  <\/div>\n\n\n\n\t\t<\/div>\n\t\t\t\t\t<\/div>\n\n\t\n\n<\/div>\n\n\t\t<\/div>\n\t\t\t\t\t<\/div>\n\n\t\n\n<\/div>\n<div class=\"row\"  id=\"row-372055383\">\n\n\n\t<div id=\"col-1163792647\" class=\"col small-12 large-12\"  >\n\t\t\t\t<div class=\"col-inner\" style=\"background-color:rgba(255, 255, 255, 0.75);\" >\n\t\t\t\n\t\t\t\n\n<div class=\"row align-center\"  id=\"row-790469406\">\n\n\n\t<div id=\"col-742295292\" class=\"col medium-3 small-6 large-3\"  >\n\t\t\t\t<div class=\"col-inner text-center\"  >\n\t\t\t\n\t\t\t\n\n\t<div id=\"text-3654973272\" class=\"text\">\n\t\t\n\n<h2><span>+<span class=\"count-up\">+20<\/span><\/span><\/h2>\n\t\t\n<style>\n#text-3654973272 {\n  font-size: 1.75rem;\n  line-height: 0.75;\n}\n<\/style>\n\t<\/div>\n\t\n\t<div id=\"text-1287496287\" class=\"text\">\n\t\t\n\n<h6>AKTIVIT\u00c4TEN<\/h6>\n\t\t\n<style>\n#text-1287496287 {\n  font-size: 0.9rem;\n  line-height: 0.75;\n}\n<\/style>\n\t<\/div>\n\t\n\n\t\t<\/div>\n\t\t\t\t\t<\/div>\n\n\t\n\n\t<div id=\"col-1433647808\" class=\"col medium-3 small-6 large-3\"  >\n\t\t\t\t<div class=\"col-inner text-center\"  >\n\t\t\t\n\t\t\t\n\n\t<div id=\"text-659555047\" class=\"text\">\n\t\t\n\n<h2><span><span class=\"count-up\">100%<\/span>%<\/span><\/h2>\n\t\t\n<style>\n#text-659555047 {\n  font-size: 1.75rem;\n  line-height: 0.75;\n}\n<\/style>\n\t<\/div>\n\t\n\t<div id=\"text-794230837\" class=\"text\">\n\t\t\n\n<h6>Spa\u00df garantiert<\/h6>\n\t\t\n<style>\n#text-794230837 {\n  font-size: 0.9rem;\n  line-height: 0.75;\n}\n<\/style>\n\t<\/div>\n\t\n\n\t\t<\/div>\n\t\t\t\t\t<\/div>\n\n\t\n\n\t<div id=\"col-1946003610\" class=\"col medium-3 small-6 large-3\"  >\n\t\t\t\t<div class=\"col-inner text-center\"  >\n\t\t\t\n\t\t\t\n\n\t<div id=\"text-102932841\" class=\"text\">\n\t\t\n\n<h2><span>+<span class=\"count-up\">+30<\/span><\/span><\/h2>\n\t\t\n<style>\n#text-102932841 {\n  font-size: 1.75rem;\n  line-height: 0.75;\n}\n<\/style>\n\t<\/div>\n\t\n\t<div id=\"text-2441842872\" class=\"text\">\n\t\t\n\n<h6>Menschen Kapazit\u00e4t<\/h6>\n\t\t\n<style>\n#text-2441842872 {\n  font-size: 0.9rem;\n  line-height: 0.75;\n}\n<\/style>\n\t<\/div>\n\t\n\n\t\t<\/div>\n\t\t\t\t\t<\/div>\n\n\t\n\n<\/div>\n\n\t\t<\/div>\n\t\t\t\t\n<style>\n#col-1163792647 > .col-inner {\n  padding: 12% 5% 10px 5%;\n  margin: -300px 0px 0px 0px;\n}\n@media (min-width:550px) {\n  #col-1163792647 > .col-inner {\n    padding: 4% 3% 0px 3%;\n    margin: -220px 0px 0px 0px;\n  }\n}\n<\/style>\n\t<\/div>\n\n\t\n\n<\/div>\n\t<section class=\"section\" id=\"section_797053846\">\n\t\t<div class=\"bg section-bg fill bg-fill  bg-loaded\" >\n\n\t\t\t\n\t\t\t\n\t\t\t\n\n\t\t<\/div>\n\n\t\t\n\n\t\t<div class=\"section-content relative\">\n\t\t\t\n\n<div class=\"row\" style=\"max-width:1300px\" id=\"row-1617893408\">\n\n\n\t<div id=\"col-677371512\" class=\"col small-12 large-12\"  >\n\t\t\t\t<div class=\"col-inner\"  >\n\t\t\t\n\t\t\t\n\n\t<div id=\"text-3467174830\" class=\"text\">\n\t\t\n\n<h2 style=\"font-weight:300\">Bring deine eigene Aktivit\u00e4t mit<\/h2>\n\t\t\n<style>\n#text-3467174830 {\n  font-size: 1.85rem;\n}\n<\/style>\n\t<\/div>\n\t\n<p>Lunar dient als Fitnessstudio, Sportzentrum, Dojo und Tatami f\u00fcr Aktivit\u00e4ten wie Yoga- und Tanzkurse, Kampfsportwettk\u00e4mpfe, Triathlontraining und Milit\u00e4rcamps. <\/p>\n<p>Unser Raum hat auch kreative Treffen mit Live-Musikdarbietungen, kulinarischen Veranstaltungen im Freien und verschiedenen thematischen Aktivit\u00e4ten veranstaltet. <\/p>\n<p>Sagen Sie uns, welche Aktivit\u00e4t Sie vorhaben, und wir machen es Ihnen leicht, sie auszuf\u00fchren!<\/p>\n<p>Hier sind einige Beispiele f\u00fcr Aktivit\u00e4ten, die bereits im Lunar Cable Park praktiziert wurden:<\/p>\n\t<div id=\"gap-883773602\" class=\"gap-element clearfix\" style=\"display:block; height:auto;\">\n\t\t\n<style>\n#gap-883773602 {\n  padding-top: 30px;\n}\n<\/style>\n\t<\/div>\n\t\n\n\n\t\t<\/div>\n\t\t\t\t\t<\/div>\n\n\t\n\n\t<div id=\"col-403300994\" class=\"col medium-4 small-12 large-4\"  data-animate=\"bounceInLeft\">\n\t\t\t\t<div class=\"col-inner\"  >\n\t\t\t\n\t\t\t\n\n\t<div class=\"box has-hover   has-hover box-default box-text-bottom\" >\n\n\t\t<div class=\"box-image\" >\n\t\t\t\t\t\t<div class=\"\" >\n\t\t\t\t<img width=\"750\" height=\"500\" src=\"https:\/\/lunarcablepark.com\/wp-content\/uploads\/2022\/06\/BYOA-Boxing.jpg\" class=\"attachment- size-\" alt=\"\" decoding=\"async\" loading=\"lazy\" srcset=\"https:\/\/lunarcablepark.com\/wp-content\/uploads\/2022\/06\/BYOA-Boxing.jpg 750w, https:\/\/lunarcablepark.com\/wp-content\/uploads\/2022\/06\/BYOA-Boxing-600x400.jpg 600w\" sizes=\"(max-width: 750px) 100vw, 750px\" \/>\t\t\t\t\t\t\t\t\t\t\t<\/div>\n\t\t\t\t\t<\/div>\n\n\t\t<div class=\"box-text text-center\" >\n\t\t\t<div class=\"box-text-inner\">\n\t\t\t\t\n\n<h2 style=\"font-weight:300\">BOXEN<\/h2>\n\n\t\t\t<\/div>\n\t\t<\/div>\n\t<\/div>\n\t\n\n\t\t<\/div>\n\t\t\t\t\t<\/div>\n\n\t\n\n\t<div id=\"col-1511025923\" class=\"col medium-4 small-12 large-4\"  data-animate=\"bounceInLeft\">\n\t\t\t\t<div class=\"col-inner\"  >\n\t\t\t\n\t\t\t\n\n\t<div class=\"box has-hover   has-hover box-default box-text-bottom\" >\n\n\t\t<div class=\"box-image\" >\n\t\t\t\t\t\t<div class=\"\" >\n\t\t\t\t<img width=\"750\" height=\"500\" src=\"https:\/\/lunarcablepark.com\/wp-content\/uploads\/2022\/07\/Hysteria.jpg\" class=\"attachment- size-\" alt=\"\" decoding=\"async\" loading=\"lazy\" srcset=\"https:\/\/lunarcablepark.com\/wp-content\/uploads\/2022\/07\/Hysteria.jpg 750w, https:\/\/lunarcablepark.com\/wp-content\/uploads\/2022\/07\/Hysteria-600x400.jpg 600w\" sizes=\"(max-width: 750px) 100vw, 750px\" \/>\t\t\t\t\t\t\t\t\t\t\t<\/div>\n\t\t\t\t\t<\/div>\n\n\t\t<div class=\"box-text text-center\" >\n\t\t\t<div class=\"box-text-inner\">\n\t\t\t\t\n\n<h2 style=\"font-weight:300\">LIVE-AUFTRITTE<\/h2>\n\n\t\t\t<\/div>\n\t\t<\/div>\n\t<\/div>\n\t\n\n\t\t<\/div>\n\t\t\t\t\t<\/div>\n\n\t\n\n\t<div id=\"col-297758400\" class=\"col medium-4 small-12 large-4\"  data-animate=\"bounceInLeft\">\n\t\t\t\t<div class=\"col-inner\"  >\n\t\t\t\n\t\t\t\n\n\t<div class=\"box has-hover   has-hover box-default box-text-bottom\" >\n\n\t\t<div class=\"box-image\" >\n\t\t\t\t\t\t<div class=\"\" >\n\t\t\t\t<img width=\"750\" height=\"500\" src=\"https:\/\/lunarcablepark.com\/wp-content\/uploads\/2022\/06\/BYOA-TugofWar.jpg\" class=\"attachment- size-\" alt=\"\" decoding=\"async\" loading=\"lazy\" srcset=\"https:\/\/lunarcablepark.com\/wp-content\/uploads\/2022\/06\/BYOA-TugofWar.jpg 750w, https:\/\/lunarcablepark.com\/wp-content\/uploads\/2022\/06\/BYOA-TugofWar-600x400.jpg 600w\" sizes=\"(max-width: 750px) 100vw, 750px\" \/>\t\t\t\t\t\t\t\t\t\t\t<\/div>\n\t\t\t\t\t<\/div>\n\n\t\t<div class=\"box-text text-center\" >\n\t\t\t<div class=\"box-text-inner\">\n\t\t\t\t\n\n<h2 style=\"font-weight:300\">TEAM-HERAUSFORDERUNGEN<\/h2>\n\n\t\t\t<\/div>\n\t\t<\/div>\n\t<\/div>\n\t\n\n\t\t<\/div>\n\t\t\t\t\t<\/div>\n\n\t\n\n\t<div id=\"col-164823797\" class=\"col medium-4 small-12 large-4\"  data-animate=\"bounceInLeft\">\n\t\t\t\t<div class=\"col-inner\"  >\n\t\t\t\n\t\t\t\n\n\t<div class=\"box has-hover   has-hover box-default box-text-bottom\" >\n\n\t\t<div class=\"box-image\" >\n\t\t\t\t\t\t<div class=\"\" >\n\t\t\t\t<img width=\"750\" height=\"500\" src=\"https:\/\/lunarcablepark.com\/wp-content\/uploads\/2022\/06\/BYOA-BJJ.jpg\" class=\"attachment- size-\" alt=\"\" decoding=\"async\" loading=\"lazy\" srcset=\"https:\/\/lunarcablepark.com\/wp-content\/uploads\/2022\/06\/BYOA-BJJ.jpg 750w, https:\/\/lunarcablepark.com\/wp-content\/uploads\/2022\/06\/BYOA-BJJ-600x400.jpg 600w\" sizes=\"(max-width: 750px) 100vw, 750px\" \/>\t\t\t\t\t\t\t\t\t\t\t<\/div>\n\t\t\t\t\t<\/div>\n\n\t\t<div class=\"box-text text-center\" >\n\t\t\t<div class=\"box-text-inner\">\n\t\t\t\t\n\n<h2 style=\"font-weight:300\">BJJ<\/h2>\n\n\t\t\t<\/div>\n\t\t<\/div>\n\t<\/div>\n\t\n\n\t\t<\/div>\n\t\t\t\t\t<\/div>\n\n\t\n\n\t<div id=\"col-802192214\" class=\"col medium-4 small-12 large-4\"  data-animate=\"bounceInLeft\">\n\t\t\t\t<div class=\"col-inner\"  >\n\t\t\t\n\t\t\t\n\n\t<div class=\"box has-hover   has-hover box-default box-text-bottom\" >\n\n\t\t<div class=\"box-image\" >\n\t\t\t\t\t\t<div class=\"\" >\n\t\t\t\t<img width=\"750\" height=\"500\" src=\"https:\/\/lunarcablepark.com\/wp-content\/uploads\/2022\/06\/BYOA-yogawinstructor-1.jpg\" class=\"attachment- size-\" alt=\"\" decoding=\"async\" loading=\"lazy\" srcset=\"https:\/\/lunarcablepark.com\/wp-content\/uploads\/2022\/06\/BYOA-yogawinstructor-1.jpg 750w, https:\/\/lunarcablepark.com\/wp-content\/uploads\/2022\/06\/BYOA-yogawinstructor-1-600x400.jpg 600w\" sizes=\"(max-width: 750px) 100vw, 750px\" \/>\t\t\t\t\t\t\t\t\t\t\t<\/div>\n\t\t\t\t\t<\/div>\n\n\t\t<div class=\"box-text text-center\" >\n\t\t\t<div class=\"box-text-inner\">\n\t\t\t\t\n\n<h2 style=\"font-weight:300\">YOGA<\/h2>\n\n\t\t\t<\/div>\n\t\t<\/div>\n\t<\/div>\n\t\n\n\t\t<\/div>\n\t\t\t\t\t<\/div>\n\n\t\n\n\t<div id=\"col-1141323667\" class=\"col medium-4 small-12 large-4\"  data-animate=\"bounceInLeft\">\n\t\t\t\t<div class=\"col-inner\"  >\n\t\t\t\n\t\t\t\n\n\t<div class=\"box has-hover   has-hover box-default box-text-bottom\" >\n\n\t\t<div class=\"box-image\" >\n\t\t\t\t\t\t<div class=\"\" >\n\t\t\t\t<img width=\"750\" height=\"499\" src=\"https:\/\/lunarcablepark.com\/wp-content\/uploads\/2022\/07\/SalsaNight.jpg\" class=\"attachment- size-\" alt=\"\" decoding=\"async\" loading=\"lazy\" srcset=\"https:\/\/lunarcablepark.com\/wp-content\/uploads\/2022\/07\/SalsaNight.jpg 750w, https:\/\/lunarcablepark.com\/wp-content\/uploads\/2022\/07\/SalsaNight-601x400.jpg 601w\" sizes=\"(max-width: 750px) 100vw, 750px\" \/>\t\t\t\t\t\t\t\t\t\t\t<\/div>\n\t\t\t\t\t<\/div>\n\n\t\t<div class=\"box-text text-center\" >\n\t\t\t<div class=\"box-text-inner\">\n\t\t\t\t\n\n<h2 style=\"font-weight:300\">TANZVERANSTALTUNGEN<\/h2>\n\n\t\t\t<\/div>\n\t\t<\/div>\n\t<\/div>\n\t\n\n\t\t<\/div>\n\t\t\t\t\t<\/div>\n\n\t\n\n<\/div>\n\n\t\t<\/div>\n\n\t\t\n<style>\n#section_797053846 {\n  padding-top: 50px;\n  padding-bottom: 50px;\n}\n<\/style>\n\t<\/section>\n\t\n\n  <div class=\"banner has-hover\" id=\"banner-1163417460\">\n          <div class=\"banner-inner fill\">\n        <div class=\"banner-bg fill\" >\n            <div class=\"bg fill bg-fill \"><\/div>\n                                    \n                    <\/div>\n\t\t\n        <div class=\"banner-layers container\">\n            <div class=\"fill banner-link\"><\/div>            \n\n   <div id=\"text-box-675904569\" class=\"text-box banner-layer x50 md-x50 lg-x50 y50 md-y50 lg-y50 res-text\">\n                                <div class=\"text-box-content text dark\">\n              \n              <div class=\"text-inner text-center\">\n                  \n\n<h3 class=\"uppercase\"><strong>Haben Sie Ihre Aktivit\u00e4t bereits organisiert?<\/strong><\/h3>\n<p>Lassen Sie es uns wissen und wir machen uns an die Arbeit!<\/p>\n<a href=\"https:\/\/lunarcablepark.com\/de\/kontakt\/\" target=\"_self\" class=\"button white is-outline\"  >\n    <span>Kontaktiere uns!<\/span>\n  <\/a>\n\n\n\n              <\/div>\n           <\/div>\n                            \n<style>\n#text-box-675904569 {\n  width: 60%;\n}\n#text-box-675904569 .text-box-content {\n  font-size: 100%;\n}\n<\/style>\n    <\/div>\n \n\n        <\/div>\n      <\/div>\n\n            \n<style>\n#banner-1163417460 {\n  padding-top: 500px;\n}\n#banner-1163417460 .bg.bg-loaded {\n  background-image: url(https:\/\/lunarcablepark.com\/wp-content\/uploads\/2022\/09\/N4A8203.jpg);\n}\n<\/style>\n  <\/div>\n\n\n\n","protected":false},"excerpt":{"rendered":"","protected":false},"author":1,"featured_media":0,"parent":0,"menu_order":0,"comment_status":"closed","ping_status":"closed","template":"page-blank.php","meta":[],"yoast_head":"<!-- This site is optimized with the Yoast SEO plugin v21.7 - https:\/\/yoast.com\/wordpress\/plugins\/seo\/ -->\n<title>B.Y.O.A - Lunar Cable Park<\/title>\n<meta name=\"robots\" content=\"index, follow, max-snippet:-1, max-image-preview:large, max-video-preview:-1\" \/>\n<link rel=\"canonical\" href=\"https:\/\/lunarcablepark.com\/b-y-o-a\/\" \/>\n<meta property=\"og:locale\" content=\"de_DE\" \/>\n<meta property=\"og:type\" content=\"article\" \/>\n<meta property=\"og:title\" content=\"B.Y.O.A - Lunar Cable Park\" \/>\n<meta property=\"og:url\" content=\"https:\/\/lunarcablepark.com\/b-y-o-a\/\" \/>\n<meta property=\"og:site_name\" content=\"Lunar Cable Park\" \/>\n<meta property=\"article:modified_time\" content=\"2022-09-16T11:48:18+00:00\" \/>\n<meta name=\"twitter:card\" content=\"summary_large_image\" \/>\n<meta name=\"twitter:label1\" content=\"Gesch\u00e4tzte Lesezeit\" \/>\n\t<meta name=\"twitter:data1\" content=\"3\u00a0Minuten\" \/>\n<script type=\"application\/ld+json\" class=\"yoast-schema-graph\">{\"@context\":\"https:\/\/schema.org\",\"@graph\":[{\"@type\":\"WebPage\",\"@id\":\"https:\/\/lunarcablepark.com\/b-y-o-a\/\",\"url\":\"https:\/\/lunarcablepark.com\/b-y-o-a\/\",\"name\":\"B.Y.O.A - Lunar Cable Park\",\"isPartOf\":{\"@id\":\"https:\/\/lunarcablepark.com\/#website\"},\"datePublished\":\"2022-07-05T16:23:49+00:00\",\"dateModified\":\"2022-09-16T11:48:18+00:00\",\"breadcrumb\":{\"@id\":\"https:\/\/lunarcablepark.com\/b-y-o-a\/#breadcrumb\"},\"inLanguage\":\"de\",\"potentialAction\":[{\"@type\":\"ReadAction\",\"target\":[\"https:\/\/lunarcablepark.com\/b-y-o-a\/\"]}]},{\"@type\":\"BreadcrumbList\",\"@id\":\"https:\/\/lunarcablepark.com\/b-y-o-a\/#breadcrumb\",\"itemListElement\":[{\"@type\":\"ListItem\",\"position\":1,\"name\":\"Portada\",\"item\":\"https:\/\/lunarcablepark.com\/\"},{\"@type\":\"ListItem\",\"position\":2,\"name\":\"B.Y.O.A\"}]},{\"@type\":\"WebSite\",\"@id\":\"https:\/\/lunarcablepark.com\/#website\",\"url\":\"https:\/\/lunarcablepark.com\/\",\"name\":\"Lunar Cable Park\",\"description\":\"Disfruta de las mejores instalaciones de Wakeboard en Espa\u00f1a\",\"potentialAction\":[{\"@type\":\"SearchAction\",\"target\":{\"@type\":\"EntryPoint\",\"urlTemplate\":\"https:\/\/lunarcablepark.com\/?s={search_term_string}\"},\"query-input\":\"required name=search_term_string\"}],\"inLanguage\":\"de\"}]}<\/script>\n<!-- \/ Yoast SEO plugin. -->","yoast_head_json":{"title":"B.Y.O.A - Lunar Cable Park","robots":{"index":"index","follow":"follow","max-snippet":"max-snippet:-1","max-image-preview":"max-image-preview:large","max-video-preview":"max-video-preview:-1"},"canonical":"https:\/\/lunarcablepark.com\/b-y-o-a\/","og_locale":"de_DE","og_type":"article","og_title":"B.Y.O.A - Lunar Cable Park","og_url":"https:\/\/lunarcablepark.com\/b-y-o-a\/","og_site_name":"Lunar Cable Park","article_modified_time":"2022-09-16T11:48:18+00:00","twitter_card":"summary_large_image","twitter_misc":{"Gesch\u00e4tzte Lesezeit":"3\u00a0Minuten"},"schema":{"@context":"https:\/\/schema.org","@graph":[{"@type":"WebPage","@id":"https:\/\/lunarcablepark.com\/b-y-o-a\/","url":"https:\/\/lunarcablepark.com\/b-y-o-a\/","name":"B.Y.O.A - Lunar Cable Park","isPartOf":{"@id":"https:\/\/lunarcablepark.com\/#website"},"datePublished":"2022-07-05T16:23:49+00:00","dateModified":"2022-09-16T11:48:18+00:00","breadcrumb":{"@id":"https:\/\/lunarcablepark.com\/b-y-o-a\/#breadcrumb"},"inLanguage":"de","potentialAction":[{"@type":"ReadAction","target":["https:\/\/lunarcablepark.com\/b-y-o-a\/"]}]},{"@type":"BreadcrumbList","@id":"https:\/\/lunarcablepark.com\/b-y-o-a\/#breadcrumb","itemListElement":[{"@type":"ListItem","position":1,"name":"Portada","item":"https:\/\/lunarcablepark.com\/"},{"@type":"ListItem","position":2,"name":"B.Y.O.A"}]},{"@type":"WebSite","@id":"https:\/\/lunarcablepark.com\/#website","url":"https:\/\/lunarcablepark.com\/","name":"Lunar Cable Park","description":"Disfruta de las mejores instalaciones de Wakeboard en Espa\u00f1a","potentialAction":[{"@type":"SearchAction","target":{"@type":"EntryPoint","urlTemplate":"https:\/\/lunarcablepark.com\/?s={search_term_string}"},"query-input":"required name=search_term_string"}],"inLanguage":"de"}]}},"_links":{"self":[{"href":"https:\/\/lunarcablepark.com\/de\/wp-json\/wp\/v2\/pages\/2101"}],"collection":[{"href":"https:\/\/lunarcablepark.com\/de\/wp-json\/wp\/v2\/pages"}],"about":[{"href":"https:\/\/lunarcablepark.com\/de\/wp-json\/wp\/v2\/types\/page"}],"author":[{"embeddable":true,"href":"https:\/\/lunarcablepark.com\/de\/wp-json\/wp\/v2\/users\/1"}],"replies":[{"embeddable":true,"href":"https:\/\/lunarcablepark.com\/de\/wp-json\/wp\/v2\/comments?post=2101"}],"version-history":[{"count":2,"href":"https:\/\/lunarcablepark.com\/de\/wp-json\/wp\/v2\/pages\/2101\/revisions"}],"predecessor-version":[{"id":2364,"href":"https:\/\/lunarcablepark.com\/de\/wp-json\/wp\/v2\/pages\/2101\/revisions\/2364"}],"wp:attachment":[{"href":"https:\/\/lunarcablepark.com\/de\/wp-json\/wp\/v2\/media?parent=2101"}],"curies":[{"name":"wp","href":"https:\/\/api.w.org\/{rel}","templated":true}]}}