{"id":2095,"date":"2022-07-05T16:20:10","date_gmt":"2022-07-05T16:20:10","guid":{"rendered":"https:\/\/lunarcablepark.com\/kayak\/"},"modified":"2022-09-16T11:38:20","modified_gmt":"2022-09-16T11:38:20","slug":"kayak","status":"publish","type":"page","link":"https:\/\/lunarcablepark.com\/de\/kayak\/","title":{"rendered":"Kayak"},"content":{"rendered":"\n\t<section class=\"section dark\" id=\"section_1445858589\">\n\t\t<div class=\"bg section-bg fill bg-fill  \" >\n\n\t\t\t\n\t\t\t<div class=\"section-bg-overlay absolute fill\"><\/div>\n\t\t\t\n\n\t\t<\/div>\n\n\t\t\n\n\t\t<div class=\"section-content relative\">\n\t\t\t\n\n<div class=\"row\"  id=\"row-2137083851\">\n\n\n\t<div id=\"col-807508469\" class=\"col small-12 large-12\"  >\n\t\t\t\t<div class=\"col-inner text-center\"  >\n\t\t\t\n\t\t\t\n\n\t<div id=\"gap-642440487\" class=\"gap-element clearfix\" style=\"display:block; height:auto;\">\n\t\t\n<style>\n#gap-642440487 {\n  padding-top: 60px;\n}\n<\/style>\n\t<\/div>\n\t\n\n<h1 class=\"uppercase\" style=\"font-weight: 300;\"><span style=\"font-size: 180%;\">GENIESSEN SIE EIN EINZIGARTIGES KAJAK-ERLEBNIS<\/span><\/h1>\n<p class=\"lead\">Du m\u00f6chtest probieren?<\/p>\n<a href=\"https:\/\/api.whatsapp.com\/send\/?phone=34665512873\" target=\"_self\" class=\"button white is-underline\"  >\n    <span>Machen Sie mit!<\/span>\n  <i class=\"icon-angle-right\" aria-hidden=\"true\" ><\/i><\/a>\n\n\n\n\t\t<\/div>\n\t\t\t\t\t<\/div>\n\n\t\n\n<\/div>\n\n\t\t<\/div>\n\n\t\t\n<style>\n#section_1445858589 {\n  padding-top: 30px;\n  padding-bottom: 30px;\n  min-height: 800px;\n}\n#section_1445858589 .section-bg-overlay {\n  background-color: rgba(0, 0, 0, 0.2);\n}\n#section_1445858589 .section-bg.bg-loaded {\n  background-image: url(https:\/\/lunarcablepark.com\/wp-content\/uploads\/2022\/06\/SUPfeet.jpg);\n}\n<\/style>\n\t<\/section>\n\t\n\t<section class=\"section\" id=\"section_1665671862\">\n\t\t<div class=\"bg section-bg fill bg-fill  bg-loaded\" >\n\n\t\t\t\n\t\t\t\n\t\t\t\n\n\t\t<\/div>\n\n\t\t\n\n\t\t<div class=\"section-content relative\">\n\t\t\t\n\n<div class=\"row row-collapse row-full-width\"  id=\"row-1515685083\">\n\n\n\t<div id=\"col-678901627\" class=\"col small-12 large-12\"  >\n\t\t\t\t<div class=\"col-inner\"  >\n\t\t\t\n\t\t\t\n\n<div class=\"row row-collapse row-full-width align-middle\"  id=\"row-1283150204\">\n\n\n\t<div id=\"col-1438566129\" class=\"col medium-12 small-12 large-6\"  >\n\t\t\t\t<div class=\"col-inner text-center\"  >\n\t\t\t\n\t\t\t\n\n\t<div id=\"text-2924510782\" class=\"text\">\n\t\t\n\n<h2 style=\"font-weight:300\" class=\"uppercase\"><span style=\"font-size: 150%;\">KAYAK ADVENTURE<\/span><\/h2>\n\t\t\n<style>\n#text-2924510782 {\n  color: rgb(0,0,0);\n}\n#text-2924510782 > * {\n  color: rgb(0,0,0);\n}\n<\/style>\n\t<\/div>\n\t\n\t<div id=\"gap-1183184122\" class=\"gap-element clearfix\" style=\"display:block; height:auto;\">\n\t\t\n<style>\n#gap-1183184122 {\n  padding-top: 35px;\n}\n<\/style>\n\t<\/div>\n\t\n\n<div class=\"row align-center\"  id=\"row-1823664418\">\n\n\n\t<div id=\"col-1421037561\" class=\"col medium-10 small-12 large-9\"  >\n\t\t\t\t<div class=\"col-inner\"  >\n\t\t\t\n\t\t\t\n\n\n  <div class=\"banner has-hover\" id=\"banner-1179513812\">\n          <div class=\"banner-inner fill\">\n        <div class=\"banner-bg fill\" >\n            <div class=\"bg fill bg-fill \"><\/div>\n                                    \n                    <\/div>\n\t\t\n        <div class=\"banner-layers container\">\n            <div class=\"fill banner-link\"><\/div>            \n\n\n        <\/div>\n      <\/div>\n\n            \n<style>\n#banner-1179513812 {\n  padding-top: 99.99%;\n  background-color: rgb(0,0,0);\n}\n#banner-1179513812 .bg.bg-loaded {\n  background-image: url(https:\/\/lunarcablepark.com\/wp-content\/uploads\/2022\/07\/68.jpg);\n}\n#banner-1179513812 .bg {\n  background-position: 50% 24%;\n}\n<\/style>\n  <\/div>\n\n\n\n\t\t<\/div>\n\t\t\t\t\t<\/div>\n\n\t\n\n<\/div>\n\n\t\t<\/div>\n\t\t\t\t\n<style>\n#col-1438566129 > .col-inner {\n  padding: 20% 10% 10% 10%;\n}\n@media (min-width:550px) {\n  #col-1438566129 > .col-inner {\n    padding: 10% 10% 10% 10%;\n  }\n}\n<\/style>\n\t<\/div>\n\n\t\n\n\t<div id=\"col-484969437\" class=\"col medium-12 small-12 large-6\"  >\n\t\t\t\t<div class=\"col-inner\"  >\n\t\t\t\n\t\t\t\n\n\n  <div class=\"banner has-hover\" id=\"banner-2021783937\">\n          <div class=\"banner-inner fill\">\n        <div class=\"banner-bg fill\" >\n            <div class=\"bg fill bg-fill \"><\/div>\n                                    \n                    <\/div>\n\t\t\n        <div class=\"banner-layers container\">\n            <div class=\"fill banner-link\"><\/div>            \n\n\n        <\/div>\n      <\/div>\n\n            \n<style>\n#banner-2021783937 {\n  padding-top: 99.99%;\n  background-color: rgb(0,0,0);\n}\n#banner-2021783937 .bg.bg-loaded {\n  background-image: url(https:\/\/lunarcablepark.com\/wp-content\/uploads\/2022\/07\/61.jpg);\n}\n#banner-2021783937 .bg {\n  background-position: 98% 0%;\n}\n@media (min-width:850px) {\n  #banner-2021783937 {\n    padding-top: 99.99%;\n  }\n}\n<\/style>\n  <\/div>\n\n\n\n\t\t<\/div>\n\t\t\t\t\t<\/div>\n\n\t\n\n<\/div>\n\n\t\t<\/div>\n\t\t\t\t\t<\/div>\n\n\t\n\n\n<style>\n#row-1515685083 > .col > .col-inner {\n  background-color: rgb(255,255,255);\n}\n<\/style>\n<\/div>\n\n\t\t<\/div>\n\n\t\t\n<style>\n#section_1665671862 {\n  padding-top: 0px;\n  padding-bottom: 0px;\n}\n<\/style>\n\t<\/section>\n\t\n\t<section class=\"section dark\" id=\"section_74358457\">\n\t\t<div class=\"bg section-bg fill bg-fill  bg-loaded\" >\n\n\t\t\t\n\t\t\t\n\t\t\t\n\n\t\t<\/div>\n\n\t\t\n\n\t\t<div class=\"section-content relative\">\n\t\t\t\n\n<div class=\"row row-large align-middle\" style=\"max-width:1400px\" id=\"row-174149671\">\n\n\n\t<div id=\"col-781111695\" class=\"col medium-4 small-12 large-4\"  >\n\t\t\t\t<div class=\"col-inner\"  >\n\t\t\t\n\t\t\t\n\n\t<div id=\"text-541523032\" class=\"text\">\n\t\t\n\n<h2 style=\"font-weight: 300;\"><span style=\"font-size: 180%; line-height: 120%;\">In Gesellschaft genie\u00dfen<\/span><\/h2>\n\t\t\n<style>\n#text-541523032 {\n  color: rgb(255,255,255);\n}\n#text-541523032 > * {\n  color: rgb(255,255,255);\n}\n<\/style>\n\t<\/div>\n\t\n\t<div id=\"gap-1014285256\" class=\"gap-element clearfix\" style=\"display:block; height:auto;\">\n\t\t\n<style>\n#gap-1014285256 {\n  padding-top: 20px;\n}\n<\/style>\n\t<\/div>\n\t\n\n\n  <div class=\"banner has-hover\" id=\"banner-1772913116\">\n          <div class=\"banner-inner fill\">\n        <div class=\"banner-bg fill\" >\n            <div class=\"bg fill bg-fill \"><\/div>\n                                    \n                    <\/div>\n\t\t\n        <div class=\"banner-layers container\">\n            <div class=\"fill banner-link\"><\/div>            \n\n\n        <\/div>\n      <\/div>\n\n            \n<style>\n#banner-1772913116 {\n  padding-top: 99.99%;\n  background-color: rgb(255,255,255);\n}\n#banner-1772913116 .bg.bg-loaded {\n  background-image: url(https:\/\/lunarcablepark.com\/wp-content\/uploads\/2022\/07\/66.jpg);\n}\n#banner-1772913116 .bg {\n  background-position: 0% 100%;\n}\n<\/style>\n  <\/div>\n\n\n\n\t\t<\/div>\n\t\t\t\t\t<\/div>\n\n\t\n\n\t<div id=\"col-1449552146\" class=\"col medium-4 small-12 large-4\"  >\n\t\t\t\t<div class=\"col-inner\"  >\n\t\t\t\n\t\t\t\n\n\n  <div class=\"banner has-hover\" id=\"banner-230528054\">\n          <div class=\"banner-inner fill\">\n        <div class=\"banner-bg fill\" >\n            <div class=\"bg fill bg-fill \"><\/div>\n                                    \n                    <\/div>\n\t\t\n        <div class=\"banner-layers container\">\n            <div class=\"fill banner-link\"><\/div>            \n\n\n        <\/div>\n      <\/div>\n\n            \n<style>\n#banner-230528054 {\n  padding-top: 400px;\n  background-color: rgb(255,255,255);\n}\n#banner-230528054 .bg.bg-loaded {\n  background-image: url(https:\/\/lunarcablepark.com\/wp-content\/uploads\/2022\/07\/57.jpg);\n}\n#banner-230528054 .bg {\n  background-position: 9% 91%;\n}\n@media (min-width:550px) {\n  #banner-230528054 {\n    padding-top: 600px;\n  }\n}\n@media (min-width:850px) {\n  #banner-230528054 {\n    padding-top: 700px;\n  }\n}\n<\/style>\n  <\/div>\n\n\n\n\t\t<\/div>\n\t\t\t\t\t<\/div>\n\n\t\n\n\t<div id=\"col-538671934\" class=\"col medium-4 small-12 large-4\"  >\n\t\t\t\t<div class=\"col-inner\"  >\n\t\t\t\n\t\t\t\n\n\n  <div class=\"banner has-hover\" id=\"banner-703149623\">\n          <div class=\"banner-inner fill\">\n        <div class=\"banner-bg fill\" >\n            <div class=\"bg fill bg-fill \"><\/div>\n                                    \n                    <\/div>\n\t\t\n        <div class=\"banner-layers container\">\n            <div class=\"fill banner-link\"><\/div>            \n\n\n        <\/div>\n      <\/div>\n\n            \n<style>\n#banner-703149623 {\n  padding-top: 99.99%;\n  background-color: rgb(255,255,255);\n}\n#banner-703149623 .bg.bg-loaded {\n  background-image: url(https:\/\/lunarcablepark.com\/wp-content\/uploads\/2022\/07\/55.jpg);\n}\n#banner-703149623 .bg {\n  background-position: 92% 5%;\n}\n<\/style>\n  <\/div>\n\n\n\t<div id=\"gap-204517447\" class=\"gap-element clearfix\" style=\"display:block; height:auto;\">\n\t\t\n<style>\n#gap-204517447 {\n  padding-top: 50px;\n}\n<\/style>\n\t<\/div>\n\t\n\n\t<div id=\"text-1501460809\" class=\"text\">\n\t\t\n\n<p>Genie\u00dfen Sie einen Tag Kajakfahren in Almer\u00eda in einer sicheren und unschlagbaren Umgebung innerhalb der Einrichtungen des Lunar Cable Park.<\/p>\n\t\t\n<style>\n#text-1501460809 {\n  color: rgb(255,255,255);\n}\n#text-1501460809 > * {\n  color: rgb(255,255,255);\n}\n<\/style>\n\t<\/div>\n\t\n\n\t\t<\/div>\n\t\t\t\t\n<style>\n#col-538671934 > .col-inner {\n  padding: 0 0px 0px 0px;\n}\n@media (min-width:550px) {\n  #col-538671934 > .col-inner {\n    padding: 95px 0px 0px 0px;\n  }\n}\n<\/style>\n\t<\/div>\n\n\t\n\n<\/div>\n<div class=\"row\" style=\"max-width:1400px\" id=\"row-1034540711\">\n\n\n\t<div id=\"col-1424281417\" class=\"col small-12 large-12\"  >\n\t\t\t\t<div class=\"col-inner\"  >\n\t\t\t\n\t\t\t\n\n<div class=\"is-divider divider clearfix\" style=\"max-width:100%;height:2px;background-color:rgba(255, 255, 255, 0.37);\"><\/div>\n\n\n\t\t<\/div>\n\t\t\t\t\n<style>\n#col-1424281417 > .col-inner {\n  padding: 50px 0px 0px 0px;\n}\n@media (min-width:550px) {\n  #col-1424281417 > .col-inner {\n    padding: 60px 0px 0px 0px;\n  }\n}\n@media (min-width:850px) {\n  #col-1424281417 > .col-inner {\n    padding: 100px 0px 0px 0px;\n  }\n}\n<\/style>\n\t<\/div>\n\n\t\n\n<\/div>\n<div class=\"row align-middle align-center\" style=\"max-width:1400px\" id=\"row-1549894387\">\n\n\n\t<div id=\"col-184798931\" class=\"col medium-8 small-12 large-8\"  >\n\t\t\t\t<div class=\"col-inner text-center\"  >\n\t\t\t\n\t\t\t\n\n\t<div id=\"gap-1481752837\" class=\"gap-element clearfix\" style=\"display:block; height:auto;\">\n\t\t\n<style>\n#gap-1481752837 {\n  padding-top: 40px;\n}\n@media (min-width:550px) {\n  #gap-1481752837 {\n    padding-top: 50px;\n  }\n}\n@media (min-width:850px) {\n  #gap-1481752837 {\n    padding-top: 100px;\n  }\n}\n<\/style>\n\t<\/div>\n\t\n\n\t<div id=\"text-2115996050\" class=\"text\">\n\t\t\n\n<h4 style=\"font-weight: 300;\"><span style=\"font-size: 150%;\">Sowohl f\u00fcr Anf\u00e4nger als auch f\u00fcr Experten, kommen Sie und genie\u00dfen Sie in Gesellschaft Ihrer Freunde oder Familie alles, was Sie brauchen, um diesen Sport auszu\u00fcben.<\/span><\/h4>\n\t\t\n<style>\n#text-2115996050 {\n  color: rgb(255,255,255);\n}\n#text-2115996050 > * {\n  color: rgb(255,255,255);\n}\n<\/style>\n\t<\/div>\n\t\n\n\t\t<\/div>\n\t\t\t\t\t<\/div>\n\n\t\n\n<\/div>\n\n\t\t<\/div>\n\n\t\t\n<style>\n#section_74358457 {\n  padding-top: 121px;\n  padding-bottom: 121px;\n  min-height: 0px;\n  background-color: rgb(0,0,0);\n}\n<\/style>\n\t<\/section>\n\t\n\t<section class=\"section\" id=\"section_1298392116\">\n\t\t<div class=\"bg section-bg fill bg-fill  bg-loaded\" >\n\n\t\t\t\n\t\t\t\n\t\t\t\n\n\t\t<\/div>\n\n\t\t\n\n\t\t<div class=\"section-content relative\">\n\t\t\t\n\n\t<div id=\"gap-796467712\" class=\"gap-element clearfix\" style=\"display:block; height:auto;\">\n\t\t\n<style>\n#gap-796467712 {\n  padding-top: 50px;\n}\n@media (min-width:550px) {\n  #gap-796467712 {\n    padding-top: 60px;\n  }\n}\n@media (min-width:850px) {\n  #gap-796467712 {\n    padding-top: 130px;\n  }\n}\n<\/style>\n\t<\/div>\n\t\n\n<div class=\"row row-large align-middle\" style=\"max-width:1400px\" id=\"row-1577180910\">\n\n\n\t<div id=\"col-1469373016\" class=\"col medium-12 small-12 large-6\"  >\n\t\t\t\t<div class=\"col-inner text-center\"  >\n\t\t\t\n\t\t\t\n\n\n  <div class=\"banner has-hover\" id=\"banner-522226908\">\n          <div class=\"banner-inner fill\">\n        <div class=\"banner-bg fill\" >\n            <div class=\"bg fill bg-fill \"><\/div>\n                                    \n                    <\/div>\n\t\t\n        <div class=\"banner-layers container\">\n            <div class=\"fill banner-link\"><\/div>            \n\n\n        <\/div>\n      <\/div>\n\n            \n<style>\n#banner-522226908 {\n  padding-top: 56.25%;\n  background-color: rgb(0,0,0);\n}\n#banner-522226908 .bg.bg-loaded {\n  background-image: url(https:\/\/lunarcablepark.com\/wp-content\/uploads\/2022\/07\/Copy-of-Copy-of-IMG_1249.jpg);\n}\n@media (min-width:850px) {\n  #banner-522226908 {\n    padding-top: 99.99%;\n  }\n}\n<\/style>\n  <\/div>\n\n\n\n\t\t<\/div>\n\t\t\t\t\t<\/div>\n\n\t\n\n\t<div id=\"col-1163868005\" class=\"col medium-11 small-12 large-5\"  >\n\t\t\t\t<div class=\"col-inner text-left\"  >\n\t\t\t\n\t\t\t\n\n\t<div id=\"text-3626923211\" class=\"text\">\n\t\t\n\n<h2 style=\"font-weight: 300;\">Tauchen Sie ein in das Abenteuer<\/h2>\n\t\t\n<style>\n#text-3626923211 {\n  font-size: 1.5rem;\n  color: rgb(0,0,0);\n}\n#text-3626923211 > * {\n  color: rgb(0,0,0);\n}\n<\/style>\n\t<\/div>\n\t\n\t<div id=\"gap-583046163\" class=\"gap-element clearfix\" style=\"display:block; height:auto;\">\n\t\t\n<style>\n#gap-583046163 {\n  padding-top: 15px;\n}\n<\/style>\n\t<\/div>\n\t\n\n\t<div id=\"text-761615462\" class=\"text\">\n\t\t\n\n<p style=\"text-align: justify;\">Kajaks sind eine Vielzahl von Kanus, die ein oder zwei Besatzungsmitglieder haben k\u00f6nnen. In diesem kleinen Boot m\u00fcssen Sie sich mit den Rudern fortbewegen und Sie werden die Brise und die sportliche Atmosph\u00e4re des Lunar Cable Park genie\u00dfen.<\/p>\n<p style=\"text-align: justify;\">Diese Aktivit\u00e4t beinhaltet Kajak, Paddel und Schwimmwesten.<\/p>\n\t\t\n<style>\n#text-761615462 {\n  color: rgb(0,0,0);\n}\n#text-761615462 > * {\n  color: rgb(0,0,0);\n}\n<\/style>\n\t<\/div>\n\t\n<a href=\"https:\/\/lunarcablepark.com\/de\/preise\/\" target=\"_self\" class=\"button primary is-underline\"  >\n    <span>Preise ansehen<\/span>\n  <i class=\"icon-angle-right\" aria-hidden=\"true\" ><\/i><\/a>\n\n\n\n\t\t<\/div>\n\t\t\t\t\t<\/div>\n\n\t\n\n<\/div>\n\t<div id=\"gap-2032477938\" class=\"gap-element clearfix\" style=\"display:block; height:auto;\">\n\t\t\n<style>\n#gap-2032477938 {\n  padding-top: 30px;\n}\n@media (min-width:550px) {\n  #gap-2032477938 {\n    padding-top: 30px;\n  }\n}\n@media (min-width:850px) {\n  #gap-2032477938 {\n    padding-top: 100px;\n  }\n}\n<\/style>\n\t<\/div>\n\t\n\n\n\t\t<\/div>\n\n\t\t\n<style>\n#section_1298392116 {\n  padding-top: 30px;\n  padding-bottom: 30px;\n  background-color: rgb(255,255,255);\n}\n<\/style>\n\t<\/section>\n\t\n\n","protected":false},"excerpt":{"rendered":"","protected":false},"author":1,"featured_media":0,"parent":0,"menu_order":0,"comment_status":"closed","ping_status":"closed","template":"page-blank.php","meta":[],"yoast_head":"<!-- This site is optimized with the Yoast SEO plugin v21.7 - https:\/\/yoast.com\/wordpress\/plugins\/seo\/ -->\n<title>Kayak - Lunar Cable Park<\/title>\n<meta name=\"robots\" content=\"index, follow, max-snippet:-1, max-image-preview:large, max-video-preview:-1\" \/>\n<link rel=\"canonical\" href=\"https:\/\/lunarcablepark.com\/kayak\/\" \/>\n<meta property=\"og:locale\" content=\"de_DE\" \/>\n<meta property=\"og:type\" content=\"article\" \/>\n<meta property=\"og:title\" content=\"Kayak - Lunar Cable Park\" \/>\n<meta property=\"og:url\" content=\"https:\/\/lunarcablepark.com\/kayak\/\" \/>\n<meta property=\"og:site_name\" content=\"Lunar Cable Park\" \/>\n<meta property=\"article:modified_time\" content=\"2022-09-16T11:38:20+00:00\" \/>\n<meta name=\"twitter:card\" content=\"summary_large_image\" \/>\n<meta name=\"twitter:label1\" content=\"Gesch\u00e4tzte Lesezeit\" \/>\n\t<meta name=\"twitter:data1\" content=\"3\u00a0Minuten\" \/>\n<script type=\"application\/ld+json\" class=\"yoast-schema-graph\">{\"@context\":\"https:\/\/schema.org\",\"@graph\":[{\"@type\":\"WebPage\",\"@id\":\"https:\/\/lunarcablepark.com\/kayak\/\",\"url\":\"https:\/\/lunarcablepark.com\/kayak\/\",\"name\":\"Kayak - Lunar Cable Park\",\"isPartOf\":{\"@id\":\"https:\/\/lunarcablepark.com\/#website\"},\"datePublished\":\"2022-07-05T16:20:10+00:00\",\"dateModified\":\"2022-09-16T11:38:20+00:00\",\"breadcrumb\":{\"@id\":\"https:\/\/lunarcablepark.com\/kayak\/#breadcrumb\"},\"inLanguage\":\"de\",\"potentialAction\":[{\"@type\":\"ReadAction\",\"target\":[\"https:\/\/lunarcablepark.com\/kayak\/\"]}]},{\"@type\":\"BreadcrumbList\",\"@id\":\"https:\/\/lunarcablepark.com\/kayak\/#breadcrumb\",\"itemListElement\":[{\"@type\":\"ListItem\",\"position\":1,\"name\":\"Portada\",\"item\":\"https:\/\/lunarcablepark.com\/\"},{\"@type\":\"ListItem\",\"position\":2,\"name\":\"Kayak\"}]},{\"@type\":\"WebSite\",\"@id\":\"https:\/\/lunarcablepark.com\/#website\",\"url\":\"https:\/\/lunarcablepark.com\/\",\"name\":\"Lunar Cable Park\",\"description\":\"Disfruta de las mejores instalaciones de Wakeboard en Espa\u00f1a\",\"potentialAction\":[{\"@type\":\"SearchAction\",\"target\":{\"@type\":\"EntryPoint\",\"urlTemplate\":\"https:\/\/lunarcablepark.com\/?s={search_term_string}\"},\"query-input\":\"required name=search_term_string\"}],\"inLanguage\":\"de\"}]}<\/script>\n<!-- \/ Yoast SEO plugin. -->","yoast_head_json":{"title":"Kayak - Lunar Cable Park","robots":{"index":"index","follow":"follow","max-snippet":"max-snippet:-1","max-image-preview":"max-image-preview:large","max-video-preview":"max-video-preview:-1"},"canonical":"https:\/\/lunarcablepark.com\/kayak\/","og_locale":"de_DE","og_type":"article","og_title":"Kayak - Lunar Cable Park","og_url":"https:\/\/lunarcablepark.com\/kayak\/","og_site_name":"Lunar Cable Park","article_modified_time":"2022-09-16T11:38:20+00:00","twitter_card":"summary_large_image","twitter_misc":{"Gesch\u00e4tzte Lesezeit":"3\u00a0Minuten"},"schema":{"@context":"https:\/\/schema.org","@graph":[{"@type":"WebPage","@id":"https:\/\/lunarcablepark.com\/kayak\/","url":"https:\/\/lunarcablepark.com\/kayak\/","name":"Kayak - Lunar Cable Park","isPartOf":{"@id":"https:\/\/lunarcablepark.com\/#website"},"datePublished":"2022-07-05T16:20:10+00:00","dateModified":"2022-09-16T11:38:20+00:00","breadcrumb":{"@id":"https:\/\/lunarcablepark.com\/kayak\/#breadcrumb"},"inLanguage":"de","potentialAction":[{"@type":"ReadAction","target":["https:\/\/lunarcablepark.com\/kayak\/"]}]},{"@type":"BreadcrumbList","@id":"https:\/\/lunarcablepark.com\/kayak\/#breadcrumb","itemListElement":[{"@type":"ListItem","position":1,"name":"Portada","item":"https:\/\/lunarcablepark.com\/"},{"@type":"ListItem","position":2,"name":"Kayak"}]},{"@type":"WebSite","@id":"https:\/\/lunarcablepark.com\/#website","url":"https:\/\/lunarcablepark.com\/","name":"Lunar Cable Park","description":"Disfruta de las mejores instalaciones de Wakeboard en Espa\u00f1a","potentialAction":[{"@type":"SearchAction","target":{"@type":"EntryPoint","urlTemplate":"https:\/\/lunarcablepark.com\/?s={search_term_string}"},"query-input":"required name=search_term_string"}],"inLanguage":"de"}]}},"_links":{"self":[{"href":"https:\/\/lunarcablepark.com\/de\/wp-json\/wp\/v2\/pages\/2095"}],"collection":[{"href":"https:\/\/lunarcablepark.com\/de\/wp-json\/wp\/v2\/pages"}],"about":[{"href":"https:\/\/lunarcablepark.com\/de\/wp-json\/wp\/v2\/types\/page"}],"author":[{"embeddable":true,"href":"https:\/\/lunarcablepark.com\/de\/wp-json\/wp\/v2\/users\/1"}],"replies":[{"embeddable":true,"href":"https:\/\/lunarcablepark.com\/de\/wp-json\/wp\/v2\/comments?post=2095"}],"version-history":[{"count":5,"href":"https:\/\/lunarcablepark.com\/de\/wp-json\/wp\/v2\/pages\/2095\/revisions"}],"predecessor-version":[{"id":2360,"href":"https:\/\/lunarcablepark.com\/de\/wp-json\/wp\/v2\/pages\/2095\/revisions\/2360"}],"wp:attachment":[{"href":"https:\/\/lunarcablepark.com\/de\/wp-json\/wp\/v2\/media?parent=2095"}],"curies":[{"name":"wp","href":"https:\/\/api.w.org\/{rel}","templated":true}]}}